{"id":8879,"date":"2023-11-18T13:51:10","date_gmt":"2023-11-18T13:51:10","guid":{"rendered":"https:\/\/oleumhistriae.com\/?post_type=product&#038;p=8879"},"modified":"2025-03-19T09:03:47","modified_gmt":"2025-03-19T09:03:47","slug":"istrian-olive-oil-for-salads","status":"publish","type":"product","link":"https:\/\/oleumhistriae.com\/en\/product\/istrian-olive-oil-for-salads\/","title":{"rendered":"Istra Olive Oil Selection II"},"content":{"rendered":"<p><strong>Best Istrian Olive Oils for Salads!<\/strong><\/p>\n<p>We present to you the finest and most delicate Istrian extra virgin olive oils for salads! These oils with fruity tones complement various fresh salads and vegetables, providing them with an added depth of flavor.<\/p>\n<p>Oleum viride Beli\u0107 &#8220;Maurino&#8221; offers a mild yet rich taste. Bembo &#8220;Punto\u017ea&#8221; is refreshingly characterful, while Perdisacca &#8220;Bu\u017ea&#8221; highlights the fruitiness of its flavor. Brist &#8220;Delicato&#8221; brings a balance of gentle bitterness and mild spiciness, whereas Meloto &#8220;\u017di\u017eolera&#8221; adds complexity and a slight piquancy to the taste.<\/p>\n<p>Indulge in the flavors of these Istrian oils that will enrich your holiday culinary creations!<\/p>\n<p>&nbsp;<\/p>\n","protected":false},"excerpt":{"rendered":"<p>Oleum Viride Beli\u0107 &#8211; Maurino 0,25L<br \/>\nBembo &#8211; Punto\u017ea 0,25L<br \/>\nPerdisacca &#8211; Bu\u017ea 0,25L<br \/>\nBrist &#8211; Delicato 0,25L<br \/>\nMeloto &#8211; \u017di\u017eolera 0,25L<\/p>\n","protected":false},"featured_media":8876,"template":"","meta":[],"product_brand":[],"product_cat":[201],"product_tag":[],"class_list":{"0":"post-8879","1":"product","2":"type-product","3":"status-publish","4":"has-post-thumbnail","6":"product_cat-extra-virgin-olive-oil","8":"first","9":"instock","10":"shipping-taxable","11":"purchasable","12":"product-type-simple"},"yoast_head":"<!-- This site is optimized with the Yoast SEO plugin v27.4 - https:\/\/yoast.com\/product\/yoast-seo-wordpress\/ -->\n<title>Istra Olive Oil Selection II- price and offer | Oleum Histriae<\/title>\n<meta name=\"description\" content=\"Enjoy top quality Istra Olive Oil Selection II. Learn more about the features and order on our webshop at the best prices!\" \/>\n<meta name=\"robots\" content=\"index, follow, max-snippet:-1, max-image-preview:large, max-video-preview:-1\" \/>\n<link rel=\"canonical\" href=\"https:\/\/oleumhistriae.com\/en\/product\/istrian-olive-oil-for-salads\/\" \/>\n<meta property=\"og:locale\" content=\"en_US\" \/>\n<meta property=\"og:type\" content=\"article\" \/>\n<meta property=\"og:title\" content=\"Istra Olive Oil Selection II- price and offer | Oleum Histriae\" \/>\n<meta property=\"og:description\" content=\"Enjoy top quality Istra Olive Oil Selection II. Learn more about the features and order on our webshop at the best prices!\" \/>\n<meta property=\"og:url\" content=\"https:\/\/oleumhistriae.com\/en\/product\/istrian-olive-oil-for-salads\/\" \/>\n<meta property=\"og:site_name\" content=\"Ku\u0107a istarskog maslinovog ulja \u2013 Museum Olei Histriae - Pula, Istra\" \/>\n<meta property=\"article:modified_time\" content=\"2025-03-19T09:03:47+00:00\" \/>\n<meta property=\"og:image\" content=\"https:\/\/oleumhistriae.com\/wp-content\/uploads\/2023\/11\/IMG_4943-zadnja-verzija-scaled.jpg\" \/>\n\t<meta property=\"og:image:width\" content=\"2113\" \/>\n\t<meta property=\"og:image:height\" content=\"2560\" \/>\n\t<meta property=\"og:image:type\" content=\"image\/jpeg\" \/>\n<meta name=\"twitter:card\" content=\"summary_large_image\" \/>\n<meta name=\"twitter:label1\" content=\"Est. reading time\" \/>\n\t<meta name=\"twitter:data1\" content=\"1 minute\" \/>\n<script type=\"application\/ld+json\" class=\"yoast-schema-graph\">{\"@context\":\"https:\\\/\\\/schema.org\",\"@graph\":[{\"@type\":\"WebPage\",\"@id\":\"https:\\\/\\\/oleumhistriae.com\\\/en\\\/product\\\/istrian-olive-oil-for-salads\\\/\",\"url\":\"https:\\\/\\\/oleumhistriae.com\\\/en\\\/product\\\/istrian-olive-oil-for-salads\\\/\",\"name\":\"Istra Olive Oil Selection II- price and offer | Oleum Histriae\",\"isPartOf\":{\"@id\":\"https:\\\/\\\/oleumhistriae.com\\\/en\\\/#website\"},\"primaryImageOfPage\":{\"@id\":\"https:\\\/\\\/oleumhistriae.com\\\/en\\\/product\\\/istrian-olive-oil-for-salads\\\/#primaryimage\"},\"image\":{\"@id\":\"https:\\\/\\\/oleumhistriae.com\\\/en\\\/product\\\/istrian-olive-oil-for-salads\\\/#primaryimage\"},\"thumbnailUrl\":\"https:\\\/\\\/oleumhistriae.com\\\/wp-content\\\/uploads\\\/2023\\\/11\\\/IMG_4943-zadnja-verzija-scaled.jpg\",\"datePublished\":\"2023-11-18T13:51:10+00:00\",\"dateModified\":\"2025-03-19T09:03:47+00:00\",\"description\":\"Enjoy top quality Istra Olive Oil Selection II. Learn more about the features and order on our webshop at the best prices!\",\"breadcrumb\":{\"@id\":\"https:\\\/\\\/oleumhistriae.com\\\/en\\\/product\\\/istrian-olive-oil-for-salads\\\/#breadcrumb\"},\"inLanguage\":\"en-US\",\"potentialAction\":[{\"@type\":\"ReadAction\",\"target\":[\"https:\\\/\\\/oleumhistriae.com\\\/en\\\/product\\\/istrian-olive-oil-for-salads\\\/\"]}]},{\"@type\":\"ImageObject\",\"inLanguage\":\"en-US\",\"@id\":\"https:\\\/\\\/oleumhistriae.com\\\/en\\\/product\\\/istrian-olive-oil-for-salads\\\/#primaryimage\",\"url\":\"https:\\\/\\\/oleumhistriae.com\\\/wp-content\\\/uploads\\\/2023\\\/11\\\/IMG_4943-zadnja-verzija-scaled.jpg\",\"contentUrl\":\"https:\\\/\\\/oleumhistriae.com\\\/wp-content\\\/uploads\\\/2023\\\/11\\\/IMG_4943-zadnja-verzija-scaled.jpg\",\"width\":2113,\"height\":2560,\"caption\":\"Istra Olive Oil for Salads\"},{\"@type\":\"BreadcrumbList\",\"@id\":\"https:\\\/\\\/oleumhistriae.com\\\/en\\\/product\\\/istrian-olive-oil-for-salads\\\/#breadcrumb\",\"itemListElement\":[{\"@type\":\"ListItem\",\"position\":1,\"name\":\"Home\",\"item\":\"https:\\\/\\\/oleumhistriae.com\\\/en\\\/\"},{\"@type\":\"ListItem\",\"position\":2,\"name\":\"Shop\",\"item\":\"https:\\\/\\\/oleumhistriae.com\\\/en\\\/shop\\\/\"},{\"@type\":\"ListItem\",\"position\":3,\"name\":\"Istra Olive Oil Selection II\"}]},{\"@type\":\"WebSite\",\"@id\":\"https:\\\/\\\/oleumhistriae.com\\\/en\\\/#website\",\"url\":\"https:\\\/\\\/oleumhistriae.com\\\/en\\\/\",\"name\":\"Museum Olei Histriae - Pula, Istra\",\"description\":\"Ku\u0107a istarskog maslinovog ulja \u2013 istarska ekstra djevi\u010danska maslinova ulja - degustacija i prodaja. Muzej maslinarstva \u2013 povijest i sada\u0161njost maslinarstva\",\"potentialAction\":[{\"@type\":\"SearchAction\",\"target\":{\"@type\":\"EntryPoint\",\"urlTemplate\":\"https:\\\/\\\/oleumhistriae.com\\\/en\\\/?s={search_term_string}\"},\"query-input\":{\"@type\":\"PropertyValueSpecification\",\"valueRequired\":true,\"valueName\":\"search_term_string\"}}],\"inLanguage\":\"en-US\"}]}<\/script>\n<!-- \/ Yoast SEO plugin. -->","yoast_head_json":{"title":"Istra Olive Oil Selection II- price and offer | Oleum Histriae","description":"Enjoy top quality Istra Olive Oil Selection II. Learn more about the features and order on our webshop at the best prices!","robots":{"index":"index","follow":"follow","max-snippet":"max-snippet:-1","max-image-preview":"max-image-preview:large","max-video-preview":"max-video-preview:-1"},"canonical":"https:\/\/oleumhistriae.com\/en\/product\/istrian-olive-oil-for-salads\/","og_locale":"en_US","og_type":"article","og_title":"Istra Olive Oil Selection II- price and offer | Oleum Histriae","og_description":"Enjoy top quality Istra Olive Oil Selection II. Learn more about the features and order on our webshop at the best prices!","og_url":"https:\/\/oleumhistriae.com\/en\/product\/istrian-olive-oil-for-salads\/","og_site_name":"Ku\u0107a istarskog maslinovog ulja \u2013 Museum Olei Histriae - Pula, Istra","article_modified_time":"2025-03-19T09:03:47+00:00","og_image":[{"width":2113,"height":2560,"url":"https:\/\/oleumhistriae.com\/wp-content\/uploads\/2023\/11\/IMG_4943-zadnja-verzija-scaled.jpg","type":"image\/jpeg"}],"twitter_card":"summary_large_image","twitter_misc":{"Est. reading time":"1 minute"},"schema":{"@context":"https:\/\/schema.org","@graph":[{"@type":"WebPage","@id":"https:\/\/oleumhistriae.com\/en\/product\/istrian-olive-oil-for-salads\/","url":"https:\/\/oleumhistriae.com\/en\/product\/istrian-olive-oil-for-salads\/","name":"Istra Olive Oil Selection II- price and offer | Oleum Histriae","isPartOf":{"@id":"https:\/\/oleumhistriae.com\/en\/#website"},"primaryImageOfPage":{"@id":"https:\/\/oleumhistriae.com\/en\/product\/istrian-olive-oil-for-salads\/#primaryimage"},"image":{"@id":"https:\/\/oleumhistriae.com\/en\/product\/istrian-olive-oil-for-salads\/#primaryimage"},"thumbnailUrl":"https:\/\/oleumhistriae.com\/wp-content\/uploads\/2023\/11\/IMG_4943-zadnja-verzija-scaled.jpg","datePublished":"2023-11-18T13:51:10+00:00","dateModified":"2025-03-19T09:03:47+00:00","description":"Enjoy top quality Istra Olive Oil Selection II. Learn more about the features and order on our webshop at the best prices!","breadcrumb":{"@id":"https:\/\/oleumhistriae.com\/en\/product\/istrian-olive-oil-for-salads\/#breadcrumb"},"inLanguage":"en-US","potentialAction":[{"@type":"ReadAction","target":["https:\/\/oleumhistriae.com\/en\/product\/istrian-olive-oil-for-salads\/"]}]},{"@type":"ImageObject","inLanguage":"en-US","@id":"https:\/\/oleumhistriae.com\/en\/product\/istrian-olive-oil-for-salads\/#primaryimage","url":"https:\/\/oleumhistriae.com\/wp-content\/uploads\/2023\/11\/IMG_4943-zadnja-verzija-scaled.jpg","contentUrl":"https:\/\/oleumhistriae.com\/wp-content\/uploads\/2023\/11\/IMG_4943-zadnja-verzija-scaled.jpg","width":2113,"height":2560,"caption":"Istra Olive Oil for Salads"},{"@type":"BreadcrumbList","@id":"https:\/\/oleumhistriae.com\/en\/product\/istrian-olive-oil-for-salads\/#breadcrumb","itemListElement":[{"@type":"ListItem","position":1,"name":"Home","item":"https:\/\/oleumhistriae.com\/en\/"},{"@type":"ListItem","position":2,"name":"Shop","item":"https:\/\/oleumhistriae.com\/en\/shop\/"},{"@type":"ListItem","position":3,"name":"Istra Olive Oil Selection II"}]},{"@type":"WebSite","@id":"https:\/\/oleumhistriae.com\/en\/#website","url":"https:\/\/oleumhistriae.com\/en\/","name":"Museum Olei Histriae - Pula, Istra","description":"Ku\u0107a istarskog maslinovog ulja \u2013 istarska ekstra djevi\u010danska maslinova ulja - degustacija i prodaja. Muzej maslinarstva \u2013 povijest i sada\u0161njost maslinarstva","potentialAction":[{"@type":"SearchAction","target":{"@type":"EntryPoint","urlTemplate":"https:\/\/oleumhistriae.com\/en\/?s={search_term_string}"},"query-input":{"@type":"PropertyValueSpecification","valueRequired":true,"valueName":"search_term_string"}}],"inLanguage":"en-US"}]}},"_links":{"self":[{"href":"https:\/\/oleumhistriae.com\/en\/wp-json\/wp\/v2\/product\/8879","targetHints":{"allow":["GET"]}}],"collection":[{"href":"https:\/\/oleumhistriae.com\/en\/wp-json\/wp\/v2\/product"}],"about":[{"href":"https:\/\/oleumhistriae.com\/en\/wp-json\/wp\/v2\/types\/product"}],"wp:featuredmedia":[{"embeddable":true,"href":"https:\/\/oleumhistriae.com\/en\/wp-json\/wp\/v2\/media\/8876"}],"wp:attachment":[{"href":"https:\/\/oleumhistriae.com\/en\/wp-json\/wp\/v2\/media?parent=8879"}],"wp:term":[{"taxonomy":"product_brand","embeddable":true,"href":"https:\/\/oleumhistriae.com\/en\/wp-json\/wp\/v2\/product_brand?post=8879"},{"taxonomy":"product_cat","embeddable":true,"href":"https:\/\/oleumhistriae.com\/en\/wp-json\/wp\/v2\/product_cat?post=8879"},{"taxonomy":"product_tag","embeddable":true,"href":"https:\/\/oleumhistriae.com\/en\/wp-json\/wp\/v2\/product_tag?post=8879"}],"curies":[{"name":"wp","href":"https:\/\/api.w.org\/{rel}","templated":true}]}}