{"id":5261,"date":"2023-03-13T13:06:43","date_gmt":"2023-03-13T13:06:43","guid":{"rendered":"https:\/\/oleumhistriae.com\/proizvod\/oleum-viride-istarska-bjelica-05l\/"},"modified":"2024-03-20T22:23:47","modified_gmt":"2024-03-20T22:23:47","slug":"oleum-viride-istarska-bjelica-05l","status":"publish","type":"product","link":"https:\/\/oleumhistriae.com\/en\/product\/oleum-viride-istarska-bjelica-05l\/","title":{"rendered":"Oleum Viride olive oil &#8211; Istarska bjelica 0,5L"},"content":{"rendered":"<p><strong>OLEUM VIRIDE BELI\u0106<\/strong><\/p>\n<p>Olives belonging to the Beli\u0107 family grow and ripen from the olive groves in the surroundings of Fa\u017eana, Peroj and Gali\u017eana. The family respects all the strict agronomic and technological rules for the cultivation, harvesting and processing of olives, thus offering a high quality olive oil in the form of a recognizable product Oleum Viride. Numerous awards (gold medal at the International Olive Oil Competition in Japan 2013) testify to the quality of this oil. Oleum Viride Extra Virgine Oil is offered in elegant black bottles with eye-catching labels in a variety of colors. Each color represents a type of olive oil. The family received the Reddot Design Award in 2009 for their packaging design.<\/p>\n<p><img loading=\"lazy\" decoding=\"async\" class=\"alignright wp-image-858\" src=\"https:\/\/oleumhistriae.com\/wp-content\/uploads\/2018\/03\/OLEUM_VIRIDE_BELIC\u03013-300x200.png\" alt=\"\" width=\"445\" height=\"297\" \/><\/p>\n<p><img loading=\"lazy\" decoding=\"async\" class=\"alignnone wp-image-857\" src=\"https:\/\/oleumhistriae.com\/wp-content\/uploads\/2018\/03\/OLEUM_VIRIDE_BELIC\u03012-300x200.jpg\" alt=\"\" width=\"445\" height=\"297\" \/><\/p>\n<p><img loading=\"lazy\" decoding=\"async\" class=\"alignnone wp-image-856\" src=\"https:\/\/oleumhistriae.com\/wp-content\/uploads\/2018\/03\/OLEUM_VIRIDE_BELIC\u0301-300x200.jpg\" alt=\"\" width=\"445\" height=\"297\" \/><\/p>\n","protected":false},"excerpt":{"rendered":"<p>Istarska bjelica is one of the most popular autochthonous Istrian varieties, characterized by its scent of freshly cut grass, the taste of green olives, almonds, wild asparagus and radicchio, and with a strong bitterness and moderate pungency. The Beli\u0107 family recommends, among other things, to pair it with chocolate ice cream or mousse, a dark chocolate or hazelnut cake in which the bitterness of the oil paired with the taste of chocolate creates a magical bitter-sweet combination.<\/p>\n<p>Competitions:<br \/>\n2012-2018 \u2013 Flos Olei<\/p>\n","protected":false},"featured_media":4226,"template":"","meta":[],"product_brand":[],"product_cat":[200,201,212,222],"product_tag":[],"class_list":{"0":"post-5261","1":"product","2":"type-product","3":"status-publish","4":"has-post-thumbnail","6":"product_cat-brend-en","7":"product_cat-extra-virgin-olive-oil","8":"product_cat-istarska-bjelica","9":"product_cat-oleum-viride-belic","10":"pa_jacina-5-en","12":"first","13":"instock","14":"shipping-taxable","15":"purchasable","16":"product-type-simple"},"yoast_head":"<!-- This site is optimized with the Yoast SEO plugin v27.5 - https:\/\/yoast.com\/product\/yoast-seo-wordpress\/ -->\n<title>Oleum Viride olive oil - Istarska bjelica 0,5L- price and offer | Oleum Histriae<\/title>\n<meta name=\"description\" content=\"Enjoy premium quality Oleum Viride olive oil - Istarska bjelica 0,5L. Learn more about its features and order from our webshop at the best prices!\" \/>\n<meta name=\"robots\" content=\"index, follow, max-snippet:-1, max-image-preview:large, max-video-preview:-1\" \/>\n<link rel=\"canonical\" href=\"https:\/\/oleumhistriae.com\/en\/product\/oleum-viride-istarska-bjelica-05l\/\" \/>\n<meta property=\"og:locale\" content=\"en_US\" \/>\n<meta property=\"og:type\" content=\"article\" \/>\n<meta property=\"og:title\" content=\"Oleum Viride olive oil - Istarska bjelica 0,5L- price and offer | Oleum Histriae\" \/>\n<meta property=\"og:description\" content=\"Enjoy premium quality Oleum Viride olive oil - Istarska bjelica 0,5L. Learn more about its features and order from our webshop at the best prices!\" \/>\n<meta property=\"og:url\" content=\"https:\/\/oleumhistriae.com\/en\/product\/oleum-viride-istarska-bjelica-05l\/\" \/>\n<meta property=\"og:site_name\" content=\"Ku\u0107a istarskog maslinovog ulja \u2013 Museum Olei Histriae - Pula, Istra\" \/>\n<meta property=\"article:modified_time\" content=\"2024-03-20T22:23:47+00:00\" \/>\n<meta property=\"og:image\" content=\"https:\/\/oleumhistriae.com\/wp-content\/uploads\/2023\/03\/BELIC_ISTARSKA_BJELICA.jpg\" \/>\n\t<meta property=\"og:image:width\" content=\"1200\" \/>\n\t<meta property=\"og:image:height\" content=\"1200\" \/>\n\t<meta property=\"og:image:type\" content=\"image\/jpeg\" \/>\n<meta name=\"twitter:card\" content=\"summary_large_image\" \/>\n<meta name=\"twitter:label1\" content=\"Est. reading time\" \/>\n\t<meta name=\"twitter:data1\" content=\"2 minutes\" \/>\n<script type=\"application\/ld+json\" class=\"yoast-schema-graph\">{\"@context\":\"https:\\\/\\\/schema.org\",\"@graph\":[{\"@type\":\"WebPage\",\"@id\":\"https:\\\/\\\/oleumhistriae.com\\\/en\\\/product\\\/oleum-viride-istarska-bjelica-05l\\\/\",\"url\":\"https:\\\/\\\/oleumhistriae.com\\\/en\\\/product\\\/oleum-viride-istarska-bjelica-05l\\\/\",\"name\":\"Oleum Viride olive oil - Istarska bjelica 0,5L- price and offer | Oleum Histriae\",\"isPartOf\":{\"@id\":\"https:\\\/\\\/oleumhistriae.com\\\/en\\\/#website\"},\"primaryImageOfPage\":{\"@id\":\"https:\\\/\\\/oleumhistriae.com\\\/en\\\/product\\\/oleum-viride-istarska-bjelica-05l\\\/#primaryimage\"},\"image\":{\"@id\":\"https:\\\/\\\/oleumhistriae.com\\\/en\\\/product\\\/oleum-viride-istarska-bjelica-05l\\\/#primaryimage\"},\"thumbnailUrl\":\"https:\\\/\\\/oleumhistriae.com\\\/wp-content\\\/uploads\\\/2023\\\/03\\\/BELIC_ISTARSKA_BJELICA.jpg\",\"datePublished\":\"2023-03-13T13:06:43+00:00\",\"dateModified\":\"2024-03-20T22:23:47+00:00\",\"description\":\"Enjoy premium quality Oleum Viride olive oil - Istarska bjelica 0,5L. Learn more about its features and order from our webshop at the best prices!\",\"breadcrumb\":{\"@id\":\"https:\\\/\\\/oleumhistriae.com\\\/en\\\/product\\\/oleum-viride-istarska-bjelica-05l\\\/#breadcrumb\"},\"inLanguage\":\"en-US\",\"potentialAction\":[{\"@type\":\"ReadAction\",\"target\":[\"https:\\\/\\\/oleumhistriae.com\\\/en\\\/product\\\/oleum-viride-istarska-bjelica-05l\\\/\"]}]},{\"@type\":\"ImageObject\",\"inLanguage\":\"en-US\",\"@id\":\"https:\\\/\\\/oleumhistriae.com\\\/en\\\/product\\\/oleum-viride-istarska-bjelica-05l\\\/#primaryimage\",\"url\":\"https:\\\/\\\/oleumhistriae.com\\\/wp-content\\\/uploads\\\/2023\\\/03\\\/BELIC_ISTARSKA_BJELICA.jpg\",\"contentUrl\":\"https:\\\/\\\/oleumhistriae.com\\\/wp-content\\\/uploads\\\/2023\\\/03\\\/BELIC_ISTARSKA_BJELICA.jpg\",\"width\":1200,\"height\":1200},{\"@type\":\"BreadcrumbList\",\"@id\":\"https:\\\/\\\/oleumhistriae.com\\\/en\\\/product\\\/oleum-viride-istarska-bjelica-05l\\\/#breadcrumb\",\"itemListElement\":[{\"@type\":\"ListItem\",\"position\":1,\"name\":\"Home\",\"item\":\"https:\\\/\\\/oleumhistriae.com\\\/en\\\/\"},{\"@type\":\"ListItem\",\"position\":2,\"name\":\"Shop\",\"item\":\"https:\\\/\\\/oleumhistriae.com\\\/en\\\/shop\\\/\"},{\"@type\":\"ListItem\",\"position\":3,\"name\":\"Oleum Viride olive oil &#8211; Istarska bjelica 0,5L\"}]},{\"@type\":\"WebSite\",\"@id\":\"https:\\\/\\\/oleumhistriae.com\\\/en\\\/#website\",\"url\":\"https:\\\/\\\/oleumhistriae.com\\\/en\\\/\",\"name\":\"Museum Olei Histriae - Pula, Istra\",\"description\":\"Ku\u0107a istarskog maslinovog ulja \u2013 istarska ekstra djevi\u010danska maslinova ulja - degustacija i prodaja. Muzej maslinarstva \u2013 povijest i sada\u0161njost maslinarstva\",\"potentialAction\":[{\"@type\":\"SearchAction\",\"target\":{\"@type\":\"EntryPoint\",\"urlTemplate\":\"https:\\\/\\\/oleumhistriae.com\\\/en\\\/?s={search_term_string}\"},\"query-input\":{\"@type\":\"PropertyValueSpecification\",\"valueRequired\":true,\"valueName\":\"search_term_string\"}}],\"inLanguage\":\"en-US\"}]}<\/script>\n<!-- \/ Yoast SEO plugin. -->","yoast_head_json":{"title":"Oleum Viride olive oil - Istarska bjelica 0,5L- price and offer | Oleum Histriae","description":"Enjoy premium quality Oleum Viride olive oil - Istarska bjelica 0,5L. Learn more about its features and order from our webshop at the best prices!","robots":{"index":"index","follow":"follow","max-snippet":"max-snippet:-1","max-image-preview":"max-image-preview:large","max-video-preview":"max-video-preview:-1"},"canonical":"https:\/\/oleumhistriae.com\/en\/product\/oleum-viride-istarska-bjelica-05l\/","og_locale":"en_US","og_type":"article","og_title":"Oleum Viride olive oil - Istarska bjelica 0,5L- price and offer | Oleum Histriae","og_description":"Enjoy premium quality Oleum Viride olive oil - Istarska bjelica 0,5L. Learn more about its features and order from our webshop at the best prices!","og_url":"https:\/\/oleumhistriae.com\/en\/product\/oleum-viride-istarska-bjelica-05l\/","og_site_name":"Ku\u0107a istarskog maslinovog ulja \u2013 Museum Olei Histriae - Pula, Istra","article_modified_time":"2024-03-20T22:23:47+00:00","og_image":[{"width":1200,"height":1200,"url":"https:\/\/oleumhistriae.com\/wp-content\/uploads\/2023\/03\/BELIC_ISTARSKA_BJELICA.jpg","type":"image\/jpeg"}],"twitter_card":"summary_large_image","twitter_misc":{"Est. reading time":"2 minutes"},"schema":{"@context":"https:\/\/schema.org","@graph":[{"@type":"WebPage","@id":"https:\/\/oleumhistriae.com\/en\/product\/oleum-viride-istarska-bjelica-05l\/","url":"https:\/\/oleumhistriae.com\/en\/product\/oleum-viride-istarska-bjelica-05l\/","name":"Oleum Viride olive oil - Istarska bjelica 0,5L- price and offer | Oleum Histriae","isPartOf":{"@id":"https:\/\/oleumhistriae.com\/en\/#website"},"primaryImageOfPage":{"@id":"https:\/\/oleumhistriae.com\/en\/product\/oleum-viride-istarska-bjelica-05l\/#primaryimage"},"image":{"@id":"https:\/\/oleumhistriae.com\/en\/product\/oleum-viride-istarska-bjelica-05l\/#primaryimage"},"thumbnailUrl":"https:\/\/oleumhistriae.com\/wp-content\/uploads\/2023\/03\/BELIC_ISTARSKA_BJELICA.jpg","datePublished":"2023-03-13T13:06:43+00:00","dateModified":"2024-03-20T22:23:47+00:00","description":"Enjoy premium quality Oleum Viride olive oil - Istarska bjelica 0,5L. Learn more about its features and order from our webshop at the best prices!","breadcrumb":{"@id":"https:\/\/oleumhistriae.com\/en\/product\/oleum-viride-istarska-bjelica-05l\/#breadcrumb"},"inLanguage":"en-US","potentialAction":[{"@type":"ReadAction","target":["https:\/\/oleumhistriae.com\/en\/product\/oleum-viride-istarska-bjelica-05l\/"]}]},{"@type":"ImageObject","inLanguage":"en-US","@id":"https:\/\/oleumhistriae.com\/en\/product\/oleum-viride-istarska-bjelica-05l\/#primaryimage","url":"https:\/\/oleumhistriae.com\/wp-content\/uploads\/2023\/03\/BELIC_ISTARSKA_BJELICA.jpg","contentUrl":"https:\/\/oleumhistriae.com\/wp-content\/uploads\/2023\/03\/BELIC_ISTARSKA_BJELICA.jpg","width":1200,"height":1200},{"@type":"BreadcrumbList","@id":"https:\/\/oleumhistriae.com\/en\/product\/oleum-viride-istarska-bjelica-05l\/#breadcrumb","itemListElement":[{"@type":"ListItem","position":1,"name":"Home","item":"https:\/\/oleumhistriae.com\/en\/"},{"@type":"ListItem","position":2,"name":"Shop","item":"https:\/\/oleumhistriae.com\/en\/shop\/"},{"@type":"ListItem","position":3,"name":"Oleum Viride olive oil &#8211; Istarska bjelica 0,5L"}]},{"@type":"WebSite","@id":"https:\/\/oleumhistriae.com\/en\/#website","url":"https:\/\/oleumhistriae.com\/en\/","name":"Museum Olei Histriae - Pula, Istra","description":"Ku\u0107a istarskog maslinovog ulja \u2013 istarska ekstra djevi\u010danska maslinova ulja - degustacija i prodaja. Muzej maslinarstva \u2013 povijest i sada\u0161njost maslinarstva","potentialAction":[{"@type":"SearchAction","target":{"@type":"EntryPoint","urlTemplate":"https:\/\/oleumhistriae.com\/en\/?s={search_term_string}"},"query-input":{"@type":"PropertyValueSpecification","valueRequired":true,"valueName":"search_term_string"}}],"inLanguage":"en-US"}]}},"_links":{"self":[{"href":"https:\/\/oleumhistriae.com\/en\/wp-json\/wp\/v2\/product\/5261","targetHints":{"allow":["GET"]}}],"collection":[{"href":"https:\/\/oleumhistriae.com\/en\/wp-json\/wp\/v2\/product"}],"about":[{"href":"https:\/\/oleumhistriae.com\/en\/wp-json\/wp\/v2\/types\/product"}],"wp:featuredmedia":[{"embeddable":true,"href":"https:\/\/oleumhistriae.com\/en\/wp-json\/wp\/v2\/media\/4226"}],"wp:attachment":[{"href":"https:\/\/oleumhistriae.com\/en\/wp-json\/wp\/v2\/media?parent=5261"}],"wp:term":[{"taxonomy":"product_brand","embeddable":true,"href":"https:\/\/oleumhistriae.com\/en\/wp-json\/wp\/v2\/product_brand?post=5261"},{"taxonomy":"product_cat","embeddable":true,"href":"https:\/\/oleumhistriae.com\/en\/wp-json\/wp\/v2\/product_cat?post=5261"},{"taxonomy":"product_tag","embeddable":true,"href":"https:\/\/oleumhistriae.com\/en\/wp-json\/wp\/v2\/product_tag?post=5261"}],"curies":[{"name":"wp","href":"https:\/\/api.w.org\/{rel}","templated":true}]}}