{"id":5249,"date":"2023-03-13T13:06:44","date_gmt":"2023-03-13T13:06:44","guid":{"rendered":"https:\/\/oleumhistriae.com\/proizvod\/vosten-blend-05l\/"},"modified":"2024-03-20T22:22:54","modified_gmt":"2024-03-20T22:22:54","slug":"vosten-blend-05l","status":"publish","type":"product","link":"https:\/\/oleumhistriae.com\/en\/product\/vosten-blend-05l\/","title":{"rendered":"Vo\u0161ten olive oil &#8211; Blend 0,5L"},"content":{"rendered":"<p><strong>VO\u0160TEN<\/strong><\/p>\n<p>In small village St. Lovre\u010d on western of Istria is situated olive grove owned by family Vo\u0161ten. The olive grove counts 700 olive trees. Family Vo\u0161ten takes care for their olive grove through generations with commitment and love. However, they embraced modern process of production to make olive oil of excellent quality which recognised famous olive oil guide \u201eFlos Olei\u201cwhere this oil found its place 9 years in row.<\/p>\n<p><img loading=\"lazy\" decoding=\"async\" class=\"wp-image-880 size-full alignnone\" src=\"https:\/\/oleumhistriae.com\/wp-content\/uploads\/2018\/03\/vos\u030cten1.jpg\" alt=\"\" width=\"454\" height=\"341\" \/><\/p>\n<p><img loading=\"lazy\" decoding=\"async\" class=\"alignnone wp-image-881\" src=\"https:\/\/oleumhistriae.com\/wp-content\/uploads\/2018\/03\/vos\u030cten2-224x300.jpg\" alt=\"\" width=\"445\" height=\"596\" \/><\/p>\n<p><img loading=\"lazy\" decoding=\"async\" class=\"alignnone wp-image-882\" src=\"https:\/\/oleumhistriae.com\/wp-content\/uploads\/2018\/03\/vos\u030cten3-300x226.jpg\" alt=\"\" width=\"445\" height=\"335\" \/><\/p>\n","protected":false},"excerpt":{"rendered":"<p>Vo\u0161ten extra virgin olive oil is a blend made of five varieties: bu\u017ea, istarska bjelica, leccino, pendolino and frantoio. This olive oil is characterised by a pleasant fruity aroma of sugar melons. It is slightly bitter and mildly pungent in the taste. Due to its complex aroma it can be paired with all kinds of meals but the best combination is with traditional Istrian dishes.<\/p>\n","protected":false},"featured_media":4236,"template":"","meta":[],"product_brand":[],"product_cat":[199,200,201,347],"product_tag":[],"class_list":{"0":"post-5249","1":"product","2":"type-product","3":"status-publish","4":"has-post-thumbnail","6":"product_cat-blend-sorta-en","7":"product_cat-brend-en","8":"product_cat-extra-virgin-olive-oil","9":"product_cat-vosten-en","10":"pa_jacina-1-en","12":"first","13":"instock","14":"shipping-taxable","15":"purchasable","16":"product-type-simple"},"yoast_head":"<!-- This site is optimized with the Yoast SEO plugin v27.4 - https:\/\/yoast.com\/product\/yoast-seo-wordpress\/ -->\n<title>Vo\u0161ten olive oil - Blend 0,5L- price and offer | Oleum Histriae<\/title>\n<meta name=\"description\" content=\"Enjoy premium quality Vo\u0161ten olive oil - Blend 0,5L. Learn more about its features and order from our webshop at the best prices!\" \/>\n<meta name=\"robots\" content=\"index, follow, max-snippet:-1, max-image-preview:large, max-video-preview:-1\" \/>\n<link rel=\"canonical\" href=\"https:\/\/oleumhistriae.com\/en\/product\/vosten-blend-05l\/\" \/>\n<meta property=\"og:locale\" content=\"en_US\" \/>\n<meta property=\"og:type\" content=\"article\" \/>\n<meta property=\"og:title\" content=\"Vo\u0161ten olive oil - Blend 0,5L- price and offer | Oleum Histriae\" \/>\n<meta property=\"og:description\" content=\"Enjoy premium quality Vo\u0161ten olive oil - Blend 0,5L. Learn more about its features and order from our webshop at the best prices!\" \/>\n<meta property=\"og:url\" content=\"https:\/\/oleumhistriae.com\/en\/product\/vosten-blend-05l\/\" \/>\n<meta property=\"og:site_name\" content=\"Ku\u0107a istarskog maslinovog ulja \u2013 Museum Olei Histriae - Pula, Istra\" \/>\n<meta property=\"article:modified_time\" content=\"2024-03-20T22:22:54+00:00\" \/>\n<meta property=\"og:image\" content=\"https:\/\/oleumhistriae.com\/wp-content\/uploads\/2023\/03\/VOSTEN_PREMIUM_0_5.jpg\" \/>\n\t<meta property=\"og:image:width\" content=\"1200\" \/>\n\t<meta property=\"og:image:height\" content=\"1200\" \/>\n\t<meta property=\"og:image:type\" content=\"image\/jpeg\" \/>\n<meta name=\"twitter:card\" content=\"summary_large_image\" \/>\n<meta name=\"twitter:label1\" content=\"Est. reading time\" \/>\n\t<meta name=\"twitter:data1\" content=\"1 minute\" \/>\n<script type=\"application\/ld+json\" class=\"yoast-schema-graph\">{\"@context\":\"https:\\\/\\\/schema.org\",\"@graph\":[{\"@type\":\"WebPage\",\"@id\":\"https:\\\/\\\/oleumhistriae.com\\\/en\\\/product\\\/vosten-blend-05l\\\/\",\"url\":\"https:\\\/\\\/oleumhistriae.com\\\/en\\\/product\\\/vosten-blend-05l\\\/\",\"name\":\"Vo\u0161ten olive oil - Blend 0,5L- price and offer | Oleum Histriae\",\"isPartOf\":{\"@id\":\"https:\\\/\\\/oleumhistriae.com\\\/en\\\/#website\"},\"primaryImageOfPage\":{\"@id\":\"https:\\\/\\\/oleumhistriae.com\\\/en\\\/product\\\/vosten-blend-05l\\\/#primaryimage\"},\"image\":{\"@id\":\"https:\\\/\\\/oleumhistriae.com\\\/en\\\/product\\\/vosten-blend-05l\\\/#primaryimage\"},\"thumbnailUrl\":\"https:\\\/\\\/oleumhistriae.com\\\/wp-content\\\/uploads\\\/2023\\\/03\\\/VOSTEN_PREMIUM_0_5.jpg\",\"datePublished\":\"2023-03-13T13:06:44+00:00\",\"dateModified\":\"2024-03-20T22:22:54+00:00\",\"description\":\"Enjoy premium quality Vo\u0161ten olive oil - Blend 0,5L. Learn more about its features and order from our webshop at the best prices!\",\"breadcrumb\":{\"@id\":\"https:\\\/\\\/oleumhistriae.com\\\/en\\\/product\\\/vosten-blend-05l\\\/#breadcrumb\"},\"inLanguage\":\"en-US\",\"potentialAction\":[{\"@type\":\"ReadAction\",\"target\":[\"https:\\\/\\\/oleumhistriae.com\\\/en\\\/product\\\/vosten-blend-05l\\\/\"]}]},{\"@type\":\"ImageObject\",\"inLanguage\":\"en-US\",\"@id\":\"https:\\\/\\\/oleumhistriae.com\\\/en\\\/product\\\/vosten-blend-05l\\\/#primaryimage\",\"url\":\"https:\\\/\\\/oleumhistriae.com\\\/wp-content\\\/uploads\\\/2023\\\/03\\\/VOSTEN_PREMIUM_0_5.jpg\",\"contentUrl\":\"https:\\\/\\\/oleumhistriae.com\\\/wp-content\\\/uploads\\\/2023\\\/03\\\/VOSTEN_PREMIUM_0_5.jpg\",\"width\":1200,\"height\":1200},{\"@type\":\"BreadcrumbList\",\"@id\":\"https:\\\/\\\/oleumhistriae.com\\\/en\\\/product\\\/vosten-blend-05l\\\/#breadcrumb\",\"itemListElement\":[{\"@type\":\"ListItem\",\"position\":1,\"name\":\"Home\",\"item\":\"https:\\\/\\\/oleumhistriae.com\\\/en\\\/\"},{\"@type\":\"ListItem\",\"position\":2,\"name\":\"Shop\",\"item\":\"https:\\\/\\\/oleumhistriae.com\\\/en\\\/shop\\\/\"},{\"@type\":\"ListItem\",\"position\":3,\"name\":\"Vo\u0161ten olive oil &#8211; Blend 0,5L\"}]},{\"@type\":\"WebSite\",\"@id\":\"https:\\\/\\\/oleumhistriae.com\\\/en\\\/#website\",\"url\":\"https:\\\/\\\/oleumhistriae.com\\\/en\\\/\",\"name\":\"Museum Olei Histriae - Pula, Istra\",\"description\":\"Ku\u0107a istarskog maslinovog ulja \u2013 istarska ekstra djevi\u010danska maslinova ulja - degustacija i prodaja. Muzej maslinarstva \u2013 povijest i sada\u0161njost maslinarstva\",\"potentialAction\":[{\"@type\":\"SearchAction\",\"target\":{\"@type\":\"EntryPoint\",\"urlTemplate\":\"https:\\\/\\\/oleumhistriae.com\\\/en\\\/?s={search_term_string}\"},\"query-input\":{\"@type\":\"PropertyValueSpecification\",\"valueRequired\":true,\"valueName\":\"search_term_string\"}}],\"inLanguage\":\"en-US\"}]}<\/script>\n<!-- \/ Yoast SEO plugin. -->","yoast_head_json":{"title":"Vo\u0161ten olive oil - Blend 0,5L- price and offer | Oleum Histriae","description":"Enjoy premium quality Vo\u0161ten olive oil - Blend 0,5L. Learn more about its features and order from our webshop at the best prices!","robots":{"index":"index","follow":"follow","max-snippet":"max-snippet:-1","max-image-preview":"max-image-preview:large","max-video-preview":"max-video-preview:-1"},"canonical":"https:\/\/oleumhistriae.com\/en\/product\/vosten-blend-05l\/","og_locale":"en_US","og_type":"article","og_title":"Vo\u0161ten olive oil - Blend 0,5L- price and offer | Oleum Histriae","og_description":"Enjoy premium quality Vo\u0161ten olive oil - Blend 0,5L. Learn more about its features and order from our webshop at the best prices!","og_url":"https:\/\/oleumhistriae.com\/en\/product\/vosten-blend-05l\/","og_site_name":"Ku\u0107a istarskog maslinovog ulja \u2013 Museum Olei Histriae - Pula, Istra","article_modified_time":"2024-03-20T22:22:54+00:00","og_image":[{"width":1200,"height":1200,"url":"https:\/\/oleumhistriae.com\/wp-content\/uploads\/2023\/03\/VOSTEN_PREMIUM_0_5.jpg","type":"image\/jpeg"}],"twitter_card":"summary_large_image","twitter_misc":{"Est. reading time":"1 minute"},"schema":{"@context":"https:\/\/schema.org","@graph":[{"@type":"WebPage","@id":"https:\/\/oleumhistriae.com\/en\/product\/vosten-blend-05l\/","url":"https:\/\/oleumhistriae.com\/en\/product\/vosten-blend-05l\/","name":"Vo\u0161ten olive oil - Blend 0,5L- price and offer | Oleum Histriae","isPartOf":{"@id":"https:\/\/oleumhistriae.com\/en\/#website"},"primaryImageOfPage":{"@id":"https:\/\/oleumhistriae.com\/en\/product\/vosten-blend-05l\/#primaryimage"},"image":{"@id":"https:\/\/oleumhistriae.com\/en\/product\/vosten-blend-05l\/#primaryimage"},"thumbnailUrl":"https:\/\/oleumhistriae.com\/wp-content\/uploads\/2023\/03\/VOSTEN_PREMIUM_0_5.jpg","datePublished":"2023-03-13T13:06:44+00:00","dateModified":"2024-03-20T22:22:54+00:00","description":"Enjoy premium quality Vo\u0161ten olive oil - Blend 0,5L. Learn more about its features and order from our webshop at the best prices!","breadcrumb":{"@id":"https:\/\/oleumhistriae.com\/en\/product\/vosten-blend-05l\/#breadcrumb"},"inLanguage":"en-US","potentialAction":[{"@type":"ReadAction","target":["https:\/\/oleumhistriae.com\/en\/product\/vosten-blend-05l\/"]}]},{"@type":"ImageObject","inLanguage":"en-US","@id":"https:\/\/oleumhistriae.com\/en\/product\/vosten-blend-05l\/#primaryimage","url":"https:\/\/oleumhistriae.com\/wp-content\/uploads\/2023\/03\/VOSTEN_PREMIUM_0_5.jpg","contentUrl":"https:\/\/oleumhistriae.com\/wp-content\/uploads\/2023\/03\/VOSTEN_PREMIUM_0_5.jpg","width":1200,"height":1200},{"@type":"BreadcrumbList","@id":"https:\/\/oleumhistriae.com\/en\/product\/vosten-blend-05l\/#breadcrumb","itemListElement":[{"@type":"ListItem","position":1,"name":"Home","item":"https:\/\/oleumhistriae.com\/en\/"},{"@type":"ListItem","position":2,"name":"Shop","item":"https:\/\/oleumhistriae.com\/en\/shop\/"},{"@type":"ListItem","position":3,"name":"Vo\u0161ten olive oil &#8211; Blend 0,5L"}]},{"@type":"WebSite","@id":"https:\/\/oleumhistriae.com\/en\/#website","url":"https:\/\/oleumhistriae.com\/en\/","name":"Museum Olei Histriae - Pula, Istra","description":"Ku\u0107a istarskog maslinovog ulja \u2013 istarska ekstra djevi\u010danska maslinova ulja - degustacija i prodaja. Muzej maslinarstva \u2013 povijest i sada\u0161njost maslinarstva","potentialAction":[{"@type":"SearchAction","target":{"@type":"EntryPoint","urlTemplate":"https:\/\/oleumhistriae.com\/en\/?s={search_term_string}"},"query-input":{"@type":"PropertyValueSpecification","valueRequired":true,"valueName":"search_term_string"}}],"inLanguage":"en-US"}]}},"_links":{"self":[{"href":"https:\/\/oleumhistriae.com\/en\/wp-json\/wp\/v2\/product\/5249","targetHints":{"allow":["GET"]}}],"collection":[{"href":"https:\/\/oleumhistriae.com\/en\/wp-json\/wp\/v2\/product"}],"about":[{"href":"https:\/\/oleumhistriae.com\/en\/wp-json\/wp\/v2\/types\/product"}],"wp:featuredmedia":[{"embeddable":true,"href":"https:\/\/oleumhistriae.com\/en\/wp-json\/wp\/v2\/media\/4236"}],"wp:attachment":[{"href":"https:\/\/oleumhistriae.com\/en\/wp-json\/wp\/v2\/media?parent=5249"}],"wp:term":[{"taxonomy":"product_brand","embeddable":true,"href":"https:\/\/oleumhistriae.com\/en\/wp-json\/wp\/v2\/product_brand?post=5249"},{"taxonomy":"product_cat","embeddable":true,"href":"https:\/\/oleumhistriae.com\/en\/wp-json\/wp\/v2\/product_cat?post=5249"},{"taxonomy":"product_tag","embeddable":true,"href":"https:\/\/oleumhistriae.com\/en\/wp-json\/wp\/v2\/product_tag?post=5249"}],"curies":[{"name":"wp","href":"https:\/\/api.w.org\/{rel}","templated":true}]}}