{"id":5046,"date":"2023-03-13T13:07:28","date_gmt":"2023-03-13T13:07:28","guid":{"rendered":"https:\/\/oleumhistriae.com\/proizvod\/damjanic-clemente\/"},"modified":"2023-04-21T10:15:35","modified_gmt":"2023-04-21T10:15:35","slug":"damjanic-clemente","status":"publish","type":"product","link":"https:\/\/oleumhistriae.com\/en\/product\/damjanic-clemente\/","title":{"rendered":"Damjani\u0107 &#8211; Clemente"},"content":{"rendered":"<p><strong>DAMJANI\u0106<\/strong><\/p>\n<p>The story begins in the early 18th century when the Jurkovi\u0107 family began to plant vineyards in the Fu\u0161kulin area near Pore\u010d. Until the end of World War II, the family cultivated 30 ha of agricultural land, 20 of which was for vineyard.<\/p>\n<p>After a 50-year break, at the beginning of the new millennium, the descendants, more specifically the Damjani\u0107 family, began re-planting vineyards on the same fertile land.<\/p>\n<p>After 15 years of hard work, the Damjani\u0107 family has 10.5 ha of vineyards and a modernly equipped cellar, where the young enologist Ivan Damjani\u0107 applies the acquired knowledge and love of winemaking.<\/p>\n<p>Highlighting the best quality, the Damjani\u0107 family uses the most modern technology in wine production and the results can be visible by the medals won at domestic and international competitions \u2013 wine exhibitions.<\/p>\n<p>&nbsp;<\/p>\n<p>&nbsp;<\/p>\n","protected":false},"excerpt":{"rendered":"<p><strong>Type:<\/strong> red wine\u00a0<strong>Varietal Composition:<\/strong> Merlot 60 %, Cabernet sauvignon 20 %, Teran 10% and Borgonja 10 % <strong>Maturation<\/strong> Aging in 225 \u2013 1000 l 100% oak wooden barrels for 24 months, 6 months in stainless steel tanks, and then in a bottle for 12 \u2013 14 months. <strong>ABV:<\/strong> 13,2 &#8211; 14,5 vol %\u00a0 <strong>Serving temperature:<\/strong> 14 &#8211; 16 \u00b0C\u00a0 <strong>Aging potential:<\/strong> 10 years and older.<\/p>\n<p><strong>Food pairing:<\/strong> With all kinds of steaks and other juicy red meat, various tagliate, meat specialities, venison in spicy sauces, ripe cheeses, and dark cinnamon chocolate.<\/p>\n<p>Deep, very dark ruby red color with purple reflections. Elegantly entwined with fresh fruit aromas of cherry, currant, blueberry, plum jam and cherry liqueur. The scent is long lasting and layered, full of forest fruits, with a subtle note of herbs and the smell of black pepper. The combined subtlety and freshness promote a rich taste in the mouth, roundness, fullness, warmth and softness.<\/p>\n","protected":false},"featured_media":4344,"template":"","meta":[],"product_brand":[],"product_cat":[205],"product_tag":[],"class_list":{"0":"post-5046","1":"product","2":"type-product","3":"status-publish","4":"has-post-thumbnail","6":"product_cat-vina-en","7":"pa_vina-damjanic-en","9":"first","10":"instock","11":"shipping-taxable","12":"purchasable","13":"product-type-simple"},"yoast_head":"<!-- This site is optimized with the Yoast SEO plugin v27.4 - https:\/\/yoast.com\/product\/yoast-seo-wordpress\/ -->\n<title>Damjani\u0107 - Clemente- price and offer | Oleum Histriae<\/title>\n<meta name=\"description\" content=\"Enjoy premium quality Damjani\u0107 - Clemente. Learn more about its features and order from our webshop at the best prices!\" \/>\n<meta name=\"robots\" content=\"index, follow, max-snippet:-1, max-image-preview:large, max-video-preview:-1\" \/>\n<link rel=\"canonical\" href=\"https:\/\/oleumhistriae.com\/en\/product\/damjanic-clemente\/\" \/>\n<meta property=\"og:locale\" content=\"en_US\" \/>\n<meta property=\"og:type\" content=\"article\" \/>\n<meta property=\"og:title\" content=\"Damjani\u0107 - Clemente- price and offer | Oleum Histriae\" \/>\n<meta property=\"og:description\" content=\"Enjoy premium quality Damjani\u0107 - Clemente. Learn more about its features and order from our webshop at the best prices!\" \/>\n<meta property=\"og:url\" content=\"https:\/\/oleumhistriae.com\/en\/product\/damjanic-clemente\/\" \/>\n<meta property=\"og:site_name\" content=\"Ku\u0107a istarskog maslinovog ulja \u2013 Museum Olei Histriae - Pula, Istra\" \/>\n<meta property=\"article:modified_time\" content=\"2023-04-21T10:15:35+00:00\" \/>\n<meta property=\"og:image\" content=\"https:\/\/oleumhistriae.com\/wp-content\/uploads\/2023\/03\/damjanic-crno-scaled.jpg\" \/>\n\t<meta property=\"og:image:width\" content=\"2560\" \/>\n\t<meta property=\"og:image:height\" content=\"2560\" \/>\n\t<meta property=\"og:image:type\" content=\"image\/jpeg\" \/>\n<meta name=\"twitter:card\" content=\"summary_large_image\" \/>\n<meta name=\"twitter:label1\" content=\"Est. reading time\" \/>\n\t<meta name=\"twitter:data1\" content=\"1 minute\" \/>\n<script type=\"application\/ld+json\" class=\"yoast-schema-graph\">{\"@context\":\"https:\\\/\\\/schema.org\",\"@graph\":[{\"@type\":\"WebPage\",\"@id\":\"https:\\\/\\\/oleumhistriae.com\\\/en\\\/product\\\/damjanic-clemente\\\/\",\"url\":\"https:\\\/\\\/oleumhistriae.com\\\/en\\\/product\\\/damjanic-clemente\\\/\",\"name\":\"Damjani\u0107 - Clemente- price and offer | Oleum Histriae\",\"isPartOf\":{\"@id\":\"https:\\\/\\\/oleumhistriae.com\\\/en\\\/#website\"},\"primaryImageOfPage\":{\"@id\":\"https:\\\/\\\/oleumhistriae.com\\\/en\\\/product\\\/damjanic-clemente\\\/#primaryimage\"},\"image\":{\"@id\":\"https:\\\/\\\/oleumhistriae.com\\\/en\\\/product\\\/damjanic-clemente\\\/#primaryimage\"},\"thumbnailUrl\":\"https:\\\/\\\/oleumhistriae.com\\\/wp-content\\\/uploads\\\/2023\\\/03\\\/damjanic-crno-scaled.jpg\",\"datePublished\":\"2023-03-13T13:07:28+00:00\",\"dateModified\":\"2023-04-21T10:15:35+00:00\",\"description\":\"Enjoy premium quality Damjani\u0107 - Clemente. Learn more about its features and order from our webshop at the best prices!\",\"breadcrumb\":{\"@id\":\"https:\\\/\\\/oleumhistriae.com\\\/en\\\/product\\\/damjanic-clemente\\\/#breadcrumb\"},\"inLanguage\":\"en-US\",\"potentialAction\":[{\"@type\":\"ReadAction\",\"target\":[\"https:\\\/\\\/oleumhistriae.com\\\/en\\\/product\\\/damjanic-clemente\\\/\"]}]},{\"@type\":\"ImageObject\",\"inLanguage\":\"en-US\",\"@id\":\"https:\\\/\\\/oleumhistriae.com\\\/en\\\/product\\\/damjanic-clemente\\\/#primaryimage\",\"url\":\"https:\\\/\\\/oleumhistriae.com\\\/wp-content\\\/uploads\\\/2023\\\/03\\\/damjanic-crno-scaled.jpg\",\"contentUrl\":\"https:\\\/\\\/oleumhistriae.com\\\/wp-content\\\/uploads\\\/2023\\\/03\\\/damjanic-crno-scaled.jpg\",\"width\":2560,\"height\":2560},{\"@type\":\"BreadcrumbList\",\"@id\":\"https:\\\/\\\/oleumhistriae.com\\\/en\\\/product\\\/damjanic-clemente\\\/#breadcrumb\",\"itemListElement\":[{\"@type\":\"ListItem\",\"position\":1,\"name\":\"Home\",\"item\":\"https:\\\/\\\/oleumhistriae.com\\\/en\\\/\"},{\"@type\":\"ListItem\",\"position\":2,\"name\":\"Shop\",\"item\":\"https:\\\/\\\/oleumhistriae.com\\\/en\\\/shop\\\/\"},{\"@type\":\"ListItem\",\"position\":3,\"name\":\"Damjani\u0107 &#8211; Clemente\"}]},{\"@type\":\"WebSite\",\"@id\":\"https:\\\/\\\/oleumhistriae.com\\\/en\\\/#website\",\"url\":\"https:\\\/\\\/oleumhistriae.com\\\/en\\\/\",\"name\":\"Museum Olei Histriae - Pula, Istra\",\"description\":\"Ku\u0107a istarskog maslinovog ulja \u2013 istarska ekstra djevi\u010danska maslinova ulja - degustacija i prodaja. Muzej maslinarstva \u2013 povijest i sada\u0161njost maslinarstva\",\"potentialAction\":[{\"@type\":\"SearchAction\",\"target\":{\"@type\":\"EntryPoint\",\"urlTemplate\":\"https:\\\/\\\/oleumhistriae.com\\\/en\\\/?s={search_term_string}\"},\"query-input\":{\"@type\":\"PropertyValueSpecification\",\"valueRequired\":true,\"valueName\":\"search_term_string\"}}],\"inLanguage\":\"en-US\"}]}<\/script>\n<!-- \/ Yoast SEO plugin. -->","yoast_head_json":{"title":"Damjani\u0107 - Clemente- price and offer | Oleum Histriae","description":"Enjoy premium quality Damjani\u0107 - Clemente. Learn more about its features and order from our webshop at the best prices!","robots":{"index":"index","follow":"follow","max-snippet":"max-snippet:-1","max-image-preview":"max-image-preview:large","max-video-preview":"max-video-preview:-1"},"canonical":"https:\/\/oleumhistriae.com\/en\/product\/damjanic-clemente\/","og_locale":"en_US","og_type":"article","og_title":"Damjani\u0107 - Clemente- price and offer | Oleum Histriae","og_description":"Enjoy premium quality Damjani\u0107 - Clemente. Learn more about its features and order from our webshop at the best prices!","og_url":"https:\/\/oleumhistriae.com\/en\/product\/damjanic-clemente\/","og_site_name":"Ku\u0107a istarskog maslinovog ulja \u2013 Museum Olei Histriae - Pula, Istra","article_modified_time":"2023-04-21T10:15:35+00:00","og_image":[{"width":2560,"height":2560,"url":"https:\/\/oleumhistriae.com\/wp-content\/uploads\/2023\/03\/damjanic-crno-scaled.jpg","type":"image\/jpeg"}],"twitter_card":"summary_large_image","twitter_misc":{"Est. reading time":"1 minute"},"schema":{"@context":"https:\/\/schema.org","@graph":[{"@type":"WebPage","@id":"https:\/\/oleumhistriae.com\/en\/product\/damjanic-clemente\/","url":"https:\/\/oleumhistriae.com\/en\/product\/damjanic-clemente\/","name":"Damjani\u0107 - Clemente- price and offer | Oleum Histriae","isPartOf":{"@id":"https:\/\/oleumhistriae.com\/en\/#website"},"primaryImageOfPage":{"@id":"https:\/\/oleumhistriae.com\/en\/product\/damjanic-clemente\/#primaryimage"},"image":{"@id":"https:\/\/oleumhistriae.com\/en\/product\/damjanic-clemente\/#primaryimage"},"thumbnailUrl":"https:\/\/oleumhistriae.com\/wp-content\/uploads\/2023\/03\/damjanic-crno-scaled.jpg","datePublished":"2023-03-13T13:07:28+00:00","dateModified":"2023-04-21T10:15:35+00:00","description":"Enjoy premium quality Damjani\u0107 - Clemente. Learn more about its features and order from our webshop at the best prices!","breadcrumb":{"@id":"https:\/\/oleumhistriae.com\/en\/product\/damjanic-clemente\/#breadcrumb"},"inLanguage":"en-US","potentialAction":[{"@type":"ReadAction","target":["https:\/\/oleumhistriae.com\/en\/product\/damjanic-clemente\/"]}]},{"@type":"ImageObject","inLanguage":"en-US","@id":"https:\/\/oleumhistriae.com\/en\/product\/damjanic-clemente\/#primaryimage","url":"https:\/\/oleumhistriae.com\/wp-content\/uploads\/2023\/03\/damjanic-crno-scaled.jpg","contentUrl":"https:\/\/oleumhistriae.com\/wp-content\/uploads\/2023\/03\/damjanic-crno-scaled.jpg","width":2560,"height":2560},{"@type":"BreadcrumbList","@id":"https:\/\/oleumhistriae.com\/en\/product\/damjanic-clemente\/#breadcrumb","itemListElement":[{"@type":"ListItem","position":1,"name":"Home","item":"https:\/\/oleumhistriae.com\/en\/"},{"@type":"ListItem","position":2,"name":"Shop","item":"https:\/\/oleumhistriae.com\/en\/shop\/"},{"@type":"ListItem","position":3,"name":"Damjani\u0107 &#8211; Clemente"}]},{"@type":"WebSite","@id":"https:\/\/oleumhistriae.com\/en\/#website","url":"https:\/\/oleumhistriae.com\/en\/","name":"Museum Olei Histriae - Pula, Istra","description":"Ku\u0107a istarskog maslinovog ulja \u2013 istarska ekstra djevi\u010danska maslinova ulja - degustacija i prodaja. Muzej maslinarstva \u2013 povijest i sada\u0161njost maslinarstva","potentialAction":[{"@type":"SearchAction","target":{"@type":"EntryPoint","urlTemplate":"https:\/\/oleumhistriae.com\/en\/?s={search_term_string}"},"query-input":{"@type":"PropertyValueSpecification","valueRequired":true,"valueName":"search_term_string"}}],"inLanguage":"en-US"}]}},"_links":{"self":[{"href":"https:\/\/oleumhistriae.com\/en\/wp-json\/wp\/v2\/product\/5046","targetHints":{"allow":["GET"]}}],"collection":[{"href":"https:\/\/oleumhistriae.com\/en\/wp-json\/wp\/v2\/product"}],"about":[{"href":"https:\/\/oleumhistriae.com\/en\/wp-json\/wp\/v2\/types\/product"}],"wp:featuredmedia":[{"embeddable":true,"href":"https:\/\/oleumhistriae.com\/en\/wp-json\/wp\/v2\/media\/4344"}],"wp:attachment":[{"href":"https:\/\/oleumhistriae.com\/en\/wp-json\/wp\/v2\/media?parent=5046"}],"wp:term":[{"taxonomy":"product_brand","embeddable":true,"href":"https:\/\/oleumhistriae.com\/en\/wp-json\/wp\/v2\/product_brand?post=5046"},{"taxonomy":"product_cat","embeddable":true,"href":"https:\/\/oleumhistriae.com\/en\/wp-json\/wp\/v2\/product_cat?post=5046"},{"taxonomy":"product_tag","embeddable":true,"href":"https:\/\/oleumhistriae.com\/en\/wp-json\/wp\/v2\/product_tag?post=5046"}],"curies":[{"name":"wp","href":"https:\/\/api.w.org\/{rel}","templated":true}]}}