{"id":3787,"date":"2023-03-13T13:06:47","date_gmt":"2023-03-13T13:06:47","guid":{"rendered":"https:\/\/oleumhistriae.com\/?post_type=product&#038;p=3787"},"modified":"2025-11-21T09:12:11","modified_gmt":"2025-11-21T09:12:11","slug":"bembo-cuvee-blend-05l","status":"publish","type":"product","link":"https:\/\/oleumhistriae.com\/en\/proizvod\/bembo-cuvee-blend-05l\/","title":{"rendered":"Bembo maslinovo ulje &#8211; Cuvee blend 0,5L"},"content":{"rendered":"<p><strong>BEMBO<\/strong><\/p>\n<p>Obiteljsko poljoprivredno gospodarstvo obitelji Lupi\u0107 iz Bala zapo\u010delo je s maslinarstvom sa sadnjom prvog maslinika 2000. godine. Ideja obitelji bila je o\u017eivjeti tradiciju, pa su po\u010deli i sa obnavljanjem starih zapu\u0161tenih maslinika. Od tada pa do danas o\u010di\u0161\u0107eno je i stavljeno u funkciju 11 ha zemlji\u0161ta, od \u010dega je zasa\u0111eno 7 ha maslinika, odnosno\u00a01400 stabala maslina autohtonih sorti: bu\u017ea, punto\u017ea, ro\u017einjola, negrolina od kojih dobivaju vrhunska ulja. Visokoj kakvo\u0107i ekstra djevi\u010danskog maslinovog ulja svjedo\u010de i mnogobrojna priznanja ve\u0107 od prvih uroda, te je OPG Lupi\u0107 uvr\u0161ten u eno-gastro vodi\u010d kroz Istru\u00a0\u201cISTRA GOURMET\u201d,\u00a0kao i u vodi\u010d najboljih svjetskih ekstra djevi\u010danskih ulja poznatog Marca Oreggie\u00a0\u201cFLOS OLEI\u201d.<\/p>\n<p>Sudjelovanje na natjecanjima:<\/p>\n<p>2015- New York Interantional Olive Oil Competition- srebrna medalja<\/p>\n<p>2015- Olive Japan- srebrna medalja<\/p>\n<p><img loading=\"lazy\" decoding=\"async\" class=\"alignnone wp-image-950 size-full\" src=\"https:\/\/oleumhistriae.com\/wp-content\/uploads\/2018\/03\/bembo1.jpg\" alt=\"\" width=\"454\" height=\"374\" \/><\/p>\n<p><img loading=\"lazy\" decoding=\"async\" class=\"alignnone wp-image-951 size-full\" src=\"https:\/\/oleumhistriae.com\/wp-content\/uploads\/2018\/03\/bembo2.jpg\" alt=\"\" width=\"454\" height=\"341\" \/><\/p>\n","protected":false},"excerpt":{"rendered":"<p>Mje\u0161anjem razli\u010ditih sorti maslina poku\u0161alo se dobiti izbalansirano maslinovo ulje i u mirisu i u okusu. Miris je srednje intenzivan po poko\u0161enoj travi i plodu masline, a u okusu vlada balans srednje izra\u017eene gor\u010dine i pikantosti.<\/p>\n","protected":false},"featured_media":167,"template":"","meta":[],"product_brand":[],"product_cat":[85,78,70,69],"product_tag":[],"class_list":{"0":"post-3787","1":"product","2":"type-product","3":"status-publish","4":"has-post-thumbnail","6":"product_cat-bembo-brend","7":"product_cat-blend-sorta","8":"product_cat-brend","9":"product_cat-ekstra-djevicansko-maslinovo-ulje","10":"pa_jacina-94","12":"first","13":"instock","14":"shipping-taxable","15":"purchasable","16":"product-type-simple"},"yoast_head":"<!-- This site is optimized with the Yoast SEO plugin v27.4 - https:\/\/yoast.com\/product\/yoast-seo-wordpress\/ -->\n<title>Bembo maslinovo ulje - Cuvee blend 0,5L- price and offer | Oleum Histriae<\/title>\n<meta name=\"description\" content=\"Enjoy premium quality Bembo maslinovo ulje - Cuvee blend 0,5L. Learn more about its features and order from our webshop at the best prices!\" \/>\n<meta name=\"robots\" content=\"index, follow, max-snippet:-1, max-image-preview:large, max-video-preview:-1\" \/>\n<link rel=\"canonical\" href=\"https:\/\/oleumhistriae.com\/en\/proizvod\/bembo-cuvee-blend-05l\/\" \/>\n<meta property=\"og:locale\" content=\"en_US\" \/>\n<meta property=\"og:type\" content=\"article\" \/>\n<meta property=\"og:title\" content=\"Bembo maslinovo ulje - Cuvee blend 0,5L- price and offer | Oleum Histriae\" \/>\n<meta property=\"og:description\" content=\"Enjoy premium quality Bembo maslinovo ulje - Cuvee blend 0,5L. Learn more about its features and order from our webshop at the best prices!\" \/>\n<meta property=\"og:url\" content=\"https:\/\/oleumhistriae.com\/en\/proizvod\/bembo-cuvee-blend-05l\/\" \/>\n<meta property=\"og:site_name\" content=\"Ku\u0107a istarskog maslinovog ulja \u2013 Museum Olei Histriae - Pula, Istra\" \/>\n<meta property=\"article:modified_time\" content=\"2025-11-21T09:12:11+00:00\" \/>\n<meta property=\"og:image\" content=\"https:\/\/oleumhistriae.com\/wp-content\/uploads\/2023\/03\/BEMBO_CUVEE_0_5.jpg\" \/>\n\t<meta property=\"og:image:width\" content=\"1200\" \/>\n\t<meta property=\"og:image:height\" content=\"1200\" \/>\n\t<meta property=\"og:image:type\" content=\"image\/jpeg\" \/>\n<meta name=\"twitter:card\" content=\"summary_large_image\" \/>\n<meta name=\"twitter:label1\" content=\"Est. reading time\" \/>\n\t<meta name=\"twitter:data1\" content=\"2 minutes\" \/>\n<script type=\"application\/ld+json\" class=\"yoast-schema-graph\">{\"@context\":\"https:\\\/\\\/schema.org\",\"@graph\":[{\"@type\":\"WebPage\",\"@id\":\"https:\\\/\\\/oleumhistriae.com\\\/en\\\/proizvod\\\/bembo-cuvee-blend-05l\\\/\",\"url\":\"https:\\\/\\\/oleumhistriae.com\\\/en\\\/proizvod\\\/bembo-cuvee-blend-05l\\\/\",\"name\":\"Bembo maslinovo ulje - Cuvee blend 0,5L- price and offer | Oleum Histriae\",\"isPartOf\":{\"@id\":\"https:\\\/\\\/oleumhistriae.com\\\/en\\\/#website\"},\"primaryImageOfPage\":{\"@id\":\"https:\\\/\\\/oleumhistriae.com\\\/en\\\/proizvod\\\/bembo-cuvee-blend-05l\\\/#primaryimage\"},\"image\":{\"@id\":\"https:\\\/\\\/oleumhistriae.com\\\/en\\\/proizvod\\\/bembo-cuvee-blend-05l\\\/#primaryimage\"},\"thumbnailUrl\":\"https:\\\/\\\/oleumhistriae.com\\\/wp-content\\\/uploads\\\/2023\\\/03\\\/BEMBO_CUVEE_0_5.jpg\",\"datePublished\":\"2023-03-13T13:06:47+00:00\",\"dateModified\":\"2025-11-21T09:12:11+00:00\",\"description\":\"Enjoy premium quality Bembo maslinovo ulje - Cuvee blend 0,5L. Learn more about its features and order from our webshop at the best prices!\",\"breadcrumb\":{\"@id\":\"https:\\\/\\\/oleumhistriae.com\\\/en\\\/proizvod\\\/bembo-cuvee-blend-05l\\\/#breadcrumb\"},\"inLanguage\":\"en-US\",\"potentialAction\":[{\"@type\":\"ReadAction\",\"target\":[\"https:\\\/\\\/oleumhistriae.com\\\/en\\\/proizvod\\\/bembo-cuvee-blend-05l\\\/\"]}]},{\"@type\":\"ImageObject\",\"inLanguage\":\"en-US\",\"@id\":\"https:\\\/\\\/oleumhistriae.com\\\/en\\\/proizvod\\\/bembo-cuvee-blend-05l\\\/#primaryimage\",\"url\":\"https:\\\/\\\/oleumhistriae.com\\\/wp-content\\\/uploads\\\/2023\\\/03\\\/BEMBO_CUVEE_0_5.jpg\",\"contentUrl\":\"https:\\\/\\\/oleumhistriae.com\\\/wp-content\\\/uploads\\\/2023\\\/03\\\/BEMBO_CUVEE_0_5.jpg\",\"width\":1200,\"height\":1200},{\"@type\":\"BreadcrumbList\",\"@id\":\"https:\\\/\\\/oleumhistriae.com\\\/en\\\/proizvod\\\/bembo-cuvee-blend-05l\\\/#breadcrumb\",\"itemListElement\":[{\"@type\":\"ListItem\",\"position\":1,\"name\":\"Home\",\"item\":\"https:\\\/\\\/oleumhistriae.com\\\/en\\\/\"},{\"@type\":\"ListItem\",\"position\":2,\"name\":\"Shop\",\"item\":\"https:\\\/\\\/oleumhistriae.com\\\/en\\\/shop\\\/\"},{\"@type\":\"ListItem\",\"position\":3,\"name\":\"Bembo maslinovo ulje &#8211; Cuvee blend 0,5L\"}]},{\"@type\":\"WebSite\",\"@id\":\"https:\\\/\\\/oleumhistriae.com\\\/en\\\/#website\",\"url\":\"https:\\\/\\\/oleumhistriae.com\\\/en\\\/\",\"name\":\"Museum Olei Histriae - Pula, Istra\",\"description\":\"Ku\u0107a istarskog maslinovog ulja \u2013 istarska ekstra djevi\u010danska maslinova ulja - degustacija i prodaja. Muzej maslinarstva \u2013 povijest i sada\u0161njost maslinarstva\",\"potentialAction\":[{\"@type\":\"SearchAction\",\"target\":{\"@type\":\"EntryPoint\",\"urlTemplate\":\"https:\\\/\\\/oleumhistriae.com\\\/en\\\/?s={search_term_string}\"},\"query-input\":{\"@type\":\"PropertyValueSpecification\",\"valueRequired\":true,\"valueName\":\"search_term_string\"}}],\"inLanguage\":\"en-US\"}]}<\/script>\n<!-- \/ Yoast SEO plugin. -->","yoast_head_json":{"title":"Bembo maslinovo ulje - Cuvee blend 0,5L- price and offer | Oleum Histriae","description":"Enjoy premium quality Bembo maslinovo ulje - Cuvee blend 0,5L. Learn more about its features and order from our webshop at the best prices!","robots":{"index":"index","follow":"follow","max-snippet":"max-snippet:-1","max-image-preview":"max-image-preview:large","max-video-preview":"max-video-preview:-1"},"canonical":"https:\/\/oleumhistriae.com\/en\/proizvod\/bembo-cuvee-blend-05l\/","og_locale":"en_US","og_type":"article","og_title":"Bembo maslinovo ulje - Cuvee blend 0,5L- price and offer | Oleum Histriae","og_description":"Enjoy premium quality Bembo maslinovo ulje - Cuvee blend 0,5L. Learn more about its features and order from our webshop at the best prices!","og_url":"https:\/\/oleumhistriae.com\/en\/proizvod\/bembo-cuvee-blend-05l\/","og_site_name":"Ku\u0107a istarskog maslinovog ulja \u2013 Museum Olei Histriae - Pula, Istra","article_modified_time":"2025-11-21T09:12:11+00:00","og_image":[{"width":1200,"height":1200,"url":"https:\/\/oleumhistriae.com\/wp-content\/uploads\/2023\/03\/BEMBO_CUVEE_0_5.jpg","type":"image\/jpeg"}],"twitter_card":"summary_large_image","twitter_misc":{"Est. reading time":"2 minutes"},"schema":{"@context":"https:\/\/schema.org","@graph":[{"@type":"WebPage","@id":"https:\/\/oleumhistriae.com\/en\/proizvod\/bembo-cuvee-blend-05l\/","url":"https:\/\/oleumhistriae.com\/en\/proizvod\/bembo-cuvee-blend-05l\/","name":"Bembo maslinovo ulje - Cuvee blend 0,5L- price and offer | Oleum Histriae","isPartOf":{"@id":"https:\/\/oleumhistriae.com\/en\/#website"},"primaryImageOfPage":{"@id":"https:\/\/oleumhistriae.com\/en\/proizvod\/bembo-cuvee-blend-05l\/#primaryimage"},"image":{"@id":"https:\/\/oleumhistriae.com\/en\/proizvod\/bembo-cuvee-blend-05l\/#primaryimage"},"thumbnailUrl":"https:\/\/oleumhistriae.com\/wp-content\/uploads\/2023\/03\/BEMBO_CUVEE_0_5.jpg","datePublished":"2023-03-13T13:06:47+00:00","dateModified":"2025-11-21T09:12:11+00:00","description":"Enjoy premium quality Bembo maslinovo ulje - Cuvee blend 0,5L. Learn more about its features and order from our webshop at the best prices!","breadcrumb":{"@id":"https:\/\/oleumhistriae.com\/en\/proizvod\/bembo-cuvee-blend-05l\/#breadcrumb"},"inLanguage":"en-US","potentialAction":[{"@type":"ReadAction","target":["https:\/\/oleumhistriae.com\/en\/proizvod\/bembo-cuvee-blend-05l\/"]}]},{"@type":"ImageObject","inLanguage":"en-US","@id":"https:\/\/oleumhistriae.com\/en\/proizvod\/bembo-cuvee-blend-05l\/#primaryimage","url":"https:\/\/oleumhistriae.com\/wp-content\/uploads\/2023\/03\/BEMBO_CUVEE_0_5.jpg","contentUrl":"https:\/\/oleumhistriae.com\/wp-content\/uploads\/2023\/03\/BEMBO_CUVEE_0_5.jpg","width":1200,"height":1200},{"@type":"BreadcrumbList","@id":"https:\/\/oleumhistriae.com\/en\/proizvod\/bembo-cuvee-blend-05l\/#breadcrumb","itemListElement":[{"@type":"ListItem","position":1,"name":"Home","item":"https:\/\/oleumhistriae.com\/en\/"},{"@type":"ListItem","position":2,"name":"Shop","item":"https:\/\/oleumhistriae.com\/en\/shop\/"},{"@type":"ListItem","position":3,"name":"Bembo maslinovo ulje &#8211; Cuvee blend 0,5L"}]},{"@type":"WebSite","@id":"https:\/\/oleumhistriae.com\/en\/#website","url":"https:\/\/oleumhistriae.com\/en\/","name":"Museum Olei Histriae - Pula, Istra","description":"Ku\u0107a istarskog maslinovog ulja \u2013 istarska ekstra djevi\u010danska maslinova ulja - degustacija i prodaja. Muzej maslinarstva \u2013 povijest i sada\u0161njost maslinarstva","potentialAction":[{"@type":"SearchAction","target":{"@type":"EntryPoint","urlTemplate":"https:\/\/oleumhistriae.com\/en\/?s={search_term_string}"},"query-input":{"@type":"PropertyValueSpecification","valueRequired":true,"valueName":"search_term_string"}}],"inLanguage":"en-US"}]}},"_links":{"self":[{"href":"https:\/\/oleumhistriae.com\/en\/wp-json\/wp\/v2\/product\/3787","targetHints":{"allow":["GET"]}}],"collection":[{"href":"https:\/\/oleumhistriae.com\/en\/wp-json\/wp\/v2\/product"}],"about":[{"href":"https:\/\/oleumhistriae.com\/en\/wp-json\/wp\/v2\/types\/product"}],"wp:featuredmedia":[{"embeddable":true,"href":"https:\/\/oleumhistriae.com\/en\/wp-json\/wp\/v2\/media\/167"}],"wp:attachment":[{"href":"https:\/\/oleumhistriae.com\/en\/wp-json\/wp\/v2\/media?parent=3787"}],"wp:term":[{"taxonomy":"product_brand","embeddable":true,"href":"https:\/\/oleumhistriae.com\/en\/wp-json\/wp\/v2\/product_brand?post=3787"},{"taxonomy":"product_cat","embeddable":true,"href":"https:\/\/oleumhistriae.com\/en\/wp-json\/wp\/v2\/product_cat?post=3787"},{"taxonomy":"product_tag","embeddable":true,"href":"https:\/\/oleumhistriae.com\/en\/wp-json\/wp\/v2\/product_tag?post=3787"}],"curies":[{"name":"wp","href":"https:\/\/api.w.org\/{rel}","templated":true}]}}