{"id":10621,"date":"2024-06-28T13:28:06","date_gmt":"2024-06-28T13:28:06","guid":{"rendered":"https:\/\/oleumhistriae.com\/?post_type=product&#038;p=10621"},"modified":"2024-06-28T15:45:09","modified_gmt":"2024-06-28T15:45:09","slug":"meloto-zizzolera-05l","status":"publish","type":"product","link":"https:\/\/oleumhistriae.com\/en\/product\/meloto-zizzolera-05l\/","title":{"rendered":"Meloto olive oil &#8211; Zizzolera 0,5L"},"content":{"rendered":"<p><strong>MELOTO<\/strong><\/p>\n<p><span style=\"font-weight: 400;\">The Belci family from Vodnjan currently owns about 8 hectares of olive groves, producing top-quality extra virgin olive oils. They cultivate indigenous Istrian varieties such as Bu\u017ea, ro\u0161injola, Istrian bjelica, and the particularly interesting rare Istrian variety \u017ei\u017eolera. Numerous prestigious awards and recognitions testify to their exceptional quality. They are also listed among the world&#8217;s best extra virgin olive oils in the &#8220;Flos Olei&#8221; guide.<\/span><\/p>\n<p><img loading=\"lazy\" decoding=\"async\" class=\"alignnone size-full wp-image-2529\" src=\"https:\/\/oleumhistriae.com\/wp-content\/uploads\/2019\/09\/Meloto1.png\" alt=\"\" width=\"945\" height=\"320\" \/><img loading=\"lazy\" decoding=\"async\" class=\"alignnone wp-image-2528 size-full\" src=\"https:\/\/oleumhistriae.com\/wp-content\/uploads\/2019\/09\/Meloto2.png\" alt=\"\" width=\"945\" height=\"633\" \/><\/p>\n","protected":false},"excerpt":{"rendered":"<p>\u017di\u017eolera is an <span style=\"font-weight: 400;\">indigenous<\/span> olive variety originating from Istria, and the oil obtained from this variety is characterized by a pronounced olive aroma with a distinct spiciness in taste. It pairs excellently with various dishes due to its pronounced aroma, mild bitterness, and distinct spiciness, such as salads, fish, pasta, and risottos, as well as for final seasoning of dishes.<\/p>\n","protected":false},"featured_media":4290,"template":"","meta":[],"product_brand":[],"product_cat":[200,201,346,414],"product_tag":[],"class_list":{"0":"post-10621","1":"product","2":"type-product","3":"status-publish","4":"has-post-thumbnail","6":"product_cat-brend-en","7":"product_cat-extra-virgin-olive-oil","8":"product_cat-meloto-en","9":"product_cat-zizolera-en","10":"pa_jacina-2-en","12":"first","13":"instock","14":"shipping-taxable","15":"purchasable","16":"product-type-simple"},"yoast_head":"<!-- This site is optimized with the Yoast SEO plugin v27.4 - https:\/\/yoast.com\/product\/yoast-seo-wordpress\/ -->\n<title>Meloto olive oil - Zizzolera 0,5L- price and offer | Oleum Histriae<\/title>\n<meta name=\"description\" content=\"Enjoy premium quality Meloto olive oil - Zizzolera 0,5L. Learn more about its features and order from our webshop at the best prices!\" \/>\n<meta name=\"robots\" content=\"index, follow, max-snippet:-1, max-image-preview:large, max-video-preview:-1\" \/>\n<link rel=\"canonical\" href=\"https:\/\/oleumhistriae.com\/en\/product\/meloto-zizzolera-05l\/\" \/>\n<meta property=\"og:locale\" content=\"en_US\" \/>\n<meta property=\"og:type\" content=\"article\" \/>\n<meta property=\"og:title\" content=\"Meloto olive oil - Zizzolera 0,5L- price and offer | Oleum Histriae\" \/>\n<meta property=\"og:description\" content=\"Enjoy premium quality Meloto olive oil - Zizzolera 0,5L. Learn more about its features and order from our webshop at the best prices!\" \/>\n<meta property=\"og:url\" content=\"https:\/\/oleumhistriae.com\/en\/product\/meloto-zizzolera-05l\/\" \/>\n<meta property=\"og:site_name\" content=\"Ku\u0107a istarskog maslinovog ulja \u2013 Museum Olei Histriae - Pula, Istra\" \/>\n<meta property=\"article:modified_time\" content=\"2024-06-28T15:45:09+00:00\" \/>\n<meta property=\"og:image\" content=\"https:\/\/oleumhistriae.com\/wp-content\/uploads\/2023\/03\/Meloto_boca_new.jpg\" \/>\n\t<meta property=\"og:image:width\" content=\"1200\" \/>\n\t<meta property=\"og:image:height\" content=\"900\" \/>\n\t<meta property=\"og:image:type\" content=\"image\/jpeg\" \/>\n<meta name=\"twitter:card\" content=\"summary_large_image\" \/>\n<meta name=\"twitter:label1\" content=\"Est. reading time\" \/>\n\t<meta name=\"twitter:data1\" content=\"1 minute\" \/>\n<script type=\"application\/ld+json\" class=\"yoast-schema-graph\">{\"@context\":\"https:\\\/\\\/schema.org\",\"@graph\":[{\"@type\":\"WebPage\",\"@id\":\"https:\\\/\\\/oleumhistriae.com\\\/en\\\/product\\\/meloto-zizzolera-05l\\\/\",\"url\":\"https:\\\/\\\/oleumhistriae.com\\\/en\\\/product\\\/meloto-zizzolera-05l\\\/\",\"name\":\"Meloto olive oil - Zizzolera 0,5L- price and offer | Oleum Histriae\",\"isPartOf\":{\"@id\":\"https:\\\/\\\/oleumhistriae.com\\\/en\\\/#website\"},\"primaryImageOfPage\":{\"@id\":\"https:\\\/\\\/oleumhistriae.com\\\/en\\\/product\\\/meloto-zizzolera-05l\\\/#primaryimage\"},\"image\":{\"@id\":\"https:\\\/\\\/oleumhistriae.com\\\/en\\\/product\\\/meloto-zizzolera-05l\\\/#primaryimage\"},\"thumbnailUrl\":\"https:\\\/\\\/oleumhistriae.com\\\/wp-content\\\/uploads\\\/2023\\\/03\\\/Meloto_boca_new.jpg\",\"datePublished\":\"2024-06-28T13:28:06+00:00\",\"dateModified\":\"2024-06-28T15:45:09+00:00\",\"description\":\"Enjoy premium quality Meloto olive oil - Zizzolera 0,5L. Learn more about its features and order from our webshop at the best prices!\",\"breadcrumb\":{\"@id\":\"https:\\\/\\\/oleumhistriae.com\\\/en\\\/product\\\/meloto-zizzolera-05l\\\/#breadcrumb\"},\"inLanguage\":\"en-US\",\"potentialAction\":[{\"@type\":\"ReadAction\",\"target\":[\"https:\\\/\\\/oleumhistriae.com\\\/en\\\/product\\\/meloto-zizzolera-05l\\\/\"]}]},{\"@type\":\"ImageObject\",\"inLanguage\":\"en-US\",\"@id\":\"https:\\\/\\\/oleumhistriae.com\\\/en\\\/product\\\/meloto-zizzolera-05l\\\/#primaryimage\",\"url\":\"https:\\\/\\\/oleumhistriae.com\\\/wp-content\\\/uploads\\\/2023\\\/03\\\/Meloto_boca_new.jpg\",\"contentUrl\":\"https:\\\/\\\/oleumhistriae.com\\\/wp-content\\\/uploads\\\/2023\\\/03\\\/Meloto_boca_new.jpg\",\"width\":1200,\"height\":900},{\"@type\":\"BreadcrumbList\",\"@id\":\"https:\\\/\\\/oleumhistriae.com\\\/en\\\/product\\\/meloto-zizzolera-05l\\\/#breadcrumb\",\"itemListElement\":[{\"@type\":\"ListItem\",\"position\":1,\"name\":\"Home\",\"item\":\"https:\\\/\\\/oleumhistriae.com\\\/en\\\/\"},{\"@type\":\"ListItem\",\"position\":2,\"name\":\"Shop\",\"item\":\"https:\\\/\\\/oleumhistriae.com\\\/en\\\/shop\\\/\"},{\"@type\":\"ListItem\",\"position\":3,\"name\":\"Meloto olive oil &#8211; Zizzolera 0,5L\"}]},{\"@type\":\"WebSite\",\"@id\":\"https:\\\/\\\/oleumhistriae.com\\\/en\\\/#website\",\"url\":\"https:\\\/\\\/oleumhistriae.com\\\/en\\\/\",\"name\":\"Museum Olei Histriae - Pula, Istra\",\"description\":\"Ku\u0107a istarskog maslinovog ulja \u2013 istarska ekstra djevi\u010danska maslinova ulja - degustacija i prodaja. Muzej maslinarstva \u2013 povijest i sada\u0161njost maslinarstva\",\"potentialAction\":[{\"@type\":\"SearchAction\",\"target\":{\"@type\":\"EntryPoint\",\"urlTemplate\":\"https:\\\/\\\/oleumhistriae.com\\\/en\\\/?s={search_term_string}\"},\"query-input\":{\"@type\":\"PropertyValueSpecification\",\"valueRequired\":true,\"valueName\":\"search_term_string\"}}],\"inLanguage\":\"en-US\"}]}<\/script>\n<!-- \/ Yoast SEO plugin. -->","yoast_head_json":{"title":"Meloto olive oil - Zizzolera 0,5L- price and offer | Oleum Histriae","description":"Enjoy premium quality Meloto olive oil - Zizzolera 0,5L. Learn more about its features and order from our webshop at the best prices!","robots":{"index":"index","follow":"follow","max-snippet":"max-snippet:-1","max-image-preview":"max-image-preview:large","max-video-preview":"max-video-preview:-1"},"canonical":"https:\/\/oleumhistriae.com\/en\/product\/meloto-zizzolera-05l\/","og_locale":"en_US","og_type":"article","og_title":"Meloto olive oil - Zizzolera 0,5L- price and offer | Oleum Histriae","og_description":"Enjoy premium quality Meloto olive oil - Zizzolera 0,5L. Learn more about its features and order from our webshop at the best prices!","og_url":"https:\/\/oleumhistriae.com\/en\/product\/meloto-zizzolera-05l\/","og_site_name":"Ku\u0107a istarskog maslinovog ulja \u2013 Museum Olei Histriae - Pula, Istra","article_modified_time":"2024-06-28T15:45:09+00:00","og_image":[{"width":1200,"height":900,"url":"https:\/\/oleumhistriae.com\/wp-content\/uploads\/2023\/03\/Meloto_boca_new.jpg","type":"image\/jpeg"}],"twitter_card":"summary_large_image","twitter_misc":{"Est. reading time":"1 minute"},"schema":{"@context":"https:\/\/schema.org","@graph":[{"@type":"WebPage","@id":"https:\/\/oleumhistriae.com\/en\/product\/meloto-zizzolera-05l\/","url":"https:\/\/oleumhistriae.com\/en\/product\/meloto-zizzolera-05l\/","name":"Meloto olive oil - Zizzolera 0,5L- price and offer | Oleum Histriae","isPartOf":{"@id":"https:\/\/oleumhistriae.com\/en\/#website"},"primaryImageOfPage":{"@id":"https:\/\/oleumhistriae.com\/en\/product\/meloto-zizzolera-05l\/#primaryimage"},"image":{"@id":"https:\/\/oleumhistriae.com\/en\/product\/meloto-zizzolera-05l\/#primaryimage"},"thumbnailUrl":"https:\/\/oleumhistriae.com\/wp-content\/uploads\/2023\/03\/Meloto_boca_new.jpg","datePublished":"2024-06-28T13:28:06+00:00","dateModified":"2024-06-28T15:45:09+00:00","description":"Enjoy premium quality Meloto olive oil - Zizzolera 0,5L. Learn more about its features and order from our webshop at the best prices!","breadcrumb":{"@id":"https:\/\/oleumhistriae.com\/en\/product\/meloto-zizzolera-05l\/#breadcrumb"},"inLanguage":"en-US","potentialAction":[{"@type":"ReadAction","target":["https:\/\/oleumhistriae.com\/en\/product\/meloto-zizzolera-05l\/"]}]},{"@type":"ImageObject","inLanguage":"en-US","@id":"https:\/\/oleumhistriae.com\/en\/product\/meloto-zizzolera-05l\/#primaryimage","url":"https:\/\/oleumhistriae.com\/wp-content\/uploads\/2023\/03\/Meloto_boca_new.jpg","contentUrl":"https:\/\/oleumhistriae.com\/wp-content\/uploads\/2023\/03\/Meloto_boca_new.jpg","width":1200,"height":900},{"@type":"BreadcrumbList","@id":"https:\/\/oleumhistriae.com\/en\/product\/meloto-zizzolera-05l\/#breadcrumb","itemListElement":[{"@type":"ListItem","position":1,"name":"Home","item":"https:\/\/oleumhistriae.com\/en\/"},{"@type":"ListItem","position":2,"name":"Shop","item":"https:\/\/oleumhistriae.com\/en\/shop\/"},{"@type":"ListItem","position":3,"name":"Meloto olive oil &#8211; Zizzolera 0,5L"}]},{"@type":"WebSite","@id":"https:\/\/oleumhistriae.com\/en\/#website","url":"https:\/\/oleumhistriae.com\/en\/","name":"Museum Olei Histriae - Pula, Istra","description":"Ku\u0107a istarskog maslinovog ulja \u2013 istarska ekstra djevi\u010danska maslinova ulja - degustacija i prodaja. Muzej maslinarstva \u2013 povijest i sada\u0161njost maslinarstva","potentialAction":[{"@type":"SearchAction","target":{"@type":"EntryPoint","urlTemplate":"https:\/\/oleumhistriae.com\/en\/?s={search_term_string}"},"query-input":{"@type":"PropertyValueSpecification","valueRequired":true,"valueName":"search_term_string"}}],"inLanguage":"en-US"}]}},"_links":{"self":[{"href":"https:\/\/oleumhistriae.com\/en\/wp-json\/wp\/v2\/product\/10621","targetHints":{"allow":["GET"]}}],"collection":[{"href":"https:\/\/oleumhistriae.com\/en\/wp-json\/wp\/v2\/product"}],"about":[{"href":"https:\/\/oleumhistriae.com\/en\/wp-json\/wp\/v2\/types\/product"}],"wp:featuredmedia":[{"embeddable":true,"href":"https:\/\/oleumhistriae.com\/en\/wp-json\/wp\/v2\/media\/4290"}],"wp:attachment":[{"href":"https:\/\/oleumhistriae.com\/en\/wp-json\/wp\/v2\/media?parent=10621"}],"wp:term":[{"taxonomy":"product_brand","embeddable":true,"href":"https:\/\/oleumhistriae.com\/en\/wp-json\/wp\/v2\/product_brand?post=10621"},{"taxonomy":"product_cat","embeddable":true,"href":"https:\/\/oleumhistriae.com\/en\/wp-json\/wp\/v2\/product_cat?post=10621"},{"taxonomy":"product_tag","embeddable":true,"href":"https:\/\/oleumhistriae.com\/en\/wp-json\/wp\/v2\/product_tag?post=10621"}],"curies":[{"name":"wp","href":"https:\/\/api.w.org\/{rel}","templated":true}]}}