{"id":8956,"date":"2023-11-22T09:19:03","date_gmt":"2023-11-22T09:19:03","guid":{"rendered":"https:\/\/oleumhistriae.com\/?post_type=product&#038;p=8956"},"modified":"2023-11-27T09:13:15","modified_gmt":"2023-11-27T09:13:15","slug":"istra-christmas-exclusive","status":"publish","type":"product","link":"https:\/\/oleumhistriae.com\/de\/produkt\/istra-christmas-exclusive\/","title":{"rendered":"Istra Christmas Exclusive"},"content":{"rendered":"<p><strong>Exklusive Auswahl an Delikatessen aus Istrien!<\/strong><\/p>\n<p>Wir pr\u00e4sentieren Ihnen das Paket Istra Christmas Exclusive, das die feinsten Produkte aus der mediterranen Region vereint und die Sch\u00f6nheit und den Reichtum Istriens hervorhebt.<\/p>\n<p>Bereichern Sie Ihren Festtagstisch mit diesem au\u00dfergew\u00f6hnlichen Geschenk und den einzigartigen Produkten aus Istrien!<\/p>\n","protected":false},"excerpt":{"rendered":"<p>Terra Rossa &#8211; Terra Rossa 0,5L<\/p>\n<p>Aura &#8211; Teranino 0,70L<\/p>\n<p>Zigante &#8211; Wei\u00dfe Tartufata 180gr<\/p>\n<p>Brist &#8211; K\u00f6rperpflege Massage\u00f6l<\/p>\n<p>&nbsp;<\/p>\n","protected":false},"featured_media":8954,"template":"","meta":[],"product_brand":[],"product_cat":[258,394],"product_tag":[],"class_list":{"0":"post-8956","1":"product","2":"type-product","3":"status-publish","4":"has-post-thumbnail","6":"product_cat-natives-olivenol-extra","7":"product_cat-weihnachtsgeschenke-de","9":"first","10":"instock","11":"shipping-taxable","12":"purchasable","13":"product-type-simple"},"yoast_head":"<!-- This site is optimized with the Yoast SEO plugin v27.5 - https:\/\/yoast.com\/product\/yoast-seo-wordpress\/ -->\n<title>Istra Christmas Exclusive- Preis und Angebot | Oleum Histriae<\/title>\n<meta name=\"description\" content=\"Genie\u00dfen Sie h\u00f6chste Qualit\u00e4tIstra Christmas Exclusive. Erfahren Sie mehr \u00fcber die Funktionen und bestellen Sie in unserem Webshop zu den besten Preisen!\" \/>\n<meta name=\"robots\" content=\"index, follow, max-snippet:-1, max-image-preview:large, max-video-preview:-1\" \/>\n<link rel=\"canonical\" href=\"https:\/\/oleumhistriae.com\/de\/produkt\/istra-christmas-exclusive\/\" \/>\n<meta property=\"og:locale\" content=\"de_DE\" \/>\n<meta property=\"og:type\" content=\"article\" \/>\n<meta property=\"og:title\" content=\"Istra Christmas Exclusive- Preis und Angebot | Oleum Histriae\" \/>\n<meta property=\"og:description\" content=\"Genie\u00dfen Sie h\u00f6chste Qualit\u00e4tIstra Christmas Exclusive. Erfahren Sie mehr \u00fcber die Funktionen und bestellen Sie in unserem Webshop zu den besten Preisen!\" \/>\n<meta property=\"og:url\" content=\"https:\/\/oleumhistriae.com\/de\/produkt\/istra-christmas-exclusive\/\" \/>\n<meta property=\"og:site_name\" content=\"Ku\u0107a istarskog maslinovog ulja \u2013 Museum Olei Histriae - Pula, Istra\" \/>\n<meta property=\"article:modified_time\" content=\"2023-11-27T09:13:15+00:00\" \/>\n<meta property=\"og:image\" content=\"https:\/\/oleumhistriae.com\/wp-content\/uploads\/2023\/11\/Ekskluzivni-paket-1.jpg\" \/>\n\t<meta property=\"og:image:width\" content=\"2073\" \/>\n\t<meta property=\"og:image:height\" content=\"1781\" \/>\n\t<meta property=\"og:image:type\" content=\"image\/jpeg\" \/>\n<meta name=\"twitter:card\" content=\"summary_large_image\" \/>\n<meta name=\"twitter:label1\" content=\"Gesch\u00e4tzte Lesezeit\" \/>\n\t<meta name=\"twitter:data1\" content=\"1\u00a0Minute\" \/>\n<script type=\"application\/ld+json\" class=\"yoast-schema-graph\">{\"@context\":\"https:\\\/\\\/schema.org\",\"@graph\":[{\"@type\":\"WebPage\",\"@id\":\"https:\\\/\\\/oleumhistriae.com\\\/de\\\/produkt\\\/istra-christmas-exclusive\\\/\",\"url\":\"https:\\\/\\\/oleumhistriae.com\\\/de\\\/produkt\\\/istra-christmas-exclusive\\\/\",\"name\":\"Istra Christmas Exclusive- Preis und Angebot | Oleum Histriae\",\"isPartOf\":{\"@id\":\"https:\\\/\\\/oleumhistriae.com\\\/de\\\/#website\"},\"primaryImageOfPage\":{\"@id\":\"https:\\\/\\\/oleumhistriae.com\\\/de\\\/produkt\\\/istra-christmas-exclusive\\\/#primaryimage\"},\"image\":{\"@id\":\"https:\\\/\\\/oleumhistriae.com\\\/de\\\/produkt\\\/istra-christmas-exclusive\\\/#primaryimage\"},\"thumbnailUrl\":\"https:\\\/\\\/oleumhistriae.com\\\/wp-content\\\/uploads\\\/2023\\\/11\\\/Ekskluzivni-paket-1.jpg\",\"datePublished\":\"2023-11-22T09:19:03+00:00\",\"dateModified\":\"2023-11-27T09:13:15+00:00\",\"description\":\"Genie\u00dfen Sie h\u00f6chste Qualit\u00e4tIstra Christmas Exclusive. Erfahren Sie mehr \u00fcber die Funktionen und bestellen Sie in unserem Webshop zu den besten Preisen!\",\"breadcrumb\":{\"@id\":\"https:\\\/\\\/oleumhistriae.com\\\/de\\\/produkt\\\/istra-christmas-exclusive\\\/#breadcrumb\"},\"inLanguage\":\"de\",\"potentialAction\":[{\"@type\":\"ReadAction\",\"target\":[\"https:\\\/\\\/oleumhistriae.com\\\/de\\\/produkt\\\/istra-christmas-exclusive\\\/\"]}]},{\"@type\":\"ImageObject\",\"inLanguage\":\"de\",\"@id\":\"https:\\\/\\\/oleumhistriae.com\\\/de\\\/produkt\\\/istra-christmas-exclusive\\\/#primaryimage\",\"url\":\"https:\\\/\\\/oleumhistriae.com\\\/wp-content\\\/uploads\\\/2023\\\/11\\\/Ekskluzivni-paket-1.jpg\",\"contentUrl\":\"https:\\\/\\\/oleumhistriae.com\\\/wp-content\\\/uploads\\\/2023\\\/11\\\/Ekskluzivni-paket-1.jpg\",\"width\":2073,\"height\":1781,\"caption\":\"exklusives Weihnachtspaket mit istrischen Produkten\"},{\"@type\":\"BreadcrumbList\",\"@id\":\"https:\\\/\\\/oleumhistriae.com\\\/de\\\/produkt\\\/istra-christmas-exclusive\\\/#breadcrumb\",\"itemListElement\":[{\"@type\":\"ListItem\",\"position\":1,\"name\":\"Home\",\"item\":\"https:\\\/\\\/oleumhistriae.com\\\/de\\\/\"},{\"@type\":\"ListItem\",\"position\":2,\"name\":\"Shop\",\"item\":\"https:\\\/\\\/oleumhistriae.com\\\/en\\\/shop\\\/\"},{\"@type\":\"ListItem\",\"position\":3,\"name\":\"Istra Christmas Exclusive\"}]},{\"@type\":\"WebSite\",\"@id\":\"https:\\\/\\\/oleumhistriae.com\\\/de\\\/#website\",\"url\":\"https:\\\/\\\/oleumhistriae.com\\\/de\\\/\",\"name\":\"Museum Olei Histriae - Pula, Istra\",\"description\":\"Ku\u0107a istarskog maslinovog ulja \u2013 istarska ekstra djevi\u010danska maslinova ulja - degustacija i prodaja. Muzej maslinarstva \u2013 povijest i sada\u0161njost maslinarstva\",\"potentialAction\":[{\"@type\":\"SearchAction\",\"target\":{\"@type\":\"EntryPoint\",\"urlTemplate\":\"https:\\\/\\\/oleumhistriae.com\\\/de\\\/?s={search_term_string}\"},\"query-input\":{\"@type\":\"PropertyValueSpecification\",\"valueRequired\":true,\"valueName\":\"search_term_string\"}}],\"inLanguage\":\"de\"}]}<\/script>\n<!-- \/ Yoast SEO plugin. -->","yoast_head_json":{"title":"Istra Christmas Exclusive- Preis und Angebot | Oleum Histriae","description":"Genie\u00dfen Sie h\u00f6chste Qualit\u00e4tIstra Christmas Exclusive. Erfahren Sie mehr \u00fcber die Funktionen und bestellen Sie in unserem Webshop zu den besten Preisen!","robots":{"index":"index","follow":"follow","max-snippet":"max-snippet:-1","max-image-preview":"max-image-preview:large","max-video-preview":"max-video-preview:-1"},"canonical":"https:\/\/oleumhistriae.com\/de\/produkt\/istra-christmas-exclusive\/","og_locale":"de_DE","og_type":"article","og_title":"Istra Christmas Exclusive- Preis und Angebot | Oleum Histriae","og_description":"Genie\u00dfen Sie h\u00f6chste Qualit\u00e4tIstra Christmas Exclusive. Erfahren Sie mehr \u00fcber die Funktionen und bestellen Sie in unserem Webshop zu den besten Preisen!","og_url":"https:\/\/oleumhistriae.com\/de\/produkt\/istra-christmas-exclusive\/","og_site_name":"Ku\u0107a istarskog maslinovog ulja \u2013 Museum Olei Histriae - Pula, Istra","article_modified_time":"2023-11-27T09:13:15+00:00","og_image":[{"width":2073,"height":1781,"url":"https:\/\/oleumhistriae.com\/wp-content\/uploads\/2023\/11\/Ekskluzivni-paket-1.jpg","type":"image\/jpeg"}],"twitter_card":"summary_large_image","twitter_misc":{"Gesch\u00e4tzte Lesezeit":"1\u00a0Minute"},"schema":{"@context":"https:\/\/schema.org","@graph":[{"@type":"WebPage","@id":"https:\/\/oleumhistriae.com\/de\/produkt\/istra-christmas-exclusive\/","url":"https:\/\/oleumhistriae.com\/de\/produkt\/istra-christmas-exclusive\/","name":"Istra Christmas Exclusive- Preis und Angebot | Oleum Histriae","isPartOf":{"@id":"https:\/\/oleumhistriae.com\/de\/#website"},"primaryImageOfPage":{"@id":"https:\/\/oleumhistriae.com\/de\/produkt\/istra-christmas-exclusive\/#primaryimage"},"image":{"@id":"https:\/\/oleumhistriae.com\/de\/produkt\/istra-christmas-exclusive\/#primaryimage"},"thumbnailUrl":"https:\/\/oleumhistriae.com\/wp-content\/uploads\/2023\/11\/Ekskluzivni-paket-1.jpg","datePublished":"2023-11-22T09:19:03+00:00","dateModified":"2023-11-27T09:13:15+00:00","description":"Genie\u00dfen Sie h\u00f6chste Qualit\u00e4tIstra Christmas Exclusive. Erfahren Sie mehr \u00fcber die Funktionen und bestellen Sie in unserem Webshop zu den besten Preisen!","breadcrumb":{"@id":"https:\/\/oleumhistriae.com\/de\/produkt\/istra-christmas-exclusive\/#breadcrumb"},"inLanguage":"de","potentialAction":[{"@type":"ReadAction","target":["https:\/\/oleumhistriae.com\/de\/produkt\/istra-christmas-exclusive\/"]}]},{"@type":"ImageObject","inLanguage":"de","@id":"https:\/\/oleumhistriae.com\/de\/produkt\/istra-christmas-exclusive\/#primaryimage","url":"https:\/\/oleumhistriae.com\/wp-content\/uploads\/2023\/11\/Ekskluzivni-paket-1.jpg","contentUrl":"https:\/\/oleumhistriae.com\/wp-content\/uploads\/2023\/11\/Ekskluzivni-paket-1.jpg","width":2073,"height":1781,"caption":"exklusives Weihnachtspaket mit istrischen Produkten"},{"@type":"BreadcrumbList","@id":"https:\/\/oleumhistriae.com\/de\/produkt\/istra-christmas-exclusive\/#breadcrumb","itemListElement":[{"@type":"ListItem","position":1,"name":"Home","item":"https:\/\/oleumhistriae.com\/de\/"},{"@type":"ListItem","position":2,"name":"Shop","item":"https:\/\/oleumhistriae.com\/en\/shop\/"},{"@type":"ListItem","position":3,"name":"Istra Christmas Exclusive"}]},{"@type":"WebSite","@id":"https:\/\/oleumhistriae.com\/de\/#website","url":"https:\/\/oleumhistriae.com\/de\/","name":"Museum Olei Histriae - Pula, Istra","description":"Ku\u0107a istarskog maslinovog ulja \u2013 istarska ekstra djevi\u010danska maslinova ulja - degustacija i prodaja. Muzej maslinarstva \u2013 povijest i sada\u0161njost maslinarstva","potentialAction":[{"@type":"SearchAction","target":{"@type":"EntryPoint","urlTemplate":"https:\/\/oleumhistriae.com\/de\/?s={search_term_string}"},"query-input":{"@type":"PropertyValueSpecification","valueRequired":true,"valueName":"search_term_string"}}],"inLanguage":"de"}]}},"_links":{"self":[{"href":"https:\/\/oleumhistriae.com\/de\/wp-json\/wp\/v2\/product\/8956","targetHints":{"allow":["GET"]}}],"collection":[{"href":"https:\/\/oleumhistriae.com\/de\/wp-json\/wp\/v2\/product"}],"about":[{"href":"https:\/\/oleumhistriae.com\/de\/wp-json\/wp\/v2\/types\/product"}],"wp:featuredmedia":[{"embeddable":true,"href":"https:\/\/oleumhistriae.com\/de\/wp-json\/wp\/v2\/media\/8954"}],"wp:attachment":[{"href":"https:\/\/oleumhistriae.com\/de\/wp-json\/wp\/v2\/media?parent=8956"}],"wp:term":[{"taxonomy":"product_brand","embeddable":true,"href":"https:\/\/oleumhistriae.com\/de\/wp-json\/wp\/v2\/product_brand?post=8956"},{"taxonomy":"product_cat","embeddable":true,"href":"https:\/\/oleumhistriae.com\/de\/wp-json\/wp\/v2\/product_cat?post=8956"},{"taxonomy":"product_tag","embeddable":true,"href":"https:\/\/oleumhistriae.com\/de\/wp-json\/wp\/v2\/product_tag?post=8956"}],"curies":[{"name":"wp","href":"https:\/\/api.w.org\/{rel}","templated":true}]}}