{"id":8567,"date":"2023-11-07T13:21:10","date_gmt":"2023-11-07T13:21:10","guid":{"rendered":"https:\/\/oleumhistriae.com\/?post_type=product&#038;p=8567"},"modified":"2024-03-21T11:00:43","modified_gmt":"2024-03-21T11:00:43","slug":"istra-olivenoel-auswahl","status":"publish","type":"product","link":"https:\/\/oleumhistriae.com\/de\/produkt\/istra-olivenoel-auswahl\/","title":{"rendered":"Istra Oliven\u00f6l Selection"},"content":{"rendered":"<p><strong>Die besten Oliven\u00f6le aus Istrien in einem Paket!<\/strong><\/p>\n<p><span style=\"font-weight: 400;\">Probieren Sie die Produkte von sechs der besten istrianischen Hersteller von extra nativem Oliven\u00f6l, angefangen im S\u00fcden Istriens mit den Herstellern Beli\u0107, Brist und Chiavalon, bis hin in den Norden und Nordwesten Istriens mit den Herstellern Ip\u0161a, Rheos und Mate, wo die Sonne, fruchtbare B\u00f6den und Leidenschaft f\u00fcr Oliven sich vereinen, um Vollkommenheit im Geschmack zu schaffen.<\/span><\/p>\n<p><span style=\"font-weight: 400;\">Istrien, ber\u00fchmt f\u00fcr seine jahrhundertealten Olivenhaine, bietet eine unglaubliche Vielfalt an Oliven\u00f6len mit charakteristischen Nuancen und raffinierten Noten. Auf dieser Reise durch istrianische Olivenhaine werden wir Sie sechs au\u00dfergew\u00f6hnlichen Herstellern und ihren Premium\u00f6len vorstellen, von denen jedes eine einzigartige Geschichte und den Geschmack dieser wundersch\u00f6nen Region mitbringt.<\/span><\/p>\n<p><span style=\"font-weight: 400;\">W\u00e4hlen Sie das Beste f\u00fcr sich und Ihren Gaumen, kombinieren Sie es mit Ihren Lieblingsgerichten und bereichern Sie Ihre Feiertage mit Tropfen fl\u00fcssigen Goldes.<\/span><\/p>\n<p><span style=\"font-weight: 400;\">Machen wir uns auf zu einer unvergesslichen Geschmacksreise durch Istrien!<\/span><\/p>\n","protected":false},"excerpt":{"rendered":"<p>Oleum Viride &#8211; Selekcija Beli\u0107 0,5L<br \/>\nBrist &#8211; Delicato 0,5L<br \/>\nChiavalon &#8211; Ex Albis 0,5L<br \/>\nMate &#8211; Bianca Bellezza 0,25L<br \/>\nIp\u0161a &#8211; Istarska Bjelica 0,5L<br \/>\nRheos &#8211; Premium Blend 0,5L<\/p>\n","protected":false},"featured_media":8571,"template":"","meta":[],"product_brand":[],"product_cat":[258],"product_tag":[],"class_list":{"0":"post-8567","1":"product","2":"type-product","3":"status-publish","4":"has-post-thumbnail","6":"product_cat-natives-olivenol-extra","8":"first","9":"instock","10":"shipping-taxable","11":"purchasable","12":"product-type-simple"},"yoast_head":"<!-- This site is optimized with the Yoast SEO plugin v27.4 - https:\/\/yoast.com\/product\/yoast-seo-wordpress\/ -->\n<title>Istra Oliven\u00f6l Selection- Preis und Angebot | Oleum Histriae<\/title>\n<meta name=\"description\" content=\"Genie\u00dfen Sie h\u00f6chste Qualit\u00e4t. Erfahren Sie mehr \u00fcber die Funktionen und bestellen Sie in unserem Webshop zu den besten Preisen!\" \/>\n<meta name=\"robots\" content=\"index, follow, max-snippet:-1, max-image-preview:large, max-video-preview:-1\" \/>\n<link rel=\"canonical\" href=\"https:\/\/oleumhistriae.com\/de\/produkt\/istra-olivenoel-auswahl\/\" \/>\n<meta property=\"og:locale\" content=\"de_DE\" \/>\n<meta property=\"og:type\" content=\"article\" \/>\n<meta property=\"og:title\" content=\"Istra Oliven\u00f6l Selection- Preis und Angebot | Oleum Histriae\" \/>\n<meta property=\"og:description\" content=\"Genie\u00dfen Sie h\u00f6chste Qualit\u00e4t. Erfahren Sie mehr \u00fcber die Funktionen und bestellen Sie in unserem Webshop zu den besten Preisen!\" \/>\n<meta property=\"og:url\" content=\"https:\/\/oleumhistriae.com\/de\/produkt\/istra-olivenoel-auswahl\/\" \/>\n<meta property=\"og:site_name\" content=\"Ku\u0107a istarskog maslinovog ulja \u2013 Museum Olei Histriae - Pula, Istra\" \/>\n<meta property=\"article:modified_time\" content=\"2024-03-21T11:00:43+00:00\" \/>\n<meta property=\"og:image\" content=\"https:\/\/oleumhistriae.com\/wp-content\/uploads\/2023\/11\/istra-selection-716kb-scaled.jpg\" \/>\n\t<meta property=\"og:image:width\" content=\"2560\" \/>\n\t<meta property=\"og:image:height\" content=\"2424\" \/>\n\t<meta property=\"og:image:type\" content=\"image\/jpeg\" \/>\n<meta name=\"twitter:card\" content=\"summary_large_image\" \/>\n<meta name=\"twitter:label1\" content=\"Gesch\u00e4tzte Lesezeit\" \/>\n\t<meta name=\"twitter:data1\" content=\"1\u00a0Minute\" \/>\n<script type=\"application\/ld+json\" class=\"yoast-schema-graph\">{\"@context\":\"https:\\\/\\\/schema.org\",\"@graph\":[{\"@type\":\"WebPage\",\"@id\":\"https:\\\/\\\/oleumhistriae.com\\\/de\\\/produkt\\\/istra-olivenoel-auswahl\\\/\",\"url\":\"https:\\\/\\\/oleumhistriae.com\\\/de\\\/produkt\\\/istra-olivenoel-auswahl\\\/\",\"name\":\"Istra Oliven\u00f6l Selection- Preis und Angebot | Oleum Histriae\",\"isPartOf\":{\"@id\":\"https:\\\/\\\/oleumhistriae.com\\\/de\\\/#website\"},\"primaryImageOfPage\":{\"@id\":\"https:\\\/\\\/oleumhistriae.com\\\/de\\\/produkt\\\/istra-olivenoel-auswahl\\\/#primaryimage\"},\"image\":{\"@id\":\"https:\\\/\\\/oleumhistriae.com\\\/de\\\/produkt\\\/istra-olivenoel-auswahl\\\/#primaryimage\"},\"thumbnailUrl\":\"https:\\\/\\\/oleumhistriae.com\\\/wp-content\\\/uploads\\\/2023\\\/11\\\/istra-selection-716kb-scaled.jpg\",\"datePublished\":\"2023-11-07T13:21:10+00:00\",\"dateModified\":\"2024-03-21T11:00:43+00:00\",\"description\":\"Genie\u00dfen Sie h\u00f6chste Qualit\u00e4t. Erfahren Sie mehr \u00fcber die Funktionen und bestellen Sie in unserem Webshop zu den besten Preisen!\",\"breadcrumb\":{\"@id\":\"https:\\\/\\\/oleumhistriae.com\\\/de\\\/produkt\\\/istra-olivenoel-auswahl\\\/#breadcrumb\"},\"inLanguage\":\"de\",\"potentialAction\":[{\"@type\":\"ReadAction\",\"target\":[\"https:\\\/\\\/oleumhistriae.com\\\/de\\\/produkt\\\/istra-olivenoel-auswahl\\\/\"]}]},{\"@type\":\"ImageObject\",\"inLanguage\":\"de\",\"@id\":\"https:\\\/\\\/oleumhistriae.com\\\/de\\\/produkt\\\/istra-olivenoel-auswahl\\\/#primaryimage\",\"url\":\"https:\\\/\\\/oleumhistriae.com\\\/wp-content\\\/uploads\\\/2023\\\/11\\\/istra-selection-716kb-scaled.jpg\",\"contentUrl\":\"https:\\\/\\\/oleumhistriae.com\\\/wp-content\\\/uploads\\\/2023\\\/11\\\/istra-selection-716kb-scaled.jpg\",\"width\":2560,\"height\":2424,\"caption\":\"Istra olive oil selection\"},{\"@type\":\"BreadcrumbList\",\"@id\":\"https:\\\/\\\/oleumhistriae.com\\\/de\\\/produkt\\\/istra-olivenoel-auswahl\\\/#breadcrumb\",\"itemListElement\":[{\"@type\":\"ListItem\",\"position\":1,\"name\":\"Home\",\"item\":\"https:\\\/\\\/oleumhistriae.com\\\/de\\\/\"},{\"@type\":\"ListItem\",\"position\":2,\"name\":\"Shop\",\"item\":\"https:\\\/\\\/oleumhistriae.com\\\/en\\\/shop\\\/\"},{\"@type\":\"ListItem\",\"position\":3,\"name\":\"Istra Oliven\u00f6l Selection\"}]},{\"@type\":\"WebSite\",\"@id\":\"https:\\\/\\\/oleumhistriae.com\\\/de\\\/#website\",\"url\":\"https:\\\/\\\/oleumhistriae.com\\\/de\\\/\",\"name\":\"Museum Olei Histriae - Pula, Istra\",\"description\":\"Ku\u0107a istarskog maslinovog ulja \u2013 istarska ekstra djevi\u010danska maslinova ulja - degustacija i prodaja. Muzej maslinarstva \u2013 povijest i sada\u0161njost maslinarstva\",\"potentialAction\":[{\"@type\":\"SearchAction\",\"target\":{\"@type\":\"EntryPoint\",\"urlTemplate\":\"https:\\\/\\\/oleumhistriae.com\\\/de\\\/?s={search_term_string}\"},\"query-input\":{\"@type\":\"PropertyValueSpecification\",\"valueRequired\":true,\"valueName\":\"search_term_string\"}}],\"inLanguage\":\"de\"}]}<\/script>\n<!-- \/ Yoast SEO plugin. -->","yoast_head_json":{"title":"Istra Oliven\u00f6l Selection- Preis und Angebot | Oleum Histriae","description":"Genie\u00dfen Sie h\u00f6chste Qualit\u00e4t. Erfahren Sie mehr \u00fcber die Funktionen und bestellen Sie in unserem Webshop zu den besten Preisen!","robots":{"index":"index","follow":"follow","max-snippet":"max-snippet:-1","max-image-preview":"max-image-preview:large","max-video-preview":"max-video-preview:-1"},"canonical":"https:\/\/oleumhistriae.com\/de\/produkt\/istra-olivenoel-auswahl\/","og_locale":"de_DE","og_type":"article","og_title":"Istra Oliven\u00f6l Selection- Preis und Angebot | Oleum Histriae","og_description":"Genie\u00dfen Sie h\u00f6chste Qualit\u00e4t. Erfahren Sie mehr \u00fcber die Funktionen und bestellen Sie in unserem Webshop zu den besten Preisen!","og_url":"https:\/\/oleumhistriae.com\/de\/produkt\/istra-olivenoel-auswahl\/","og_site_name":"Ku\u0107a istarskog maslinovog ulja \u2013 Museum Olei Histriae - Pula, Istra","article_modified_time":"2024-03-21T11:00:43+00:00","og_image":[{"width":2560,"height":2424,"url":"https:\/\/oleumhistriae.com\/wp-content\/uploads\/2023\/11\/istra-selection-716kb-scaled.jpg","type":"image\/jpeg"}],"twitter_card":"summary_large_image","twitter_misc":{"Gesch\u00e4tzte Lesezeit":"1\u00a0Minute"},"schema":{"@context":"https:\/\/schema.org","@graph":[{"@type":"WebPage","@id":"https:\/\/oleumhistriae.com\/de\/produkt\/istra-olivenoel-auswahl\/","url":"https:\/\/oleumhistriae.com\/de\/produkt\/istra-olivenoel-auswahl\/","name":"Istra Oliven\u00f6l Selection- Preis und Angebot | Oleum Histriae","isPartOf":{"@id":"https:\/\/oleumhistriae.com\/de\/#website"},"primaryImageOfPage":{"@id":"https:\/\/oleumhistriae.com\/de\/produkt\/istra-olivenoel-auswahl\/#primaryimage"},"image":{"@id":"https:\/\/oleumhistriae.com\/de\/produkt\/istra-olivenoel-auswahl\/#primaryimage"},"thumbnailUrl":"https:\/\/oleumhistriae.com\/wp-content\/uploads\/2023\/11\/istra-selection-716kb-scaled.jpg","datePublished":"2023-11-07T13:21:10+00:00","dateModified":"2024-03-21T11:00:43+00:00","description":"Genie\u00dfen Sie h\u00f6chste Qualit\u00e4t. Erfahren Sie mehr \u00fcber die Funktionen und bestellen Sie in unserem Webshop zu den besten Preisen!","breadcrumb":{"@id":"https:\/\/oleumhistriae.com\/de\/produkt\/istra-olivenoel-auswahl\/#breadcrumb"},"inLanguage":"de","potentialAction":[{"@type":"ReadAction","target":["https:\/\/oleumhistriae.com\/de\/produkt\/istra-olivenoel-auswahl\/"]}]},{"@type":"ImageObject","inLanguage":"de","@id":"https:\/\/oleumhistriae.com\/de\/produkt\/istra-olivenoel-auswahl\/#primaryimage","url":"https:\/\/oleumhistriae.com\/wp-content\/uploads\/2023\/11\/istra-selection-716kb-scaled.jpg","contentUrl":"https:\/\/oleumhistriae.com\/wp-content\/uploads\/2023\/11\/istra-selection-716kb-scaled.jpg","width":2560,"height":2424,"caption":"Istra olive oil selection"},{"@type":"BreadcrumbList","@id":"https:\/\/oleumhistriae.com\/de\/produkt\/istra-olivenoel-auswahl\/#breadcrumb","itemListElement":[{"@type":"ListItem","position":1,"name":"Home","item":"https:\/\/oleumhistriae.com\/de\/"},{"@type":"ListItem","position":2,"name":"Shop","item":"https:\/\/oleumhistriae.com\/en\/shop\/"},{"@type":"ListItem","position":3,"name":"Istra Oliven\u00f6l Selection"}]},{"@type":"WebSite","@id":"https:\/\/oleumhistriae.com\/de\/#website","url":"https:\/\/oleumhistriae.com\/de\/","name":"Museum Olei Histriae - Pula, Istra","description":"Ku\u0107a istarskog maslinovog ulja \u2013 istarska ekstra djevi\u010danska maslinova ulja - degustacija i prodaja. Muzej maslinarstva \u2013 povijest i sada\u0161njost maslinarstva","potentialAction":[{"@type":"SearchAction","target":{"@type":"EntryPoint","urlTemplate":"https:\/\/oleumhistriae.com\/de\/?s={search_term_string}"},"query-input":{"@type":"PropertyValueSpecification","valueRequired":true,"valueName":"search_term_string"}}],"inLanguage":"de"}]}},"_links":{"self":[{"href":"https:\/\/oleumhistriae.com\/de\/wp-json\/wp\/v2\/product\/8567","targetHints":{"allow":["GET"]}}],"collection":[{"href":"https:\/\/oleumhistriae.com\/de\/wp-json\/wp\/v2\/product"}],"about":[{"href":"https:\/\/oleumhistriae.com\/de\/wp-json\/wp\/v2\/types\/product"}],"wp:featuredmedia":[{"embeddable":true,"href":"https:\/\/oleumhistriae.com\/de\/wp-json\/wp\/v2\/media\/8571"}],"wp:attachment":[{"href":"https:\/\/oleumhistriae.com\/de\/wp-json\/wp\/v2\/media?parent=8567"}],"wp:term":[{"taxonomy":"product_brand","embeddable":true,"href":"https:\/\/oleumhistriae.com\/de\/wp-json\/wp\/v2\/product_brand?post=8567"},{"taxonomy":"product_cat","embeddable":true,"href":"https:\/\/oleumhistriae.com\/de\/wp-json\/wp\/v2\/product_cat?post=8567"},{"taxonomy":"product_tag","embeddable":true,"href":"https:\/\/oleumhistriae.com\/de\/wp-json\/wp\/v2\/product_tag?post=8567"}],"curies":[{"name":"wp","href":"https:\/\/api.w.org\/{rel}","templated":true}]}}