{"id":5965,"date":"2023-05-02T08:29:41","date_gmt":"2023-05-02T08:29:41","guid":{"rendered":"https:\/\/oleumhistriae.com\/proizvod\/gold-experience\/"},"modified":"2025-12-20T12:25:24","modified_gmt":"2025-12-20T12:25:24","slug":"gold-experience","status":"publish","type":"product","link":"https:\/\/oleumhistriae.com\/de\/produkt\/gold-experience\/","title":{"rendered":"Gold Experience"},"content":{"rendered":"","protected":false},"excerpt":{"rendered":"","protected":false},"featured_media":5966,"template":"","meta":[],"product_brand":[],"product_cat":[352],"product_tag":[],"class_list":{"0":"post-5965","1":"product","2":"type-product","3":"status-publish","4":"has-post-thumbnail","6":"product_cat-uncategorized-de","8":"first","9":"instock","10":"virtual","11":"sold-individually","12":"purchasable","13":"product-type-reservation"},"yoast_head":"<!-- This site is optimized with the Yoast SEO plugin v27.4 - https:\/\/yoast.com\/product\/yoast-seo-wordpress\/ -->\n<title>Gold experience Istrien Olivenol Verkostungen | Oleum Histriae<\/title>\n<meta name=\"description\" content=\"Genie\u00dfen Sie erstklassige Qualit\u00e4t von Gold experience. Erfahren Sie mehr \u00fcber dessen Funktionen und bestellen Sie zum besten Preis in unserem Webshop!\" \/>\n<meta name=\"robots\" content=\"index, follow, max-snippet:-1, max-image-preview:large, max-video-preview:-1\" \/>\n<link rel=\"canonical\" href=\"https:\/\/oleumhistriae.com\/de\/produkt\/gold-experience\/\" \/>\n<meta property=\"og:locale\" content=\"de_DE\" \/>\n<meta property=\"og:type\" content=\"article\" \/>\n<meta property=\"og:title\" content=\"Gold experience Istrien Olivenol Verkostungen | Oleum Histriae\" \/>\n<meta property=\"og:description\" content=\"Genie\u00dfen Sie erstklassige Qualit\u00e4t von Gold experience. Erfahren Sie mehr \u00fcber dessen Funktionen und bestellen Sie zum besten Preis in unserem Webshop!\" \/>\n<meta property=\"og:url\" content=\"https:\/\/oleumhistriae.com\/de\/produkt\/gold-experience\/\" \/>\n<meta property=\"og:site_name\" content=\"Ku\u0107a istarskog maslinovog ulja \u2013 Museum Olei Histriae - Pula, Istra\" \/>\n<meta property=\"article:modified_time\" content=\"2025-12-20T12:25:24+00:00\" \/>\n<meta property=\"og:image\" content=\"https:\/\/oleumhistriae.com\/wp-content\/uploads\/2023\/04\/oleum-histriae-gold-experience-04.webp\" \/>\n\t<meta property=\"og:image:width\" content=\"1500\" \/>\n\t<meta property=\"og:image:height\" content=\"998\" \/>\n\t<meta property=\"og:image:type\" content=\"image\/webp\" \/>\n<meta name=\"twitter:card\" content=\"summary_large_image\" \/>\n<meta name=\"twitter:label1\" content=\"Gesch\u00e4tzte Lesezeit\" \/>\n\t<meta name=\"twitter:data1\" content=\"1\u00a0Minute\" \/>\n<script type=\"application\/ld+json\" class=\"yoast-schema-graph\">{\"@context\":\"https:\\\/\\\/schema.org\",\"@graph\":[{\"@type\":\"WebPage\",\"@id\":\"https:\\\/\\\/oleumhistriae.com\\\/de\\\/produkt\\\/gold-experience\\\/\",\"url\":\"https:\\\/\\\/oleumhistriae.com\\\/de\\\/produkt\\\/gold-experience\\\/\",\"name\":\"Gold experience Istrien Olivenol Verkostungen | Oleum Histriae\",\"isPartOf\":{\"@id\":\"https:\\\/\\\/oleumhistriae.com\\\/de\\\/#website\"},\"primaryImageOfPage\":{\"@id\":\"https:\\\/\\\/oleumhistriae.com\\\/de\\\/produkt\\\/gold-experience\\\/#primaryimage\"},\"image\":{\"@id\":\"https:\\\/\\\/oleumhistriae.com\\\/de\\\/produkt\\\/gold-experience\\\/#primaryimage\"},\"thumbnailUrl\":\"https:\\\/\\\/oleumhistriae.com\\\/wp-content\\\/uploads\\\/2023\\\/04\\\/oleum-histriae-gold-experience-04.webp\",\"datePublished\":\"2023-05-02T08:29:41+00:00\",\"dateModified\":\"2025-12-20T12:25:24+00:00\",\"description\":\"Genie\u00dfen Sie erstklassige Qualit\u00e4t von Gold experience. Erfahren Sie mehr \u00fcber dessen Funktionen und bestellen Sie zum besten Preis in unserem Webshop!\",\"breadcrumb\":{\"@id\":\"https:\\\/\\\/oleumhistriae.com\\\/de\\\/produkt\\\/gold-experience\\\/#breadcrumb\"},\"inLanguage\":\"de\",\"potentialAction\":[{\"@type\":\"ReadAction\",\"target\":[\"https:\\\/\\\/oleumhistriae.com\\\/de\\\/produkt\\\/gold-experience\\\/\"]}]},{\"@type\":\"ImageObject\",\"inLanguage\":\"de\",\"@id\":\"https:\\\/\\\/oleumhistriae.com\\\/de\\\/produkt\\\/gold-experience\\\/#primaryimage\",\"url\":\"https:\\\/\\\/oleumhistriae.com\\\/wp-content\\\/uploads\\\/2023\\\/04\\\/oleum-histriae-gold-experience-04.webp\",\"contentUrl\":\"https:\\\/\\\/oleumhistriae.com\\\/wp-content\\\/uploads\\\/2023\\\/04\\\/oleum-histriae-gold-experience-04.webp\",\"width\":1500,\"height\":998},{\"@type\":\"BreadcrumbList\",\"@id\":\"https:\\\/\\\/oleumhistriae.com\\\/de\\\/produkt\\\/gold-experience\\\/#breadcrumb\",\"itemListElement\":[{\"@type\":\"ListItem\",\"position\":1,\"name\":\"Home\",\"item\":\"https:\\\/\\\/oleumhistriae.com\\\/de\\\/\"},{\"@type\":\"ListItem\",\"position\":2,\"name\":\"Shop\",\"item\":\"https:\\\/\\\/oleumhistriae.com\\\/en\\\/shop\\\/\"},{\"@type\":\"ListItem\",\"position\":3,\"name\":\"Gold Experience\"}]},{\"@type\":\"WebSite\",\"@id\":\"https:\\\/\\\/oleumhistriae.com\\\/de\\\/#website\",\"url\":\"https:\\\/\\\/oleumhistriae.com\\\/de\\\/\",\"name\":\"Museum Olei Histriae - Pula, Istra\",\"description\":\"Ku\u0107a istarskog maslinovog ulja \u2013 istarska ekstra djevi\u010danska maslinova ulja - degustacija i prodaja. Muzej maslinarstva \u2013 povijest i sada\u0161njost maslinarstva\",\"potentialAction\":[{\"@type\":\"SearchAction\",\"target\":{\"@type\":\"EntryPoint\",\"urlTemplate\":\"https:\\\/\\\/oleumhistriae.com\\\/de\\\/?s={search_term_string}\"},\"query-input\":{\"@type\":\"PropertyValueSpecification\",\"valueRequired\":true,\"valueName\":\"search_term_string\"}}],\"inLanguage\":\"de\"}]}<\/script>\n<!-- \/ Yoast SEO plugin. -->","yoast_head_json":{"title":"Gold experience Istrien Olivenol Verkostungen | Oleum Histriae","description":"Genie\u00dfen Sie erstklassige Qualit\u00e4t von Gold experience. Erfahren Sie mehr \u00fcber dessen Funktionen und bestellen Sie zum besten Preis in unserem Webshop!","robots":{"index":"index","follow":"follow","max-snippet":"max-snippet:-1","max-image-preview":"max-image-preview:large","max-video-preview":"max-video-preview:-1"},"canonical":"https:\/\/oleumhistriae.com\/de\/produkt\/gold-experience\/","og_locale":"de_DE","og_type":"article","og_title":"Gold experience Istrien Olivenol Verkostungen | Oleum Histriae","og_description":"Genie\u00dfen Sie erstklassige Qualit\u00e4t von Gold experience. Erfahren Sie mehr \u00fcber dessen Funktionen und bestellen Sie zum besten Preis in unserem Webshop!","og_url":"https:\/\/oleumhistriae.com\/de\/produkt\/gold-experience\/","og_site_name":"Ku\u0107a istarskog maslinovog ulja \u2013 Museum Olei Histriae - Pula, Istra","article_modified_time":"2025-12-20T12:25:24+00:00","og_image":[{"width":1500,"height":998,"url":"https:\/\/oleumhistriae.com\/wp-content\/uploads\/2023\/04\/oleum-histriae-gold-experience-04.webp","type":"image\/webp"}],"twitter_card":"summary_large_image","twitter_misc":{"Gesch\u00e4tzte Lesezeit":"1\u00a0Minute"},"schema":{"@context":"https:\/\/schema.org","@graph":[{"@type":"WebPage","@id":"https:\/\/oleumhistriae.com\/de\/produkt\/gold-experience\/","url":"https:\/\/oleumhistriae.com\/de\/produkt\/gold-experience\/","name":"Gold experience Istrien Olivenol Verkostungen | Oleum Histriae","isPartOf":{"@id":"https:\/\/oleumhistriae.com\/de\/#website"},"primaryImageOfPage":{"@id":"https:\/\/oleumhistriae.com\/de\/produkt\/gold-experience\/#primaryimage"},"image":{"@id":"https:\/\/oleumhistriae.com\/de\/produkt\/gold-experience\/#primaryimage"},"thumbnailUrl":"https:\/\/oleumhistriae.com\/wp-content\/uploads\/2023\/04\/oleum-histriae-gold-experience-04.webp","datePublished":"2023-05-02T08:29:41+00:00","dateModified":"2025-12-20T12:25:24+00:00","description":"Genie\u00dfen Sie erstklassige Qualit\u00e4t von Gold experience. Erfahren Sie mehr \u00fcber dessen Funktionen und bestellen Sie zum besten Preis in unserem Webshop!","breadcrumb":{"@id":"https:\/\/oleumhistriae.com\/de\/produkt\/gold-experience\/#breadcrumb"},"inLanguage":"de","potentialAction":[{"@type":"ReadAction","target":["https:\/\/oleumhistriae.com\/de\/produkt\/gold-experience\/"]}]},{"@type":"ImageObject","inLanguage":"de","@id":"https:\/\/oleumhistriae.com\/de\/produkt\/gold-experience\/#primaryimage","url":"https:\/\/oleumhistriae.com\/wp-content\/uploads\/2023\/04\/oleum-histriae-gold-experience-04.webp","contentUrl":"https:\/\/oleumhistriae.com\/wp-content\/uploads\/2023\/04\/oleum-histriae-gold-experience-04.webp","width":1500,"height":998},{"@type":"BreadcrumbList","@id":"https:\/\/oleumhistriae.com\/de\/produkt\/gold-experience\/#breadcrumb","itemListElement":[{"@type":"ListItem","position":1,"name":"Home","item":"https:\/\/oleumhistriae.com\/de\/"},{"@type":"ListItem","position":2,"name":"Shop","item":"https:\/\/oleumhistriae.com\/en\/shop\/"},{"@type":"ListItem","position":3,"name":"Gold Experience"}]},{"@type":"WebSite","@id":"https:\/\/oleumhistriae.com\/de\/#website","url":"https:\/\/oleumhistriae.com\/de\/","name":"Museum Olei Histriae - Pula, Istra","description":"Ku\u0107a istarskog maslinovog ulja \u2013 istarska ekstra djevi\u010danska maslinova ulja - degustacija i prodaja. Muzej maslinarstva \u2013 povijest i sada\u0161njost maslinarstva","potentialAction":[{"@type":"SearchAction","target":{"@type":"EntryPoint","urlTemplate":"https:\/\/oleumhistriae.com\/de\/?s={search_term_string}"},"query-input":{"@type":"PropertyValueSpecification","valueRequired":true,"valueName":"search_term_string"}}],"inLanguage":"de"}]}},"_links":{"self":[{"href":"https:\/\/oleumhistriae.com\/de\/wp-json\/wp\/v2\/product\/5965","targetHints":{"allow":["GET"]}}],"collection":[{"href":"https:\/\/oleumhistriae.com\/de\/wp-json\/wp\/v2\/product"}],"about":[{"href":"https:\/\/oleumhistriae.com\/de\/wp-json\/wp\/v2\/types\/product"}],"wp:featuredmedia":[{"embeddable":true,"href":"https:\/\/oleumhistriae.com\/de\/wp-json\/wp\/v2\/media\/5966"}],"wp:attachment":[{"href":"https:\/\/oleumhistriae.com\/de\/wp-json\/wp\/v2\/media?parent=5965"}],"wp:term":[{"taxonomy":"product_brand","embeddable":true,"href":"https:\/\/oleumhistriae.com\/de\/wp-json\/wp\/v2\/product_brand?post=5965"},{"taxonomy":"product_cat","embeddable":true,"href":"https:\/\/oleumhistriae.com\/de\/wp-json\/wp\/v2\/product_cat?post=5965"},{"taxonomy":"product_tag","embeddable":true,"href":"https:\/\/oleumhistriae.com\/de\/wp-json\/wp\/v2\/product_tag?post=5965"}],"curies":[{"name":"wp","href":"https:\/\/api.w.org\/{rel}","templated":true}]}}