{"id":5254,"date":"2023-03-13T13:06:43","date_gmt":"2023-03-13T13:06:43","guid":{"rendered":"https:\/\/oleumhistriae.com\/proizvod\/oleum-viride-leccino-05l\/"},"modified":"2024-03-20T23:00:19","modified_gmt":"2024-03-20T23:00:19","slug":"oleum-viride-leccino-05l","status":"publish","type":"product","link":"https:\/\/oleumhistriae.com\/de\/produkt\/oleum-viride-leccino-05l\/","title":{"rendered":"Oleum Viride Oliven\u00f6l &#8211; Leccino 0,5L"},"content":{"rendered":"<p><strong>OLEUM VIRIDE BELI\u0106<\/strong><\/p>\n<p>In den Olivenhainen in der Umgebung von Fa\u017eana, Peroj und Gali\u017eana wachsen und reifen Oliven an, die der Familie Beli\u0107 geh\u00f6ren. Die Familie beachtet alle strengen agronomischen und technologischen Vorschriften f\u00fcr den Anbau, die Ernte und die Verarbeitung von Oliven. Daraus entsteht ein hochwertiges Oliven\u00f6l in Form des wiedererkennbaren Produkts Oleum Viride. Das au\u00dfergew\u00f6hnliche Engagement der Familie Beli\u0107 resultiert in der Produktion von 12 Oliven\u00f6lsorten, was die gr\u00f6\u00dfte Anzahl von Oliven\u00f6lsorten aller istrischen Olivenanbauer ist. Oleum Viride Extra Virgine Oliven\u00f6l wird in eleganten schwarzen Flaschen mit auff\u00e4lligen verschiedenfarbigen Etiketten angeboten. Jede Farbe pr\u00e4sentiert eine Oliven\u00f6lsorte. Die Familie erhielt 2009 f\u00fcr das Verpackungsdesign den Reddot Design Award. Dieses \u00d6l wird am spanischen Hof, in Rom und von Papst Franziskus selbst genossen.<\/p>\n<p>&nbsp;<\/p>\n<p><img loading=\"lazy\" decoding=\"async\" class=\"wp-image-858 alignleft\" src=\"https:\/\/oleumhistriae.com\/wp-content\/uploads\/2018\/03\/OLEUM_VIRIDE_BELIC\u03013-300x200.png\" alt=\"\" width=\"445\" height=\"297\" \/><\/p>\n<p><img loading=\"lazy\" decoding=\"async\" class=\"wp-image-857 alignleft\" src=\"https:\/\/oleumhistriae.com\/wp-content\/uploads\/2018\/03\/OLEUM_VIRIDE_BELIC\u03012-300x200.jpg\" alt=\"\" width=\"445\" height=\"297\" \/><img loading=\"lazy\" decoding=\"async\" class=\"wp-image-856 alignleft\" src=\"https:\/\/oleumhistriae.com\/wp-content\/uploads\/2018\/03\/OLEUM_VIRIDE_BELIC\u0301-300x200.jpg\" alt=\"\" width=\"445\" height=\"297\" \/><\/p>\n","protected":false},"excerpt":{"rendered":"<p>Dieses \u00d6l ist harmonisch, frisch, leicht und von vorz\u00fcglicher Qualit\u00e4t und schmeckt nach Oliven und aromatischen Kr\u00e4utern. Es hat eine sanfte Bitterkeit und W\u00fcrze. Durch seine unwiderstehliche fruchtige Frische und einem langanhaltenden Aroma wird es mit Meeresspezialit\u00e4ten und Nachspeisen verwendet.<\/p>\n","protected":false},"featured_media":4223,"template":"","meta":[],"product_brand":[],"product_cat":[239,270,251,258],"product_tag":[],"class_list":{"0":"post-5254","1":"product","2":"type-product","3":"status-publish","4":"has-post-thumbnail","6":"product_cat-brand","7":"product_cat-leccino-de","8":"product_cat-oleum-viride-belic-de","9":"product_cat-natives-olivenol-extra","10":"pa_jacina-2-de","12":"first","13":"instock","14":"shipping-taxable","15":"purchasable","16":"product-type-simple"},"yoast_head":"<!-- This site is optimized with the Yoast SEO plugin v27.4 - https:\/\/yoast.com\/product\/yoast-seo-wordpress\/ -->\n<title>Oleum Viride Oliven\u00f6l - Leccino 0,5L- Preis und Angebot | Oleum Histriae<\/title>\n<meta name=\"description\" content=\"Genie\u00dfen Sie erstklassige Qualit\u00e4t von Oleum Viride Oliven\u00f6l - Leccino 0,5L. Erfahren Sie mehr \u00fcber dessen Funktionen und bestellen Sie zum besten Preis in unserem Webshop!\" \/>\n<meta name=\"robots\" content=\"index, follow, max-snippet:-1, max-image-preview:large, max-video-preview:-1\" \/>\n<link rel=\"canonical\" href=\"https:\/\/oleumhistriae.com\/de\/produkt\/oleum-viride-leccino-05l\/\" \/>\n<meta property=\"og:locale\" content=\"de_DE\" \/>\n<meta property=\"og:type\" content=\"article\" \/>\n<meta property=\"og:title\" content=\"Oleum Viride Oliven\u00f6l - Leccino 0,5L- Preis und Angebot | Oleum Histriae\" \/>\n<meta property=\"og:description\" content=\"Genie\u00dfen Sie erstklassige Qualit\u00e4t von Oleum Viride Oliven\u00f6l - Leccino 0,5L. Erfahren Sie mehr \u00fcber dessen Funktionen und bestellen Sie zum besten Preis in unserem Webshop!\" \/>\n<meta property=\"og:url\" content=\"https:\/\/oleumhistriae.com\/de\/produkt\/oleum-viride-leccino-05l\/\" \/>\n<meta property=\"og:site_name\" content=\"Ku\u0107a istarskog maslinovog ulja \u2013 Museum Olei Histriae - Pula, Istra\" \/>\n<meta property=\"article:modified_time\" content=\"2024-03-20T23:00:19+00:00\" \/>\n<meta property=\"og:image\" content=\"https:\/\/oleumhistriae.com\/wp-content\/uploads\/2023\/03\/BELIC_LECCINO_0_5.jpg\" \/>\n\t<meta property=\"og:image:width\" content=\"1200\" \/>\n\t<meta property=\"og:image:height\" content=\"1200\" \/>\n\t<meta property=\"og:image:type\" content=\"image\/jpeg\" \/>\n<meta name=\"twitter:card\" content=\"summary_large_image\" \/>\n<meta name=\"twitter:label1\" content=\"Gesch\u00e4tzte Lesezeit\" \/>\n\t<meta name=\"twitter:data1\" content=\"2\u00a0Minuten\" \/>\n<script type=\"application\/ld+json\" class=\"yoast-schema-graph\">{\"@context\":\"https:\\\/\\\/schema.org\",\"@graph\":[{\"@type\":\"WebPage\",\"@id\":\"https:\\\/\\\/oleumhistriae.com\\\/de\\\/produkt\\\/oleum-viride-leccino-05l\\\/\",\"url\":\"https:\\\/\\\/oleumhistriae.com\\\/de\\\/produkt\\\/oleum-viride-leccino-05l\\\/\",\"name\":\"Oleum Viride Oliven\u00f6l - Leccino 0,5L- Preis und Angebot | Oleum Histriae\",\"isPartOf\":{\"@id\":\"https:\\\/\\\/oleumhistriae.com\\\/de\\\/#website\"},\"primaryImageOfPage\":{\"@id\":\"https:\\\/\\\/oleumhistriae.com\\\/de\\\/produkt\\\/oleum-viride-leccino-05l\\\/#primaryimage\"},\"image\":{\"@id\":\"https:\\\/\\\/oleumhistriae.com\\\/de\\\/produkt\\\/oleum-viride-leccino-05l\\\/#primaryimage\"},\"thumbnailUrl\":\"https:\\\/\\\/oleumhistriae.com\\\/wp-content\\\/uploads\\\/2023\\\/03\\\/BELIC_LECCINO_0_5.jpg\",\"datePublished\":\"2023-03-13T13:06:43+00:00\",\"dateModified\":\"2024-03-20T23:00:19+00:00\",\"description\":\"Genie\u00dfen Sie erstklassige Qualit\u00e4t von Oleum Viride Oliven\u00f6l - Leccino 0,5L. Erfahren Sie mehr \u00fcber dessen Funktionen und bestellen Sie zum besten Preis in unserem Webshop!\",\"breadcrumb\":{\"@id\":\"https:\\\/\\\/oleumhistriae.com\\\/de\\\/produkt\\\/oleum-viride-leccino-05l\\\/#breadcrumb\"},\"inLanguage\":\"de\",\"potentialAction\":[{\"@type\":\"ReadAction\",\"target\":[\"https:\\\/\\\/oleumhistriae.com\\\/de\\\/produkt\\\/oleum-viride-leccino-05l\\\/\"]}]},{\"@type\":\"ImageObject\",\"inLanguage\":\"de\",\"@id\":\"https:\\\/\\\/oleumhistriae.com\\\/de\\\/produkt\\\/oleum-viride-leccino-05l\\\/#primaryimage\",\"url\":\"https:\\\/\\\/oleumhistriae.com\\\/wp-content\\\/uploads\\\/2023\\\/03\\\/BELIC_LECCINO_0_5.jpg\",\"contentUrl\":\"https:\\\/\\\/oleumhistriae.com\\\/wp-content\\\/uploads\\\/2023\\\/03\\\/BELIC_LECCINO_0_5.jpg\",\"width\":1200,\"height\":1200},{\"@type\":\"BreadcrumbList\",\"@id\":\"https:\\\/\\\/oleumhistriae.com\\\/de\\\/produkt\\\/oleum-viride-leccino-05l\\\/#breadcrumb\",\"itemListElement\":[{\"@type\":\"ListItem\",\"position\":1,\"name\":\"Home\",\"item\":\"https:\\\/\\\/oleumhistriae.com\\\/de\\\/\"},{\"@type\":\"ListItem\",\"position\":2,\"name\":\"Shop\",\"item\":\"https:\\\/\\\/oleumhistriae.com\\\/en\\\/shop\\\/\"},{\"@type\":\"ListItem\",\"position\":3,\"name\":\"Oleum Viride Oliven\u00f6l &#8211; Leccino 0,5L\"}]},{\"@type\":\"WebSite\",\"@id\":\"https:\\\/\\\/oleumhistriae.com\\\/de\\\/#website\",\"url\":\"https:\\\/\\\/oleumhistriae.com\\\/de\\\/\",\"name\":\"Museum Olei Histriae - Pula, Istra\",\"description\":\"Ku\u0107a istarskog maslinovog ulja \u2013 istarska ekstra djevi\u010danska maslinova ulja - degustacija i prodaja. Muzej maslinarstva \u2013 povijest i sada\u0161njost maslinarstva\",\"potentialAction\":[{\"@type\":\"SearchAction\",\"target\":{\"@type\":\"EntryPoint\",\"urlTemplate\":\"https:\\\/\\\/oleumhistriae.com\\\/de\\\/?s={search_term_string}\"},\"query-input\":{\"@type\":\"PropertyValueSpecification\",\"valueRequired\":true,\"valueName\":\"search_term_string\"}}],\"inLanguage\":\"de\"}]}<\/script>\n<!-- \/ Yoast SEO plugin. -->","yoast_head_json":{"title":"Oleum Viride Oliven\u00f6l - Leccino 0,5L- Preis und Angebot | Oleum Histriae","description":"Genie\u00dfen Sie erstklassige Qualit\u00e4t von Oleum Viride Oliven\u00f6l - Leccino 0,5L. Erfahren Sie mehr \u00fcber dessen Funktionen und bestellen Sie zum besten Preis in unserem Webshop!","robots":{"index":"index","follow":"follow","max-snippet":"max-snippet:-1","max-image-preview":"max-image-preview:large","max-video-preview":"max-video-preview:-1"},"canonical":"https:\/\/oleumhistriae.com\/de\/produkt\/oleum-viride-leccino-05l\/","og_locale":"de_DE","og_type":"article","og_title":"Oleum Viride Oliven\u00f6l - Leccino 0,5L- Preis und Angebot | Oleum Histriae","og_description":"Genie\u00dfen Sie erstklassige Qualit\u00e4t von Oleum Viride Oliven\u00f6l - Leccino 0,5L. Erfahren Sie mehr \u00fcber dessen Funktionen und bestellen Sie zum besten Preis in unserem Webshop!","og_url":"https:\/\/oleumhistriae.com\/de\/produkt\/oleum-viride-leccino-05l\/","og_site_name":"Ku\u0107a istarskog maslinovog ulja \u2013 Museum Olei Histriae - Pula, Istra","article_modified_time":"2024-03-20T23:00:19+00:00","og_image":[{"width":1200,"height":1200,"url":"https:\/\/oleumhistriae.com\/wp-content\/uploads\/2023\/03\/BELIC_LECCINO_0_5.jpg","type":"image\/jpeg"}],"twitter_card":"summary_large_image","twitter_misc":{"Gesch\u00e4tzte Lesezeit":"2\u00a0Minuten"},"schema":{"@context":"https:\/\/schema.org","@graph":[{"@type":"WebPage","@id":"https:\/\/oleumhistriae.com\/de\/produkt\/oleum-viride-leccino-05l\/","url":"https:\/\/oleumhistriae.com\/de\/produkt\/oleum-viride-leccino-05l\/","name":"Oleum Viride Oliven\u00f6l - Leccino 0,5L- Preis und Angebot | Oleum Histriae","isPartOf":{"@id":"https:\/\/oleumhistriae.com\/de\/#website"},"primaryImageOfPage":{"@id":"https:\/\/oleumhistriae.com\/de\/produkt\/oleum-viride-leccino-05l\/#primaryimage"},"image":{"@id":"https:\/\/oleumhistriae.com\/de\/produkt\/oleum-viride-leccino-05l\/#primaryimage"},"thumbnailUrl":"https:\/\/oleumhistriae.com\/wp-content\/uploads\/2023\/03\/BELIC_LECCINO_0_5.jpg","datePublished":"2023-03-13T13:06:43+00:00","dateModified":"2024-03-20T23:00:19+00:00","description":"Genie\u00dfen Sie erstklassige Qualit\u00e4t von Oleum Viride Oliven\u00f6l - Leccino 0,5L. Erfahren Sie mehr \u00fcber dessen Funktionen und bestellen Sie zum besten Preis in unserem Webshop!","breadcrumb":{"@id":"https:\/\/oleumhistriae.com\/de\/produkt\/oleum-viride-leccino-05l\/#breadcrumb"},"inLanguage":"de","potentialAction":[{"@type":"ReadAction","target":["https:\/\/oleumhistriae.com\/de\/produkt\/oleum-viride-leccino-05l\/"]}]},{"@type":"ImageObject","inLanguage":"de","@id":"https:\/\/oleumhistriae.com\/de\/produkt\/oleum-viride-leccino-05l\/#primaryimage","url":"https:\/\/oleumhistriae.com\/wp-content\/uploads\/2023\/03\/BELIC_LECCINO_0_5.jpg","contentUrl":"https:\/\/oleumhistriae.com\/wp-content\/uploads\/2023\/03\/BELIC_LECCINO_0_5.jpg","width":1200,"height":1200},{"@type":"BreadcrumbList","@id":"https:\/\/oleumhistriae.com\/de\/produkt\/oleum-viride-leccino-05l\/#breadcrumb","itemListElement":[{"@type":"ListItem","position":1,"name":"Home","item":"https:\/\/oleumhistriae.com\/de\/"},{"@type":"ListItem","position":2,"name":"Shop","item":"https:\/\/oleumhistriae.com\/en\/shop\/"},{"@type":"ListItem","position":3,"name":"Oleum Viride Oliven\u00f6l &#8211; Leccino 0,5L"}]},{"@type":"WebSite","@id":"https:\/\/oleumhistriae.com\/de\/#website","url":"https:\/\/oleumhistriae.com\/de\/","name":"Museum Olei Histriae - Pula, Istra","description":"Ku\u0107a istarskog maslinovog ulja \u2013 istarska ekstra djevi\u010danska maslinova ulja - degustacija i prodaja. Muzej maslinarstva \u2013 povijest i sada\u0161njost maslinarstva","potentialAction":[{"@type":"SearchAction","target":{"@type":"EntryPoint","urlTemplate":"https:\/\/oleumhistriae.com\/de\/?s={search_term_string}"},"query-input":{"@type":"PropertyValueSpecification","valueRequired":true,"valueName":"search_term_string"}}],"inLanguage":"de"}]}},"_links":{"self":[{"href":"https:\/\/oleumhistriae.com\/de\/wp-json\/wp\/v2\/product\/5254","targetHints":{"allow":["GET"]}}],"collection":[{"href":"https:\/\/oleumhistriae.com\/de\/wp-json\/wp\/v2\/product"}],"about":[{"href":"https:\/\/oleumhistriae.com\/de\/wp-json\/wp\/v2\/types\/product"}],"wp:featuredmedia":[{"embeddable":true,"href":"https:\/\/oleumhistriae.com\/de\/wp-json\/wp\/v2\/media\/4223"}],"wp:attachment":[{"href":"https:\/\/oleumhistriae.com\/de\/wp-json\/wp\/v2\/media?parent=5254"}],"wp:term":[{"taxonomy":"product_brand","embeddable":true,"href":"https:\/\/oleumhistriae.com\/de\/wp-json\/wp\/v2\/product_brand?post=5254"},{"taxonomy":"product_cat","embeddable":true,"href":"https:\/\/oleumhistriae.com\/de\/wp-json\/wp\/v2\/product_cat?post=5254"},{"taxonomy":"product_tag","embeddable":true,"href":"https:\/\/oleumhistriae.com\/de\/wp-json\/wp\/v2\/product_tag?post=5254"}],"curies":[{"name":"wp","href":"https:\/\/api.w.org\/{rel}","templated":true}]}}