{"id":5250,"date":"2023-03-13T13:06:44","date_gmt":"2023-03-13T13:06:44","guid":{"rendered":"https:\/\/oleumhistriae.com\/proizvod\/vosten-blend-05l\/"},"modified":"2024-03-20T22:58:38","modified_gmt":"2024-03-20T22:58:38","slug":"vosten-blend-05l","status":"publish","type":"product","link":"https:\/\/oleumhistriae.com\/de\/produkt\/vosten-blend-05l\/","title":{"rendered":"Vo\u0161ten Oliven\u00f6l &#8211; Blend 0,5L"},"content":{"rendered":"<p><strong>VO\u0160TEN<\/strong><\/p>\n<p>Im idyllischen Dorf Sveti Lovre\u010d, im Westen Istriens, befindet sich ein Olivenhain der Familie Vo\u0161ten die 700 Olivenb\u00e4ume hat. Schon seit Generationen wird dieser Olivenhain mit viel Aufmerksamkeit und Liebe bearbeitet und der Olivenanbau und die Oliven\u00f6lproduktion wurde ver\u00e4ndert. Dieses hervorragende \u00d6l ist seit 9 Jahren in \u201eFlos Olei&#8220;, als eines der besten Oliven\u00f6le der Welt, vertreten.<\/p>\n<p><img loading=\"lazy\" decoding=\"async\" class=\"wp-image-880 size-full alignnone\" src=\"https:\/\/oleumhistriae.com\/wp-content\/uploads\/2018\/03\/vos\u030cten1.jpg\" alt=\"\" width=\"454\" height=\"341\" \/><\/p>\n<p><img loading=\"lazy\" decoding=\"async\" class=\"alignnone wp-image-881\" src=\"https:\/\/oleumhistriae.com\/wp-content\/uploads\/2018\/03\/vos\u030cten2-224x300.jpg\" alt=\"\" width=\"445\" height=\"596\" \/><\/p>\n<p><img loading=\"lazy\" decoding=\"async\" class=\"alignnone wp-image-882\" src=\"https:\/\/oleumhistriae.com\/wp-content\/uploads\/2018\/03\/vos\u030cten3-300x226.jpg\" alt=\"\" width=\"445\" height=\"335\" \/><\/p>\n","protected":false},"excerpt":{"rendered":"<p>Das Extra Vergine Oliven\u00f6l Vo\u0161ten ist eine Mischung aus f\u00fcnf Sorten: Bu\u017ea, Istarska Bjelica, Leccino, Pendolino und Frantoio. Es zeichnet sich durch seinen angenehm fruchtigen Geschmack nach Honigmelone aus. Im Geschmack ist es bitter und leicht w\u00fcrzig. Dieses \u00d6l passt zu allen Gerichten, aber am besten passt es zur traditionellen istrischen K\u00fcche.<\/p>\n","protected":false},"featured_media":4237,"template":"","meta":[],"product_brand":[],"product_cat":[350,239,258,348],"product_tag":[],"class_list":{"0":"post-5250","1":"product","2":"type-product","3":"status-publish","4":"has-post-thumbnail","6":"product_cat-blend","7":"product_cat-brand","8":"product_cat-natives-olivenol-extra","9":"product_cat-vosten-de","10":"pa_jacina-1-de","12":"first","13":"instock","14":"shipping-taxable","15":"purchasable","16":"product-type-simple"},"yoast_head":"<!-- This site is optimized with the Yoast SEO plugin v27.4 - https:\/\/yoast.com\/product\/yoast-seo-wordpress\/ -->\n<title>Vo\u0161ten Oliven\u00f6l - Blend 0,5L- Preis und Angebot | Oleum Histriae<\/title>\n<meta name=\"description\" content=\"Genie\u00dfen Sie erstklassige Qualit\u00e4t von Vo\u0161ten Oliven\u00f6l - Blend 0,5L. Erfahren Sie mehr \u00fcber dessen Funktionen und bestellen Sie zum besten Preis in unserem Webshop!\" \/>\n<meta name=\"robots\" content=\"index, follow, max-snippet:-1, max-image-preview:large, max-video-preview:-1\" \/>\n<link rel=\"canonical\" href=\"https:\/\/oleumhistriae.com\/de\/produkt\/vosten-blend-05l\/\" \/>\n<meta property=\"og:locale\" content=\"de_DE\" \/>\n<meta property=\"og:type\" content=\"article\" \/>\n<meta property=\"og:title\" content=\"Vo\u0161ten Oliven\u00f6l - Blend 0,5L- Preis und Angebot | Oleum Histriae\" \/>\n<meta property=\"og:description\" content=\"Genie\u00dfen Sie erstklassige Qualit\u00e4t von Vo\u0161ten Oliven\u00f6l - Blend 0,5L. Erfahren Sie mehr \u00fcber dessen Funktionen und bestellen Sie zum besten Preis in unserem Webshop!\" \/>\n<meta property=\"og:url\" content=\"https:\/\/oleumhistriae.com\/de\/produkt\/vosten-blend-05l\/\" \/>\n<meta property=\"og:site_name\" content=\"Ku\u0107a istarskog maslinovog ulja \u2013 Museum Olei Histriae - Pula, Istra\" \/>\n<meta property=\"article:modified_time\" content=\"2024-03-20T22:58:38+00:00\" \/>\n<meta property=\"og:image\" content=\"https:\/\/oleumhistriae.com\/wp-content\/uploads\/2023\/03\/VOSTEN_PREMIUM_0_5.jpg\" \/>\n\t<meta property=\"og:image:width\" content=\"1200\" \/>\n\t<meta property=\"og:image:height\" content=\"1200\" \/>\n\t<meta property=\"og:image:type\" content=\"image\/jpeg\" \/>\n<meta name=\"twitter:card\" content=\"summary_large_image\" \/>\n<meta name=\"twitter:label1\" content=\"Gesch\u00e4tzte Lesezeit\" \/>\n\t<meta name=\"twitter:data1\" content=\"1\u00a0Minute\" \/>\n<script type=\"application\/ld+json\" class=\"yoast-schema-graph\">{\"@context\":\"https:\\\/\\\/schema.org\",\"@graph\":[{\"@type\":\"WebPage\",\"@id\":\"https:\\\/\\\/oleumhistriae.com\\\/de\\\/produkt\\\/vosten-blend-05l\\\/\",\"url\":\"https:\\\/\\\/oleumhistriae.com\\\/de\\\/produkt\\\/vosten-blend-05l\\\/\",\"name\":\"Vo\u0161ten Oliven\u00f6l - Blend 0,5L- Preis und Angebot | Oleum Histriae\",\"isPartOf\":{\"@id\":\"https:\\\/\\\/oleumhistriae.com\\\/de\\\/#website\"},\"primaryImageOfPage\":{\"@id\":\"https:\\\/\\\/oleumhistriae.com\\\/de\\\/produkt\\\/vosten-blend-05l\\\/#primaryimage\"},\"image\":{\"@id\":\"https:\\\/\\\/oleumhistriae.com\\\/de\\\/produkt\\\/vosten-blend-05l\\\/#primaryimage\"},\"thumbnailUrl\":\"https:\\\/\\\/oleumhistriae.com\\\/wp-content\\\/uploads\\\/2023\\\/03\\\/VOSTEN_PREMIUM_0_5.jpg\",\"datePublished\":\"2023-03-13T13:06:44+00:00\",\"dateModified\":\"2024-03-20T22:58:38+00:00\",\"description\":\"Genie\u00dfen Sie erstklassige Qualit\u00e4t von Vo\u0161ten Oliven\u00f6l - Blend 0,5L. Erfahren Sie mehr \u00fcber dessen Funktionen und bestellen Sie zum besten Preis in unserem Webshop!\",\"breadcrumb\":{\"@id\":\"https:\\\/\\\/oleumhistriae.com\\\/de\\\/produkt\\\/vosten-blend-05l\\\/#breadcrumb\"},\"inLanguage\":\"de\",\"potentialAction\":[{\"@type\":\"ReadAction\",\"target\":[\"https:\\\/\\\/oleumhistriae.com\\\/de\\\/produkt\\\/vosten-blend-05l\\\/\"]}]},{\"@type\":\"ImageObject\",\"inLanguage\":\"de\",\"@id\":\"https:\\\/\\\/oleumhistriae.com\\\/de\\\/produkt\\\/vosten-blend-05l\\\/#primaryimage\",\"url\":\"https:\\\/\\\/oleumhistriae.com\\\/wp-content\\\/uploads\\\/2023\\\/03\\\/VOSTEN_PREMIUM_0_5.jpg\",\"contentUrl\":\"https:\\\/\\\/oleumhistriae.com\\\/wp-content\\\/uploads\\\/2023\\\/03\\\/VOSTEN_PREMIUM_0_5.jpg\",\"width\":1200,\"height\":1200},{\"@type\":\"BreadcrumbList\",\"@id\":\"https:\\\/\\\/oleumhistriae.com\\\/de\\\/produkt\\\/vosten-blend-05l\\\/#breadcrumb\",\"itemListElement\":[{\"@type\":\"ListItem\",\"position\":1,\"name\":\"Home\",\"item\":\"https:\\\/\\\/oleumhistriae.com\\\/de\\\/\"},{\"@type\":\"ListItem\",\"position\":2,\"name\":\"Shop\",\"item\":\"https:\\\/\\\/oleumhistriae.com\\\/en\\\/shop\\\/\"},{\"@type\":\"ListItem\",\"position\":3,\"name\":\"Vo\u0161ten Oliven\u00f6l &#8211; Blend 0,5L\"}]},{\"@type\":\"WebSite\",\"@id\":\"https:\\\/\\\/oleumhistriae.com\\\/de\\\/#website\",\"url\":\"https:\\\/\\\/oleumhistriae.com\\\/de\\\/\",\"name\":\"Museum Olei Histriae - Pula, Istra\",\"description\":\"Ku\u0107a istarskog maslinovog ulja \u2013 istarska ekstra djevi\u010danska maslinova ulja - degustacija i prodaja. Muzej maslinarstva \u2013 povijest i sada\u0161njost maslinarstva\",\"potentialAction\":[{\"@type\":\"SearchAction\",\"target\":{\"@type\":\"EntryPoint\",\"urlTemplate\":\"https:\\\/\\\/oleumhistriae.com\\\/de\\\/?s={search_term_string}\"},\"query-input\":{\"@type\":\"PropertyValueSpecification\",\"valueRequired\":true,\"valueName\":\"search_term_string\"}}],\"inLanguage\":\"de\"}]}<\/script>\n<!-- \/ Yoast SEO plugin. -->","yoast_head_json":{"title":"Vo\u0161ten Oliven\u00f6l - Blend 0,5L- Preis und Angebot | Oleum Histriae","description":"Genie\u00dfen Sie erstklassige Qualit\u00e4t von Vo\u0161ten Oliven\u00f6l - Blend 0,5L. Erfahren Sie mehr \u00fcber dessen Funktionen und bestellen Sie zum besten Preis in unserem Webshop!","robots":{"index":"index","follow":"follow","max-snippet":"max-snippet:-1","max-image-preview":"max-image-preview:large","max-video-preview":"max-video-preview:-1"},"canonical":"https:\/\/oleumhistriae.com\/de\/produkt\/vosten-blend-05l\/","og_locale":"de_DE","og_type":"article","og_title":"Vo\u0161ten Oliven\u00f6l - Blend 0,5L- Preis und Angebot | Oleum Histriae","og_description":"Genie\u00dfen Sie erstklassige Qualit\u00e4t von Vo\u0161ten Oliven\u00f6l - Blend 0,5L. Erfahren Sie mehr \u00fcber dessen Funktionen und bestellen Sie zum besten Preis in unserem Webshop!","og_url":"https:\/\/oleumhistriae.com\/de\/produkt\/vosten-blend-05l\/","og_site_name":"Ku\u0107a istarskog maslinovog ulja \u2013 Museum Olei Histriae - Pula, Istra","article_modified_time":"2024-03-20T22:58:38+00:00","og_image":[{"width":1200,"height":1200,"url":"https:\/\/oleumhistriae.com\/wp-content\/uploads\/2023\/03\/VOSTEN_PREMIUM_0_5.jpg","type":"image\/jpeg"}],"twitter_card":"summary_large_image","twitter_misc":{"Gesch\u00e4tzte Lesezeit":"1\u00a0Minute"},"schema":{"@context":"https:\/\/schema.org","@graph":[{"@type":"WebPage","@id":"https:\/\/oleumhistriae.com\/de\/produkt\/vosten-blend-05l\/","url":"https:\/\/oleumhistriae.com\/de\/produkt\/vosten-blend-05l\/","name":"Vo\u0161ten Oliven\u00f6l - Blend 0,5L- Preis und Angebot | Oleum Histriae","isPartOf":{"@id":"https:\/\/oleumhistriae.com\/de\/#website"},"primaryImageOfPage":{"@id":"https:\/\/oleumhistriae.com\/de\/produkt\/vosten-blend-05l\/#primaryimage"},"image":{"@id":"https:\/\/oleumhistriae.com\/de\/produkt\/vosten-blend-05l\/#primaryimage"},"thumbnailUrl":"https:\/\/oleumhistriae.com\/wp-content\/uploads\/2023\/03\/VOSTEN_PREMIUM_0_5.jpg","datePublished":"2023-03-13T13:06:44+00:00","dateModified":"2024-03-20T22:58:38+00:00","description":"Genie\u00dfen Sie erstklassige Qualit\u00e4t von Vo\u0161ten Oliven\u00f6l - Blend 0,5L. Erfahren Sie mehr \u00fcber dessen Funktionen und bestellen Sie zum besten Preis in unserem Webshop!","breadcrumb":{"@id":"https:\/\/oleumhistriae.com\/de\/produkt\/vosten-blend-05l\/#breadcrumb"},"inLanguage":"de","potentialAction":[{"@type":"ReadAction","target":["https:\/\/oleumhistriae.com\/de\/produkt\/vosten-blend-05l\/"]}]},{"@type":"ImageObject","inLanguage":"de","@id":"https:\/\/oleumhistriae.com\/de\/produkt\/vosten-blend-05l\/#primaryimage","url":"https:\/\/oleumhistriae.com\/wp-content\/uploads\/2023\/03\/VOSTEN_PREMIUM_0_5.jpg","contentUrl":"https:\/\/oleumhistriae.com\/wp-content\/uploads\/2023\/03\/VOSTEN_PREMIUM_0_5.jpg","width":1200,"height":1200},{"@type":"BreadcrumbList","@id":"https:\/\/oleumhistriae.com\/de\/produkt\/vosten-blend-05l\/#breadcrumb","itemListElement":[{"@type":"ListItem","position":1,"name":"Home","item":"https:\/\/oleumhistriae.com\/de\/"},{"@type":"ListItem","position":2,"name":"Shop","item":"https:\/\/oleumhistriae.com\/en\/shop\/"},{"@type":"ListItem","position":3,"name":"Vo\u0161ten Oliven\u00f6l &#8211; Blend 0,5L"}]},{"@type":"WebSite","@id":"https:\/\/oleumhistriae.com\/de\/#website","url":"https:\/\/oleumhistriae.com\/de\/","name":"Museum Olei Histriae - Pula, Istra","description":"Ku\u0107a istarskog maslinovog ulja \u2013 istarska ekstra djevi\u010danska maslinova ulja - degustacija i prodaja. Muzej maslinarstva \u2013 povijest i sada\u0161njost maslinarstva","potentialAction":[{"@type":"SearchAction","target":{"@type":"EntryPoint","urlTemplate":"https:\/\/oleumhistriae.com\/de\/?s={search_term_string}"},"query-input":{"@type":"PropertyValueSpecification","valueRequired":true,"valueName":"search_term_string"}}],"inLanguage":"de"}]}},"_links":{"self":[{"href":"https:\/\/oleumhistriae.com\/de\/wp-json\/wp\/v2\/product\/5250","targetHints":{"allow":["GET"]}}],"collection":[{"href":"https:\/\/oleumhistriae.com\/de\/wp-json\/wp\/v2\/product"}],"about":[{"href":"https:\/\/oleumhistriae.com\/de\/wp-json\/wp\/v2\/types\/product"}],"wp:featuredmedia":[{"embeddable":true,"href":"https:\/\/oleumhistriae.com\/de\/wp-json\/wp\/v2\/media\/4237"}],"wp:attachment":[{"href":"https:\/\/oleumhistriae.com\/de\/wp-json\/wp\/v2\/media?parent=5250"}],"wp:term":[{"taxonomy":"product_brand","embeddable":true,"href":"https:\/\/oleumhistriae.com\/de\/wp-json\/wp\/v2\/product_brand?post=5250"},{"taxonomy":"product_cat","embeddable":true,"href":"https:\/\/oleumhistriae.com\/de\/wp-json\/wp\/v2\/product_cat?post=5250"},{"taxonomy":"product_tag","embeddable":true,"href":"https:\/\/oleumhistriae.com\/de\/wp-json\/wp\/v2\/product_tag?post=5250"}],"curies":[{"name":"wp","href":"https:\/\/api.w.org\/{rel}","templated":true}]}}