{"id":5248,"date":"2023-03-13T13:06:46","date_gmt":"2023-03-13T13:06:46","guid":{"rendered":"https:\/\/oleumhistriae.com\/proizvod\/bembo-buza-05l\/"},"modified":"2025-09-25T10:51:29","modified_gmt":"2025-09-25T10:51:29","slug":"bembo-buza-05l","status":"publish","type":"product","link":"https:\/\/oleumhistriae.com\/de\/produkt\/bembo-buza-05l\/","title":{"rendered":"Bembo Oliven\u00f6l &#8211; Bu\u017ea 0,5L"},"content":{"rendered":"<p><strong>BEMBO<\/strong><\/p>\n<p>Das landwirtschaftliche Familienunternehmen der Familie Lupi\u0107 aus Bale begann im Jahr 2000 mit dem Olivenanbau durch die Pflanzung des ersten Olivenhains. Die Idee der Familie war es, die Tradition wiederzubeleben, und so begannen sie mit der Restaurierung alter vernachl\u00e4ssigter Olivenhaine. Seitdem wurden 11 Hektar Land gereinigt und in Betrieb genommen, wovon 7 Hektar mit Olivenb\u00e4umen bepflanzt wurden, insgesamt 1400 B\u00e4ume autochthoner Sorten: bu\u017ea, punto\u017ea, ro\u017einjola, negrolina, aus denen sie erstklassige \u00d6le gewinnen. Die hohe Qualit\u00e4t des extra nativen Oliven\u00f6ls wird durch zahlreiche Auszeichnungen bereits ab den ersten Ernten bezeugt, und das Lupi\u0107-Familienunternehmen ist im eno-gastronomischen F\u00fchrer durch Istrien &#8222;ISTRA GOURMET&#8220; sowie im F\u00fchrer zu den besten weltweiten extra nativen \u00d6len des renommierten Marco Oreggia, &#8222;FLOS OLEI&#8220;, aufgef\u00fchrt.<\/p>\n<p>Teilnahme an Wettbewerben:<\/p>\n<p>2015 &#8211; New York International Olive Oil Competition &#8211; Silbermedaille<\/p>\n<p>2015 &#8211; Olive Japan &#8211; Silbermedaille<\/p>\n<p><img loading=\"lazy\" decoding=\"async\" class=\"alignnone wp-image-950 size-full\" src=\"https:\/\/oleumhistriae.com\/wp-content\/uploads\/2018\/03\/bembo1.jpg\" alt=\"\" width=\"454\" height=\"374\" \/> <img loading=\"lazy\" decoding=\"async\" class=\"alignnone wp-image-951 size-full\" src=\"https:\/\/oleumhistriae.com\/wp-content\/uploads\/2018\/03\/bembo2.jpg\" alt=\"\" width=\"454\" height=\"341\" \/><\/p>\n","protected":false},"excerpt":{"rendered":"<p>Das aus der autochthonen Sorte Bu\u017ea gewonnene \u00d6l hat einen sehr frischen Duft nach frisch gem\u00e4htem Gras und einen fruchtigen Duft nach Olivenfr\u00fcchten. Es hat eine angenehme Bitterkeit mit einer stark ausgepr\u00e4gten Sch\u00e4rfe, die f\u00fcr diese Sorte ungew\u00f6hnlich ist, aufgrund des felsigen Gel\u00e4ndes und Mikrostandorts.<\/p>\n","protected":false},"featured_media":4247,"template":"","meta":[],"product_brand":[],"product_cat":[241,239,265,258,262],"product_tag":[],"class_list":{"0":"post-5248","1":"product","2":"type-product","3":"status-publish","4":"has-post-thumbnail","6":"product_cat-bembo-de","7":"product_cat-brand","8":"product_cat-buza-de","9":"product_cat-natives-olivenol-extra","10":"product_cat-sorte","11":"pa_jacina-2-de","13":"first","14":"instock","15":"shipping-taxable","16":"purchasable","17":"product-type-simple"},"yoast_head":"<!-- This site is optimized with the Yoast SEO plugin v27.4 - https:\/\/yoast.com\/product\/yoast-seo-wordpress\/ -->\n<title>Bembo Oliven\u00f6l - Bu\u017ea 0,5L- Preis und Angebot | Oleum Histriae<\/title>\n<meta name=\"description\" content=\"Genie\u00dfen Sie erstklassige Qualit\u00e4t von Bembo Oliven\u00f6l - Bu\u017ea 0,5L. Erfahren Sie mehr \u00fcber dessen Funktionen und bestellen Sie zum besten Preis in unserem Webshop!\" \/>\n<meta name=\"robots\" content=\"index, follow, max-snippet:-1, max-image-preview:large, max-video-preview:-1\" \/>\n<link rel=\"canonical\" href=\"https:\/\/oleumhistriae.com\/de\/produkt\/bembo-buza-05l\/\" \/>\n<meta property=\"og:locale\" content=\"de_DE\" \/>\n<meta property=\"og:type\" content=\"article\" \/>\n<meta property=\"og:title\" content=\"Bembo Oliven\u00f6l - Bu\u017ea 0,5L- Preis und Angebot | Oleum Histriae\" \/>\n<meta property=\"og:description\" content=\"Genie\u00dfen Sie erstklassige Qualit\u00e4t von Bembo Oliven\u00f6l - Bu\u017ea 0,5L. Erfahren Sie mehr \u00fcber dessen Funktionen und bestellen Sie zum besten Preis in unserem Webshop!\" \/>\n<meta property=\"og:url\" content=\"https:\/\/oleumhistriae.com\/de\/produkt\/bembo-buza-05l\/\" \/>\n<meta property=\"og:site_name\" content=\"Ku\u0107a istarskog maslinovog ulja \u2013 Museum Olei Histriae - Pula, Istra\" \/>\n<meta property=\"article:modified_time\" content=\"2025-09-25T10:51:29+00:00\" \/>\n<meta property=\"og:image\" content=\"https:\/\/oleumhistriae.com\/wp-content\/uploads\/2023\/03\/BEMBO_BUZA_0_5.jpg\" \/>\n\t<meta property=\"og:image:width\" content=\"1200\" \/>\n\t<meta property=\"og:image:height\" content=\"1200\" \/>\n\t<meta property=\"og:image:type\" content=\"image\/jpeg\" \/>\n<meta name=\"twitter:card\" content=\"summary_large_image\" \/>\n<meta name=\"twitter:label1\" content=\"Gesch\u00e4tzte Lesezeit\" \/>\n\t<meta name=\"twitter:data1\" content=\"2\u00a0Minuten\" \/>\n<script type=\"application\/ld+json\" class=\"yoast-schema-graph\">{\"@context\":\"https:\\\/\\\/schema.org\",\"@graph\":[{\"@type\":\"WebPage\",\"@id\":\"https:\\\/\\\/oleumhistriae.com\\\/de\\\/produkt\\\/bembo-buza-05l\\\/\",\"url\":\"https:\\\/\\\/oleumhistriae.com\\\/de\\\/produkt\\\/bembo-buza-05l\\\/\",\"name\":\"Bembo Oliven\u00f6l - Bu\u017ea 0,5L- Preis und Angebot | Oleum Histriae\",\"isPartOf\":{\"@id\":\"https:\\\/\\\/oleumhistriae.com\\\/de\\\/#website\"},\"primaryImageOfPage\":{\"@id\":\"https:\\\/\\\/oleumhistriae.com\\\/de\\\/produkt\\\/bembo-buza-05l\\\/#primaryimage\"},\"image\":{\"@id\":\"https:\\\/\\\/oleumhistriae.com\\\/de\\\/produkt\\\/bembo-buza-05l\\\/#primaryimage\"},\"thumbnailUrl\":\"https:\\\/\\\/oleumhistriae.com\\\/wp-content\\\/uploads\\\/2023\\\/03\\\/BEMBO_BUZA_0_5.jpg\",\"datePublished\":\"2023-03-13T13:06:46+00:00\",\"dateModified\":\"2025-09-25T10:51:29+00:00\",\"description\":\"Genie\u00dfen Sie erstklassige Qualit\u00e4t von Bembo Oliven\u00f6l - Bu\u017ea 0,5L. Erfahren Sie mehr \u00fcber dessen Funktionen und bestellen Sie zum besten Preis in unserem Webshop!\",\"breadcrumb\":{\"@id\":\"https:\\\/\\\/oleumhistriae.com\\\/de\\\/produkt\\\/bembo-buza-05l\\\/#breadcrumb\"},\"inLanguage\":\"de\",\"potentialAction\":[{\"@type\":\"ReadAction\",\"target\":[\"https:\\\/\\\/oleumhistriae.com\\\/de\\\/produkt\\\/bembo-buza-05l\\\/\"]}]},{\"@type\":\"ImageObject\",\"inLanguage\":\"de\",\"@id\":\"https:\\\/\\\/oleumhistriae.com\\\/de\\\/produkt\\\/bembo-buza-05l\\\/#primaryimage\",\"url\":\"https:\\\/\\\/oleumhistriae.com\\\/wp-content\\\/uploads\\\/2023\\\/03\\\/BEMBO_BUZA_0_5.jpg\",\"contentUrl\":\"https:\\\/\\\/oleumhistriae.com\\\/wp-content\\\/uploads\\\/2023\\\/03\\\/BEMBO_BUZA_0_5.jpg\",\"width\":1200,\"height\":1200},{\"@type\":\"BreadcrumbList\",\"@id\":\"https:\\\/\\\/oleumhistriae.com\\\/de\\\/produkt\\\/bembo-buza-05l\\\/#breadcrumb\",\"itemListElement\":[{\"@type\":\"ListItem\",\"position\":1,\"name\":\"Home\",\"item\":\"https:\\\/\\\/oleumhistriae.com\\\/de\\\/\"},{\"@type\":\"ListItem\",\"position\":2,\"name\":\"Shop\",\"item\":\"https:\\\/\\\/oleumhistriae.com\\\/en\\\/shop\\\/\"},{\"@type\":\"ListItem\",\"position\":3,\"name\":\"Bembo Oliven\u00f6l &#8211; Bu\u017ea 0,5L\"}]},{\"@type\":\"WebSite\",\"@id\":\"https:\\\/\\\/oleumhistriae.com\\\/de\\\/#website\",\"url\":\"https:\\\/\\\/oleumhistriae.com\\\/de\\\/\",\"name\":\"Museum Olei Histriae - Pula, Istra\",\"description\":\"Ku\u0107a istarskog maslinovog ulja \u2013 istarska ekstra djevi\u010danska maslinova ulja - degustacija i prodaja. Muzej maslinarstva \u2013 povijest i sada\u0161njost maslinarstva\",\"potentialAction\":[{\"@type\":\"SearchAction\",\"target\":{\"@type\":\"EntryPoint\",\"urlTemplate\":\"https:\\\/\\\/oleumhistriae.com\\\/de\\\/?s={search_term_string}\"},\"query-input\":{\"@type\":\"PropertyValueSpecification\",\"valueRequired\":true,\"valueName\":\"search_term_string\"}}],\"inLanguage\":\"de\"}]}<\/script>\n<!-- \/ Yoast SEO plugin. -->","yoast_head_json":{"title":"Bembo Oliven\u00f6l - Bu\u017ea 0,5L- Preis und Angebot | Oleum Histriae","description":"Genie\u00dfen Sie erstklassige Qualit\u00e4t von Bembo Oliven\u00f6l - Bu\u017ea 0,5L. Erfahren Sie mehr \u00fcber dessen Funktionen und bestellen Sie zum besten Preis in unserem Webshop!","robots":{"index":"index","follow":"follow","max-snippet":"max-snippet:-1","max-image-preview":"max-image-preview:large","max-video-preview":"max-video-preview:-1"},"canonical":"https:\/\/oleumhistriae.com\/de\/produkt\/bembo-buza-05l\/","og_locale":"de_DE","og_type":"article","og_title":"Bembo Oliven\u00f6l - Bu\u017ea 0,5L- Preis und Angebot | Oleum Histriae","og_description":"Genie\u00dfen Sie erstklassige Qualit\u00e4t von Bembo Oliven\u00f6l - Bu\u017ea 0,5L. Erfahren Sie mehr \u00fcber dessen Funktionen und bestellen Sie zum besten Preis in unserem Webshop!","og_url":"https:\/\/oleumhistriae.com\/de\/produkt\/bembo-buza-05l\/","og_site_name":"Ku\u0107a istarskog maslinovog ulja \u2013 Museum Olei Histriae - Pula, Istra","article_modified_time":"2025-09-25T10:51:29+00:00","og_image":[{"width":1200,"height":1200,"url":"https:\/\/oleumhistriae.com\/wp-content\/uploads\/2023\/03\/BEMBO_BUZA_0_5.jpg","type":"image\/jpeg"}],"twitter_card":"summary_large_image","twitter_misc":{"Gesch\u00e4tzte Lesezeit":"2\u00a0Minuten"},"schema":{"@context":"https:\/\/schema.org","@graph":[{"@type":"WebPage","@id":"https:\/\/oleumhistriae.com\/de\/produkt\/bembo-buza-05l\/","url":"https:\/\/oleumhistriae.com\/de\/produkt\/bembo-buza-05l\/","name":"Bembo Oliven\u00f6l - Bu\u017ea 0,5L- Preis und Angebot | Oleum Histriae","isPartOf":{"@id":"https:\/\/oleumhistriae.com\/de\/#website"},"primaryImageOfPage":{"@id":"https:\/\/oleumhistriae.com\/de\/produkt\/bembo-buza-05l\/#primaryimage"},"image":{"@id":"https:\/\/oleumhistriae.com\/de\/produkt\/bembo-buza-05l\/#primaryimage"},"thumbnailUrl":"https:\/\/oleumhistriae.com\/wp-content\/uploads\/2023\/03\/BEMBO_BUZA_0_5.jpg","datePublished":"2023-03-13T13:06:46+00:00","dateModified":"2025-09-25T10:51:29+00:00","description":"Genie\u00dfen Sie erstklassige Qualit\u00e4t von Bembo Oliven\u00f6l - Bu\u017ea 0,5L. Erfahren Sie mehr \u00fcber dessen Funktionen und bestellen Sie zum besten Preis in unserem Webshop!","breadcrumb":{"@id":"https:\/\/oleumhistriae.com\/de\/produkt\/bembo-buza-05l\/#breadcrumb"},"inLanguage":"de","potentialAction":[{"@type":"ReadAction","target":["https:\/\/oleumhistriae.com\/de\/produkt\/bembo-buza-05l\/"]}]},{"@type":"ImageObject","inLanguage":"de","@id":"https:\/\/oleumhistriae.com\/de\/produkt\/bembo-buza-05l\/#primaryimage","url":"https:\/\/oleumhistriae.com\/wp-content\/uploads\/2023\/03\/BEMBO_BUZA_0_5.jpg","contentUrl":"https:\/\/oleumhistriae.com\/wp-content\/uploads\/2023\/03\/BEMBO_BUZA_0_5.jpg","width":1200,"height":1200},{"@type":"BreadcrumbList","@id":"https:\/\/oleumhistriae.com\/de\/produkt\/bembo-buza-05l\/#breadcrumb","itemListElement":[{"@type":"ListItem","position":1,"name":"Home","item":"https:\/\/oleumhistriae.com\/de\/"},{"@type":"ListItem","position":2,"name":"Shop","item":"https:\/\/oleumhistriae.com\/en\/shop\/"},{"@type":"ListItem","position":3,"name":"Bembo Oliven\u00f6l &#8211; Bu\u017ea 0,5L"}]},{"@type":"WebSite","@id":"https:\/\/oleumhistriae.com\/de\/#website","url":"https:\/\/oleumhistriae.com\/de\/","name":"Museum Olei Histriae - Pula, Istra","description":"Ku\u0107a istarskog maslinovog ulja \u2013 istarska ekstra djevi\u010danska maslinova ulja - degustacija i prodaja. Muzej maslinarstva \u2013 povijest i sada\u0161njost maslinarstva","potentialAction":[{"@type":"SearchAction","target":{"@type":"EntryPoint","urlTemplate":"https:\/\/oleumhistriae.com\/de\/?s={search_term_string}"},"query-input":{"@type":"PropertyValueSpecification","valueRequired":true,"valueName":"search_term_string"}}],"inLanguage":"de"}]}},"_links":{"self":[{"href":"https:\/\/oleumhistriae.com\/de\/wp-json\/wp\/v2\/product\/5248","targetHints":{"allow":["GET"]}}],"collection":[{"href":"https:\/\/oleumhistriae.com\/de\/wp-json\/wp\/v2\/product"}],"about":[{"href":"https:\/\/oleumhistriae.com\/de\/wp-json\/wp\/v2\/types\/product"}],"wp:featuredmedia":[{"embeddable":true,"href":"https:\/\/oleumhistriae.com\/de\/wp-json\/wp\/v2\/media\/4247"}],"wp:attachment":[{"href":"https:\/\/oleumhistriae.com\/de\/wp-json\/wp\/v2\/media?parent=5248"}],"wp:term":[{"taxonomy":"product_brand","embeddable":true,"href":"https:\/\/oleumhistriae.com\/de\/wp-json\/wp\/v2\/product_brand?post=5248"},{"taxonomy":"product_cat","embeddable":true,"href":"https:\/\/oleumhistriae.com\/de\/wp-json\/wp\/v2\/product_cat?post=5248"},{"taxonomy":"product_tag","embeddable":true,"href":"https:\/\/oleumhistriae.com\/de\/wp-json\/wp\/v2\/product_tag?post=5248"}],"curies":[{"name":"wp","href":"https:\/\/api.w.org\/{rel}","templated":true}]}}