{"id":5229,"date":"2023-03-13T13:06:56","date_gmt":"2023-03-13T13:06:56","guid":{"rendered":"https:\/\/oleumhistriae.com\/proizvod\/miro-tartufi-rezani-crni-tartuf\/"},"modified":"2023-05-08T09:04:04","modified_gmt":"2023-05-08T09:04:04","slug":"miro-tartufi-geschnittener-schwarzer-truffel","status":"publish","type":"product","link":"https:\/\/oleumhistriae.com\/de\/produkt\/miro-tartufi-geschnittener-schwarzer-truffel\/","title":{"rendered":"Miro tartufi &#8211; Geschnittener schwarzer Tr\u00fcffel"},"content":{"rendered":"<p><strong>MIRO TARTUFI<\/strong><\/p>\n<p>Am Fu\u00df des H\u00fcgels, unterhalb der mittelalterlichen Stadt Motovun deren W\u00e4lder f\u00fcr Tr\u00fcffel bekannt sind, befindet sich der kleine Familienbetrieb Kotiga, dessen Arbeit mit Tr\u00fcffeln eine lange Tradition hat. In Motovun, im Tal des Flusses Mirna, wachsen die beliebten wei\u00dfen Tr\u00fcffel, sowie die schwarzen Tr\u00fcffel, die die Familie Kotiga mithilfe ihrer Hunde Bela und Nera sucht und findet.<\/p>\n<p><img loading=\"lazy\" decoding=\"async\" class=\"alignright wp-image-1052 size-full\" src=\"https:\/\/oleumhistriae.com\/wp-content\/uploads\/2018\/04\/miro_tartufi4.jpg\" alt=\"\" width=\"402\" height=\"268\" \/><img loading=\"lazy\" decoding=\"async\" class=\"alignright wp-image-1051 size-full\" src=\"https:\/\/oleumhistriae.com\/wp-content\/uploads\/2018\/04\/miro_tartufi3.jpg\" alt=\"\" width=\"393\" height=\"262\" \/><img loading=\"lazy\" decoding=\"async\" class=\"alignnone wp-image-1050 size-full\" src=\"https:\/\/oleumhistriae.com\/wp-content\/uploads\/2018\/04\/miro_tartufi2.jpg\" alt=\"\" width=\"319\" height=\"426\" \/><\/p>\n<p><img loading=\"lazy\" decoding=\"async\" class=\"alignnone wp-image-1049 size-full\" src=\"https:\/\/oleumhistriae.com\/wp-content\/uploads\/2018\/04\/miro_tartufi1.jpg\" alt=\"\" width=\"288\" height=\"192\" \/><\/p>\n","protected":false},"excerpt":{"rendered":"<p>Frische schwarze Tr\u00fcffel werden in Wasser und Salz konserviert. Der schwarze Tr\u00fcffel, gerieben in kleinen Mengen, ist eine hervorragende Erg\u00e4nzung zu klassischen Pasta-, Reis- oder Fleischgerichten, sowie zu Pizza, Eis oder Brot.<\/p>\n","protected":false},"featured_media":4185,"template":"","meta":[],"product_brand":[],"product_cat":[259],"product_tag":[],"class_list":{"0":"post-5229","1":"product","2":"type-product","3":"status-publish","4":"has-post-thumbnail","6":"product_cat-truffelprodukte","7":"pa_pakiranje-50g-de","8":"pa_pakiranje-90g-de","9":"pa_tartufi-proizvodi-od-tartufa-de","11":"first","12":"instock","13":"shipping-taxable","14":"purchasable","15":"product-type-variable"},"yoast_head":"<!-- This site is optimized with the Yoast SEO plugin v27.4 - https:\/\/yoast.com\/product\/yoast-seo-wordpress\/ -->\n<title>Miro tartufi - Geschnittener schwarzer Tr\u00fcffel- Preis und Angebot | Oleum Histriae<\/title>\n<meta name=\"description\" content=\"Genie\u00dfen Sie erstklassige Qualit\u00e4t von Miro tartufi - Geschnittener schwarzer Tr\u00fcffel. Erfahren Sie mehr \u00fcber dessen Funktionen und bestellen Sie zum besten Preis in unserem Webshop!\" \/>\n<meta name=\"robots\" content=\"index, follow, max-snippet:-1, max-image-preview:large, max-video-preview:-1\" \/>\n<link rel=\"canonical\" href=\"https:\/\/oleumhistriae.com\/de\/produkt\/miro-tartufi-geschnittener-schwarzer-truffel\/\" \/>\n<meta property=\"og:locale\" content=\"de_DE\" \/>\n<meta property=\"og:type\" content=\"article\" \/>\n<meta property=\"og:title\" content=\"Miro tartufi - Geschnittener schwarzer Tr\u00fcffel- Preis und Angebot | Oleum Histriae\" \/>\n<meta property=\"og:description\" content=\"Genie\u00dfen Sie erstklassige Qualit\u00e4t von Miro tartufi - Geschnittener schwarzer Tr\u00fcffel. Erfahren Sie mehr \u00fcber dessen Funktionen und bestellen Sie zum besten Preis in unserem Webshop!\" \/>\n<meta property=\"og:url\" content=\"https:\/\/oleumhistriae.com\/de\/produkt\/miro-tartufi-geschnittener-schwarzer-truffel\/\" \/>\n<meta property=\"og:site_name\" content=\"Ku\u0107a istarskog maslinovog ulja \u2013 Museum Olei Histriae - Pula, Istra\" \/>\n<meta property=\"article:modified_time\" content=\"2023-05-08T09:04:04+00:00\" \/>\n<meta property=\"og:image\" content=\"https:\/\/oleumhistriae.com\/wp-content\/uploads\/2023\/03\/MIRO_TARTUFI_CRNI_TARTUFI.jpg\" \/>\n\t<meta property=\"og:image:width\" content=\"1200\" \/>\n\t<meta property=\"og:image:height\" content=\"1200\" \/>\n\t<meta property=\"og:image:type\" content=\"image\/jpeg\" \/>\n<meta name=\"twitter:card\" content=\"summary_large_image\" \/>\n<script type=\"application\/ld+json\" class=\"yoast-schema-graph\">{\"@context\":\"https:\\\/\\\/schema.org\",\"@graph\":[{\"@type\":\"WebPage\",\"@id\":\"https:\\\/\\\/oleumhistriae.com\\\/de\\\/produkt\\\/miro-tartufi-geschnittener-schwarzer-truffel\\\/\",\"url\":\"https:\\\/\\\/oleumhistriae.com\\\/de\\\/produkt\\\/miro-tartufi-geschnittener-schwarzer-truffel\\\/\",\"name\":\"Miro tartufi - Geschnittener schwarzer Tr\u00fcffel- Preis und Angebot | Oleum Histriae\",\"isPartOf\":{\"@id\":\"https:\\\/\\\/oleumhistriae.com\\\/de\\\/#website\"},\"primaryImageOfPage\":{\"@id\":\"https:\\\/\\\/oleumhistriae.com\\\/de\\\/produkt\\\/miro-tartufi-geschnittener-schwarzer-truffel\\\/#primaryimage\"},\"image\":{\"@id\":\"https:\\\/\\\/oleumhistriae.com\\\/de\\\/produkt\\\/miro-tartufi-geschnittener-schwarzer-truffel\\\/#primaryimage\"},\"thumbnailUrl\":\"https:\\\/\\\/oleumhistriae.com\\\/wp-content\\\/uploads\\\/2023\\\/03\\\/MIRO_TARTUFI_CRNI_TARTUFI.jpg\",\"datePublished\":\"2023-03-13T13:06:56+00:00\",\"dateModified\":\"2023-05-08T09:04:04+00:00\",\"description\":\"Genie\u00dfen Sie erstklassige Qualit\u00e4t von Miro tartufi - Geschnittener schwarzer Tr\u00fcffel. Erfahren Sie mehr \u00fcber dessen Funktionen und bestellen Sie zum besten Preis in unserem Webshop!\",\"breadcrumb\":{\"@id\":\"https:\\\/\\\/oleumhistriae.com\\\/de\\\/produkt\\\/miro-tartufi-geschnittener-schwarzer-truffel\\\/#breadcrumb\"},\"inLanguage\":\"de\",\"potentialAction\":[{\"@type\":\"ReadAction\",\"target\":[\"https:\\\/\\\/oleumhistriae.com\\\/de\\\/produkt\\\/miro-tartufi-geschnittener-schwarzer-truffel\\\/\"]}]},{\"@type\":\"ImageObject\",\"inLanguage\":\"de\",\"@id\":\"https:\\\/\\\/oleumhistriae.com\\\/de\\\/produkt\\\/miro-tartufi-geschnittener-schwarzer-truffel\\\/#primaryimage\",\"url\":\"https:\\\/\\\/oleumhistriae.com\\\/wp-content\\\/uploads\\\/2023\\\/03\\\/MIRO_TARTUFI_CRNI_TARTUFI.jpg\",\"contentUrl\":\"https:\\\/\\\/oleumhistriae.com\\\/wp-content\\\/uploads\\\/2023\\\/03\\\/MIRO_TARTUFI_CRNI_TARTUFI.jpg\",\"width\":1200,\"height\":1200},{\"@type\":\"BreadcrumbList\",\"@id\":\"https:\\\/\\\/oleumhistriae.com\\\/de\\\/produkt\\\/miro-tartufi-geschnittener-schwarzer-truffel\\\/#breadcrumb\",\"itemListElement\":[{\"@type\":\"ListItem\",\"position\":1,\"name\":\"Home\",\"item\":\"https:\\\/\\\/oleumhistriae.com\\\/de\\\/\"},{\"@type\":\"ListItem\",\"position\":2,\"name\":\"Shop\",\"item\":\"https:\\\/\\\/oleumhistriae.com\\\/en\\\/shop\\\/\"},{\"@type\":\"ListItem\",\"position\":3,\"name\":\"Miro tartufi &#8211; Geschnittener schwarzer Tr\u00fcffel\"}]},{\"@type\":\"WebSite\",\"@id\":\"https:\\\/\\\/oleumhistriae.com\\\/de\\\/#website\",\"url\":\"https:\\\/\\\/oleumhistriae.com\\\/de\\\/\",\"name\":\"Museum Olei Histriae - Pula, Istra\",\"description\":\"Ku\u0107a istarskog maslinovog ulja \u2013 istarska ekstra djevi\u010danska maslinova ulja - degustacija i prodaja. Muzej maslinarstva \u2013 povijest i sada\u0161njost maslinarstva\",\"potentialAction\":[{\"@type\":\"SearchAction\",\"target\":{\"@type\":\"EntryPoint\",\"urlTemplate\":\"https:\\\/\\\/oleumhistriae.com\\\/de\\\/?s={search_term_string}\"},\"query-input\":{\"@type\":\"PropertyValueSpecification\",\"valueRequired\":true,\"valueName\":\"search_term_string\"}}],\"inLanguage\":\"de\"}]}<\/script>\n<!-- \/ Yoast SEO plugin. -->","yoast_head_json":{"title":"Miro tartufi - Geschnittener schwarzer Tr\u00fcffel- Preis und Angebot | Oleum Histriae","description":"Genie\u00dfen Sie erstklassige Qualit\u00e4t von Miro tartufi - Geschnittener schwarzer Tr\u00fcffel. Erfahren Sie mehr \u00fcber dessen Funktionen und bestellen Sie zum besten Preis in unserem Webshop!","robots":{"index":"index","follow":"follow","max-snippet":"max-snippet:-1","max-image-preview":"max-image-preview:large","max-video-preview":"max-video-preview:-1"},"canonical":"https:\/\/oleumhistriae.com\/de\/produkt\/miro-tartufi-geschnittener-schwarzer-truffel\/","og_locale":"de_DE","og_type":"article","og_title":"Miro tartufi - Geschnittener schwarzer Tr\u00fcffel- Preis und Angebot | Oleum Histriae","og_description":"Genie\u00dfen Sie erstklassige Qualit\u00e4t von Miro tartufi - Geschnittener schwarzer Tr\u00fcffel. Erfahren Sie mehr \u00fcber dessen Funktionen und bestellen Sie zum besten Preis in unserem Webshop!","og_url":"https:\/\/oleumhistriae.com\/de\/produkt\/miro-tartufi-geschnittener-schwarzer-truffel\/","og_site_name":"Ku\u0107a istarskog maslinovog ulja \u2013 Museum Olei Histriae - Pula, Istra","article_modified_time":"2023-05-08T09:04:04+00:00","og_image":[{"width":1200,"height":1200,"url":"https:\/\/oleumhistriae.com\/wp-content\/uploads\/2023\/03\/MIRO_TARTUFI_CRNI_TARTUFI.jpg","type":"image\/jpeg"}],"twitter_card":"summary_large_image","schema":{"@context":"https:\/\/schema.org","@graph":[{"@type":"WebPage","@id":"https:\/\/oleumhistriae.com\/de\/produkt\/miro-tartufi-geschnittener-schwarzer-truffel\/","url":"https:\/\/oleumhistriae.com\/de\/produkt\/miro-tartufi-geschnittener-schwarzer-truffel\/","name":"Miro tartufi - Geschnittener schwarzer Tr\u00fcffel- Preis und Angebot | Oleum Histriae","isPartOf":{"@id":"https:\/\/oleumhistriae.com\/de\/#website"},"primaryImageOfPage":{"@id":"https:\/\/oleumhistriae.com\/de\/produkt\/miro-tartufi-geschnittener-schwarzer-truffel\/#primaryimage"},"image":{"@id":"https:\/\/oleumhistriae.com\/de\/produkt\/miro-tartufi-geschnittener-schwarzer-truffel\/#primaryimage"},"thumbnailUrl":"https:\/\/oleumhistriae.com\/wp-content\/uploads\/2023\/03\/MIRO_TARTUFI_CRNI_TARTUFI.jpg","datePublished":"2023-03-13T13:06:56+00:00","dateModified":"2023-05-08T09:04:04+00:00","description":"Genie\u00dfen Sie erstklassige Qualit\u00e4t von Miro tartufi - Geschnittener schwarzer Tr\u00fcffel. Erfahren Sie mehr \u00fcber dessen Funktionen und bestellen Sie zum besten Preis in unserem Webshop!","breadcrumb":{"@id":"https:\/\/oleumhistriae.com\/de\/produkt\/miro-tartufi-geschnittener-schwarzer-truffel\/#breadcrumb"},"inLanguage":"de","potentialAction":[{"@type":"ReadAction","target":["https:\/\/oleumhistriae.com\/de\/produkt\/miro-tartufi-geschnittener-schwarzer-truffel\/"]}]},{"@type":"ImageObject","inLanguage":"de","@id":"https:\/\/oleumhistriae.com\/de\/produkt\/miro-tartufi-geschnittener-schwarzer-truffel\/#primaryimage","url":"https:\/\/oleumhistriae.com\/wp-content\/uploads\/2023\/03\/MIRO_TARTUFI_CRNI_TARTUFI.jpg","contentUrl":"https:\/\/oleumhistriae.com\/wp-content\/uploads\/2023\/03\/MIRO_TARTUFI_CRNI_TARTUFI.jpg","width":1200,"height":1200},{"@type":"BreadcrumbList","@id":"https:\/\/oleumhistriae.com\/de\/produkt\/miro-tartufi-geschnittener-schwarzer-truffel\/#breadcrumb","itemListElement":[{"@type":"ListItem","position":1,"name":"Home","item":"https:\/\/oleumhistriae.com\/de\/"},{"@type":"ListItem","position":2,"name":"Shop","item":"https:\/\/oleumhistriae.com\/en\/shop\/"},{"@type":"ListItem","position":3,"name":"Miro tartufi &#8211; Geschnittener schwarzer Tr\u00fcffel"}]},{"@type":"WebSite","@id":"https:\/\/oleumhistriae.com\/de\/#website","url":"https:\/\/oleumhistriae.com\/de\/","name":"Museum Olei Histriae - Pula, Istra","description":"Ku\u0107a istarskog maslinovog ulja \u2013 istarska ekstra djevi\u010danska maslinova ulja - degustacija i prodaja. Muzej maslinarstva \u2013 povijest i sada\u0161njost maslinarstva","potentialAction":[{"@type":"SearchAction","target":{"@type":"EntryPoint","urlTemplate":"https:\/\/oleumhistriae.com\/de\/?s={search_term_string}"},"query-input":{"@type":"PropertyValueSpecification","valueRequired":true,"valueName":"search_term_string"}}],"inLanguage":"de"}]}},"_links":{"self":[{"href":"https:\/\/oleumhistriae.com\/de\/wp-json\/wp\/v2\/product\/5229","targetHints":{"allow":["GET"]}}],"collection":[{"href":"https:\/\/oleumhistriae.com\/de\/wp-json\/wp\/v2\/product"}],"about":[{"href":"https:\/\/oleumhistriae.com\/de\/wp-json\/wp\/v2\/types\/product"}],"wp:featuredmedia":[{"embeddable":true,"href":"https:\/\/oleumhistriae.com\/de\/wp-json\/wp\/v2\/media\/4185"}],"wp:attachment":[{"href":"https:\/\/oleumhistriae.com\/de\/wp-json\/wp\/v2\/media?parent=5229"}],"wp:term":[{"taxonomy":"product_brand","embeddable":true,"href":"https:\/\/oleumhistriae.com\/de\/wp-json\/wp\/v2\/product_brand?post=5229"},{"taxonomy":"product_cat","embeddable":true,"href":"https:\/\/oleumhistriae.com\/de\/wp-json\/wp\/v2\/product_cat?post=5229"},{"taxonomy":"product_tag","embeddable":true,"href":"https:\/\/oleumhistriae.com\/de\/wp-json\/wp\/v2\/product_tag?post=5229"}],"curies":[{"name":"wp","href":"https:\/\/api.w.org\/{rel}","templated":true}]}}