{"id":5215,"date":"2023-03-13T13:06:57","date_gmt":"2023-03-13T13:06:57","guid":{"rendered":"https:\/\/oleumhistriae.com\/proizvod\/45-degrees-krema-za-ruke-za-zene\/"},"modified":"2023-04-24T09:32:29","modified_gmt":"2023-04-24T09:32:29","slug":"45-degrees-handcreme-fur-frauen","status":"publish","type":"product","link":"https:\/\/oleumhistriae.com\/de\/produkt\/45-degrees-handcreme-fur-frauen\/","title":{"rendered":"45 Degrees &#8211; Handcreme f\u00fcr Frauen"},"content":{"rendered":"<p><strong>HELIOS GEA<\/strong><\/p>\n<p>Die Firma Helios Gea aus Bale, wurde bei der Gestaltung ihrer Biokosmetik von den Fr\u00fcchten des Olivenbaums nach der Verarbeitung, genauer von ihrem Trester inspiriert. Nur streng kontrollierter Trester aus Istrien, der von \u00f6kologischen Farmen stammt, wird w\u00e4hrend der Produktion verwendet. So wird den lokalen Olivenbauern geholfen den Trester zu entsorgen und gleichzeitig Produkte von ausgezeichneter Qualit\u00e4t zu produzieren. Durch die Schaffung v\u00f6llig nat\u00fcrlicher organischer Kosmetik f\u00fcr die Hautpflege, f\u00f6rdert Helios Gea die \u00f6kologische Innovation und eine gesunde Lebensweise. Der Name \u201e45 Degrees\u201c stammt vom 45. Breitengrad, der durch Bale f\u00fchrt und somit einen idealen Platz darstellt \u2013 auf halbem Weg zwischen dem \u00c4quator und dem Nordpol.<\/p>\n<p><img loading=\"lazy\" decoding=\"async\" class=\"size-full wp-image-1067 alignright\" src=\"https:\/\/oleumhistriae.com\/wp-content\/uploads\/2018\/04\/helios1.jpg\" alt=\"\" width=\"174\" height=\"174\" \/><\/p>\n<p><img loading=\"lazy\" decoding=\"async\" class=\"alignnone wp-image-1066 size-full\" src=\"https:\/\/oleumhistriae.com\/wp-content\/uploads\/2018\/04\/helios2.jpg\" alt=\"\" width=\"450\" height=\"300\" \/><\/p>\n","protected":false},"excerpt":{"rendered":"<p>Die innovative Formel enth\u00e4lt Bio-Trester aus istrischen Bio-Olivenhainen, reichhaltig an Bio-Rosen\u00f6l, Traubenkernen, Flachs\u00f6l und Extrakten aus Beinwell, Acker-Schachtelhalm, Goldblumen, Sheabutter, Vanilleessenzen und Majoran. Intensiv und nahrhaft wie eine Maske und mit einer schnell absorbierenden und nicht fettenden Textur, die als t\u00e4gliche Pflegecreme verwendet werden kann.<\/p>\n","protected":false},"featured_media":4177,"template":"","meta":[],"product_brand":[],"product_cat":[229],"product_tag":[],"class_list":{"0":"post-5215","1":"product","2":"type-product","3":"status-publish","4":"has-post-thumbnail","6":"product_cat-kosmetika-de","7":"pa_kozmetika-45-degrees-de","9":"first","10":"instock","11":"shipping-taxable","12":"purchasable","13":"product-type-simple"},"yoast_head":"<!-- This site is optimized with the Yoast SEO plugin v27.4 - https:\/\/yoast.com\/product\/yoast-seo-wordpress\/ -->\n<title>45 Degrees - Handcreme f\u00fcr Frauen- Preis und Angebot | Oleum Histriae<\/title>\n<meta name=\"description\" content=\"Genie\u00dfen Sie erstklassige Qualit\u00e4t von 45 Degrees - Handcreme f\u00fcr Frauen. Erfahren Sie mehr \u00fcber dessen Funktionen und bestellen Sie zum besten Preis in unserem Webshop!\" \/>\n<meta name=\"robots\" content=\"index, follow, max-snippet:-1, max-image-preview:large, max-video-preview:-1\" \/>\n<link rel=\"canonical\" href=\"https:\/\/oleumhistriae.com\/de\/produkt\/45-degrees-handcreme-fur-frauen\/\" \/>\n<meta property=\"og:locale\" content=\"de_DE\" \/>\n<meta property=\"og:type\" content=\"article\" \/>\n<meta property=\"og:title\" content=\"45 Degrees - Handcreme f\u00fcr Frauen- Preis und Angebot | Oleum Histriae\" \/>\n<meta property=\"og:description\" content=\"Genie\u00dfen Sie erstklassige Qualit\u00e4t von 45 Degrees - Handcreme f\u00fcr Frauen. Erfahren Sie mehr \u00fcber dessen Funktionen und bestellen Sie zum besten Preis in unserem Webshop!\" \/>\n<meta property=\"og:url\" content=\"https:\/\/oleumhistriae.com\/de\/produkt\/45-degrees-handcreme-fur-frauen\/\" \/>\n<meta property=\"og:site_name\" content=\"Ku\u0107a istarskog maslinovog ulja \u2013 Museum Olei Histriae - Pula, Istra\" \/>\n<meta property=\"article:modified_time\" content=\"2023-04-24T09:32:29+00:00\" \/>\n<meta property=\"og:image\" content=\"https:\/\/oleumhistriae.com\/wp-content\/uploads\/2023\/03\/45DEGREES_WOMAN_HAND.jpg\" \/>\n\t<meta property=\"og:image:width\" content=\"1200\" \/>\n\t<meta property=\"og:image:height\" content=\"1200\" \/>\n\t<meta property=\"og:image:type\" content=\"image\/jpeg\" \/>\n<meta name=\"twitter:card\" content=\"summary_large_image\" \/>\n<meta name=\"twitter:label1\" content=\"Gesch\u00e4tzte Lesezeit\" \/>\n\t<meta name=\"twitter:data1\" content=\"1\u00a0Minute\" \/>\n<script type=\"application\/ld+json\" class=\"yoast-schema-graph\">{\"@context\":\"https:\\\/\\\/schema.org\",\"@graph\":[{\"@type\":\"WebPage\",\"@id\":\"https:\\\/\\\/oleumhistriae.com\\\/de\\\/produkt\\\/45-degrees-handcreme-fur-frauen\\\/\",\"url\":\"https:\\\/\\\/oleumhistriae.com\\\/de\\\/produkt\\\/45-degrees-handcreme-fur-frauen\\\/\",\"name\":\"45 Degrees - Handcreme f\u00fcr Frauen- Preis und Angebot | Oleum Histriae\",\"isPartOf\":{\"@id\":\"https:\\\/\\\/oleumhistriae.com\\\/de\\\/#website\"},\"primaryImageOfPage\":{\"@id\":\"https:\\\/\\\/oleumhistriae.com\\\/de\\\/produkt\\\/45-degrees-handcreme-fur-frauen\\\/#primaryimage\"},\"image\":{\"@id\":\"https:\\\/\\\/oleumhistriae.com\\\/de\\\/produkt\\\/45-degrees-handcreme-fur-frauen\\\/#primaryimage\"},\"thumbnailUrl\":\"https:\\\/\\\/oleumhistriae.com\\\/wp-content\\\/uploads\\\/2023\\\/03\\\/45DEGREES_WOMAN_HAND.jpg\",\"datePublished\":\"2023-03-13T13:06:57+00:00\",\"dateModified\":\"2023-04-24T09:32:29+00:00\",\"description\":\"Genie\u00dfen Sie erstklassige Qualit\u00e4t von 45 Degrees - Handcreme f\u00fcr Frauen. Erfahren Sie mehr \u00fcber dessen Funktionen und bestellen Sie zum besten Preis in unserem Webshop!\",\"breadcrumb\":{\"@id\":\"https:\\\/\\\/oleumhistriae.com\\\/de\\\/produkt\\\/45-degrees-handcreme-fur-frauen\\\/#breadcrumb\"},\"inLanguage\":\"de\",\"potentialAction\":[{\"@type\":\"ReadAction\",\"target\":[\"https:\\\/\\\/oleumhistriae.com\\\/de\\\/produkt\\\/45-degrees-handcreme-fur-frauen\\\/\"]}]},{\"@type\":\"ImageObject\",\"inLanguage\":\"de\",\"@id\":\"https:\\\/\\\/oleumhistriae.com\\\/de\\\/produkt\\\/45-degrees-handcreme-fur-frauen\\\/#primaryimage\",\"url\":\"https:\\\/\\\/oleumhistriae.com\\\/wp-content\\\/uploads\\\/2023\\\/03\\\/45DEGREES_WOMAN_HAND.jpg\",\"contentUrl\":\"https:\\\/\\\/oleumhistriae.com\\\/wp-content\\\/uploads\\\/2023\\\/03\\\/45DEGREES_WOMAN_HAND.jpg\",\"width\":1200,\"height\":1200},{\"@type\":\"BreadcrumbList\",\"@id\":\"https:\\\/\\\/oleumhistriae.com\\\/de\\\/produkt\\\/45-degrees-handcreme-fur-frauen\\\/#breadcrumb\",\"itemListElement\":[{\"@type\":\"ListItem\",\"position\":1,\"name\":\"Home\",\"item\":\"https:\\\/\\\/oleumhistriae.com\\\/de\\\/\"},{\"@type\":\"ListItem\",\"position\":2,\"name\":\"Shop\",\"item\":\"https:\\\/\\\/oleumhistriae.com\\\/en\\\/shop\\\/\"},{\"@type\":\"ListItem\",\"position\":3,\"name\":\"45 Degrees &#8211; Handcreme f\u00fcr Frauen\"}]},{\"@type\":\"WebSite\",\"@id\":\"https:\\\/\\\/oleumhistriae.com\\\/de\\\/#website\",\"url\":\"https:\\\/\\\/oleumhistriae.com\\\/de\\\/\",\"name\":\"Museum Olei Histriae - Pula, Istra\",\"description\":\"Ku\u0107a istarskog maslinovog ulja \u2013 istarska ekstra djevi\u010danska maslinova ulja - degustacija i prodaja. Muzej maslinarstva \u2013 povijest i sada\u0161njost maslinarstva\",\"potentialAction\":[{\"@type\":\"SearchAction\",\"target\":{\"@type\":\"EntryPoint\",\"urlTemplate\":\"https:\\\/\\\/oleumhistriae.com\\\/de\\\/?s={search_term_string}\"},\"query-input\":{\"@type\":\"PropertyValueSpecification\",\"valueRequired\":true,\"valueName\":\"search_term_string\"}}],\"inLanguage\":\"de\"}]}<\/script>\n<!-- \/ Yoast SEO plugin. -->","yoast_head_json":{"title":"45 Degrees - Handcreme f\u00fcr Frauen- Preis und Angebot | Oleum Histriae","description":"Genie\u00dfen Sie erstklassige Qualit\u00e4t von 45 Degrees - Handcreme f\u00fcr Frauen. Erfahren Sie mehr \u00fcber dessen Funktionen und bestellen Sie zum besten Preis in unserem Webshop!","robots":{"index":"index","follow":"follow","max-snippet":"max-snippet:-1","max-image-preview":"max-image-preview:large","max-video-preview":"max-video-preview:-1"},"canonical":"https:\/\/oleumhistriae.com\/de\/produkt\/45-degrees-handcreme-fur-frauen\/","og_locale":"de_DE","og_type":"article","og_title":"45 Degrees - Handcreme f\u00fcr Frauen- Preis und Angebot | Oleum Histriae","og_description":"Genie\u00dfen Sie erstklassige Qualit\u00e4t von 45 Degrees - Handcreme f\u00fcr Frauen. Erfahren Sie mehr \u00fcber dessen Funktionen und bestellen Sie zum besten Preis in unserem Webshop!","og_url":"https:\/\/oleumhistriae.com\/de\/produkt\/45-degrees-handcreme-fur-frauen\/","og_site_name":"Ku\u0107a istarskog maslinovog ulja \u2013 Museum Olei Histriae - Pula, Istra","article_modified_time":"2023-04-24T09:32:29+00:00","og_image":[{"width":1200,"height":1200,"url":"https:\/\/oleumhistriae.com\/wp-content\/uploads\/2023\/03\/45DEGREES_WOMAN_HAND.jpg","type":"image\/jpeg"}],"twitter_card":"summary_large_image","twitter_misc":{"Gesch\u00e4tzte Lesezeit":"1\u00a0Minute"},"schema":{"@context":"https:\/\/schema.org","@graph":[{"@type":"WebPage","@id":"https:\/\/oleumhistriae.com\/de\/produkt\/45-degrees-handcreme-fur-frauen\/","url":"https:\/\/oleumhistriae.com\/de\/produkt\/45-degrees-handcreme-fur-frauen\/","name":"45 Degrees - Handcreme f\u00fcr Frauen- Preis und Angebot | Oleum Histriae","isPartOf":{"@id":"https:\/\/oleumhistriae.com\/de\/#website"},"primaryImageOfPage":{"@id":"https:\/\/oleumhistriae.com\/de\/produkt\/45-degrees-handcreme-fur-frauen\/#primaryimage"},"image":{"@id":"https:\/\/oleumhistriae.com\/de\/produkt\/45-degrees-handcreme-fur-frauen\/#primaryimage"},"thumbnailUrl":"https:\/\/oleumhistriae.com\/wp-content\/uploads\/2023\/03\/45DEGREES_WOMAN_HAND.jpg","datePublished":"2023-03-13T13:06:57+00:00","dateModified":"2023-04-24T09:32:29+00:00","description":"Genie\u00dfen Sie erstklassige Qualit\u00e4t von 45 Degrees - Handcreme f\u00fcr Frauen. Erfahren Sie mehr \u00fcber dessen Funktionen und bestellen Sie zum besten Preis in unserem Webshop!","breadcrumb":{"@id":"https:\/\/oleumhistriae.com\/de\/produkt\/45-degrees-handcreme-fur-frauen\/#breadcrumb"},"inLanguage":"de","potentialAction":[{"@type":"ReadAction","target":["https:\/\/oleumhistriae.com\/de\/produkt\/45-degrees-handcreme-fur-frauen\/"]}]},{"@type":"ImageObject","inLanguage":"de","@id":"https:\/\/oleumhistriae.com\/de\/produkt\/45-degrees-handcreme-fur-frauen\/#primaryimage","url":"https:\/\/oleumhistriae.com\/wp-content\/uploads\/2023\/03\/45DEGREES_WOMAN_HAND.jpg","contentUrl":"https:\/\/oleumhistriae.com\/wp-content\/uploads\/2023\/03\/45DEGREES_WOMAN_HAND.jpg","width":1200,"height":1200},{"@type":"BreadcrumbList","@id":"https:\/\/oleumhistriae.com\/de\/produkt\/45-degrees-handcreme-fur-frauen\/#breadcrumb","itemListElement":[{"@type":"ListItem","position":1,"name":"Home","item":"https:\/\/oleumhistriae.com\/de\/"},{"@type":"ListItem","position":2,"name":"Shop","item":"https:\/\/oleumhistriae.com\/en\/shop\/"},{"@type":"ListItem","position":3,"name":"45 Degrees &#8211; Handcreme f\u00fcr Frauen"}]},{"@type":"WebSite","@id":"https:\/\/oleumhistriae.com\/de\/#website","url":"https:\/\/oleumhistriae.com\/de\/","name":"Museum Olei Histriae - Pula, Istra","description":"Ku\u0107a istarskog maslinovog ulja \u2013 istarska ekstra djevi\u010danska maslinova ulja - degustacija i prodaja. Muzej maslinarstva \u2013 povijest i sada\u0161njost maslinarstva","potentialAction":[{"@type":"SearchAction","target":{"@type":"EntryPoint","urlTemplate":"https:\/\/oleumhistriae.com\/de\/?s={search_term_string}"},"query-input":{"@type":"PropertyValueSpecification","valueRequired":true,"valueName":"search_term_string"}}],"inLanguage":"de"}]}},"_links":{"self":[{"href":"https:\/\/oleumhistriae.com\/de\/wp-json\/wp\/v2\/product\/5215","targetHints":{"allow":["GET"]}}],"collection":[{"href":"https:\/\/oleumhistriae.com\/de\/wp-json\/wp\/v2\/product"}],"about":[{"href":"https:\/\/oleumhistriae.com\/de\/wp-json\/wp\/v2\/types\/product"}],"wp:featuredmedia":[{"embeddable":true,"href":"https:\/\/oleumhistriae.com\/de\/wp-json\/wp\/v2\/media\/4177"}],"wp:attachment":[{"href":"https:\/\/oleumhistriae.com\/de\/wp-json\/wp\/v2\/media?parent=5215"}],"wp:term":[{"taxonomy":"product_brand","embeddable":true,"href":"https:\/\/oleumhistriae.com\/de\/wp-json\/wp\/v2\/product_brand?post=5215"},{"taxonomy":"product_cat","embeddable":true,"href":"https:\/\/oleumhistriae.com\/de\/wp-json\/wp\/v2\/product_cat?post=5215"},{"taxonomy":"product_tag","embeddable":true,"href":"https:\/\/oleumhistriae.com\/de\/wp-json\/wp\/v2\/product_tag?post=5215"}],"curies":[{"name":"wp","href":"https:\/\/api.w.org\/{rel}","templated":true}]}}