{"id":5143,"date":"2023-03-13T13:07:11","date_gmt":"2023-03-13T13:07:11","guid":{"rendered":"https:\/\/oleumhistriae.com\/proizvod\/chiavalon-organic-05l\/"},"modified":"2025-12-01T10:54:51","modified_gmt":"2025-12-01T10:54:51","slug":"chiavalon-organic-05l","status":"publish","type":"product","link":"https:\/\/oleumhistriae.com\/de\/produkt\/chiavalon-organic-05l\/","title":{"rendered":"Chiavalon Oliven\u00f6l &#8211; Organic 0,5L"},"content":{"rendered":"<p><strong>CHIAVALON <\/strong><\/p>\n<p>Diese hochwertigen Oliven\u00f6le sind das Produkt der Br\u00fcder Chiavalon, die schon seit ihrer Kindheit im Vodnjaner Olivenhain sind. Sie sind auf die Herstellung perfekt ausgewogener Blends spezialisiert und haben sich dem \u00f6kologischen Landbau zugewandt. Auch wenn ihnen ihr Gro\u00dfvater alles \u00fcber den Olivenanbau beigebracht hat, als sie den Olivenhain \u00fcbernommen haben, beschlossen sie den Olivenanbau und die \u00d6lherstellung komplett zu \u00e4ndern. Das Ergebnis sind erstklassige Oliven\u00f6le, die von Hong Kong bis New York bekannt sind, was auch zahlreiche Auszeichnungen bezeugen.<\/p>\n<p><img loading=\"lazy\" decoding=\"async\" class=\"alignnone wp-image-2516 size-full\" src=\"https:\/\/oleumhistriae.com\/wp-content\/uploads\/2019\/09\/Chaivalon2.png\" alt=\"\" width=\"945\" height=\"560\" \/><\/p>\n<p><img loading=\"lazy\" decoding=\"async\" class=\"alignnone wp-image-2517 size-full\" src=\"https:\/\/oleumhistriae.com\/wp-content\/uploads\/2019\/09\/Chaivalon3.png\" alt=\"\" width=\"945\" height=\"533\" \/><img loading=\"lazy\" decoding=\"async\" class=\"alignnone wp-image-2515 size-full\" src=\"https:\/\/oleumhistriae.com\/wp-content\/uploads\/2019\/09\/Chaivalon1.png\" alt=\"\" width=\"945\" height=\"758\" \/><\/p>\n<p>&nbsp;<\/p>\n","protected":false},"excerpt":{"rendered":"<p>Organic ist ein Blend: Vodnjaner Bu\u017ea, Crnica, Istrische Bjelica, Ro\u0161injola und Moraiolo. Diese Sorten werden in streng festgelegten Anteilen gemischt Sorte, um ein \u00d6l mit einem intensiven Aroma nach gem\u00e4htem Gras, gr\u00fcnem Apfel und Artischocken zu erhalten. Es ist gut ausbalanciert und ist weniger pikant und bitter. Es passt ausgezeichnet zu Gem\u00fcsegerichten und Suppen. Organic ist ein \u00d6l aus \u00f6kologischem Anbau.<\/p>\n","protected":false},"featured_media":5916,"template":"","meta":[],"product_brand":[],"product_cat":[350,239,243,258],"product_tag":[],"class_list":{"0":"post-5143","1":"product","2":"type-product","3":"status-publish","4":"has-post-thumbnail","6":"product_cat-blend","7":"product_cat-brand","8":"product_cat-chiavalon-de","9":"product_cat-natives-olivenol-extra","10":"pa_jacina-3-de","12":"first","13":"instock","14":"shipping-taxable","15":"purchasable","16":"product-type-simple"},"yoast_head":"<!-- This site is optimized with the Yoast SEO plugin v27.4 - https:\/\/yoast.com\/product\/yoast-seo-wordpress\/ -->\n<title>Chiavalon Oliven\u00f6l - Organic 0,5L- Preis und Angebot | Oleum Histriae<\/title>\n<meta name=\"description\" content=\"Genie\u00dfen Sie erstklassige Qualit\u00e4t von Chiavalon Oliven\u00f6l - Organic 0,5L. Erfahren Sie mehr \u00fcber dessen Funktionen und bestellen Sie zum besten Preis in unserem Webshop!\" \/>\n<meta name=\"robots\" content=\"index, follow, max-snippet:-1, max-image-preview:large, max-video-preview:-1\" \/>\n<link rel=\"canonical\" href=\"https:\/\/oleumhistriae.com\/de\/produkt\/chiavalon-organic-05l\/\" \/>\n<meta property=\"og:locale\" content=\"de_DE\" \/>\n<meta property=\"og:type\" content=\"article\" \/>\n<meta property=\"og:title\" content=\"Chiavalon Oliven\u00f6l - Organic 0,5L- Preis und Angebot | Oleum Histriae\" \/>\n<meta property=\"og:description\" content=\"Genie\u00dfen Sie erstklassige Qualit\u00e4t von Chiavalon Oliven\u00f6l - Organic 0,5L. Erfahren Sie mehr \u00fcber dessen Funktionen und bestellen Sie zum besten Preis in unserem Webshop!\" \/>\n<meta property=\"og:url\" content=\"https:\/\/oleumhistriae.com\/de\/produkt\/chiavalon-organic-05l\/\" \/>\n<meta property=\"og:site_name\" content=\"Ku\u0107a istarskog maslinovog ulja \u2013 Museum Olei Histriae - Pula, Istra\" \/>\n<meta property=\"article:modified_time\" content=\"2025-12-01T10:54:51+00:00\" \/>\n<meta property=\"og:image\" content=\"https:\/\/oleumhistriae.com\/wp-content\/uploads\/2023\/03\/Organic_green_logo2.jpg\" \/>\n\t<meta property=\"og:image:width\" content=\"450\" \/>\n\t<meta property=\"og:image:height\" content=\"450\" \/>\n\t<meta property=\"og:image:type\" content=\"image\/jpeg\" \/>\n<meta name=\"twitter:card\" content=\"summary_large_image\" \/>\n<meta name=\"twitter:label1\" content=\"Gesch\u00e4tzte Lesezeit\" \/>\n\t<meta name=\"twitter:data1\" content=\"2\u00a0Minuten\" \/>\n<script type=\"application\/ld+json\" class=\"yoast-schema-graph\">{\"@context\":\"https:\\\/\\\/schema.org\",\"@graph\":[{\"@type\":\"WebPage\",\"@id\":\"https:\\\/\\\/oleumhistriae.com\\\/de\\\/produkt\\\/chiavalon-organic-05l\\\/\",\"url\":\"https:\\\/\\\/oleumhistriae.com\\\/de\\\/produkt\\\/chiavalon-organic-05l\\\/\",\"name\":\"Chiavalon Oliven\u00f6l - Organic 0,5L- Preis und Angebot | Oleum Histriae\",\"isPartOf\":{\"@id\":\"https:\\\/\\\/oleumhistriae.com\\\/de\\\/#website\"},\"primaryImageOfPage\":{\"@id\":\"https:\\\/\\\/oleumhistriae.com\\\/de\\\/produkt\\\/chiavalon-organic-05l\\\/#primaryimage\"},\"image\":{\"@id\":\"https:\\\/\\\/oleumhistriae.com\\\/de\\\/produkt\\\/chiavalon-organic-05l\\\/#primaryimage\"},\"thumbnailUrl\":\"https:\\\/\\\/oleumhistriae.com\\\/wp-content\\\/uploads\\\/2023\\\/03\\\/Organic_green_logo2.jpg\",\"datePublished\":\"2023-03-13T13:07:11+00:00\",\"dateModified\":\"2025-12-01T10:54:51+00:00\",\"description\":\"Genie\u00dfen Sie erstklassige Qualit\u00e4t von Chiavalon Oliven\u00f6l - Organic 0,5L. Erfahren Sie mehr \u00fcber dessen Funktionen und bestellen Sie zum besten Preis in unserem Webshop!\",\"breadcrumb\":{\"@id\":\"https:\\\/\\\/oleumhistriae.com\\\/de\\\/produkt\\\/chiavalon-organic-05l\\\/#breadcrumb\"},\"inLanguage\":\"de\",\"potentialAction\":[{\"@type\":\"ReadAction\",\"target\":[\"https:\\\/\\\/oleumhistriae.com\\\/de\\\/produkt\\\/chiavalon-organic-05l\\\/\"]}]},{\"@type\":\"ImageObject\",\"inLanguage\":\"de\",\"@id\":\"https:\\\/\\\/oleumhistriae.com\\\/de\\\/produkt\\\/chiavalon-organic-05l\\\/#primaryimage\",\"url\":\"https:\\\/\\\/oleumhistriae.com\\\/wp-content\\\/uploads\\\/2023\\\/03\\\/Organic_green_logo2.jpg\",\"contentUrl\":\"https:\\\/\\\/oleumhistriae.com\\\/wp-content\\\/uploads\\\/2023\\\/03\\\/Organic_green_logo2.jpg\",\"width\":450,\"height\":450},{\"@type\":\"BreadcrumbList\",\"@id\":\"https:\\\/\\\/oleumhistriae.com\\\/de\\\/produkt\\\/chiavalon-organic-05l\\\/#breadcrumb\",\"itemListElement\":[{\"@type\":\"ListItem\",\"position\":1,\"name\":\"Home\",\"item\":\"https:\\\/\\\/oleumhistriae.com\\\/de\\\/\"},{\"@type\":\"ListItem\",\"position\":2,\"name\":\"Shop\",\"item\":\"https:\\\/\\\/oleumhistriae.com\\\/en\\\/shop\\\/\"},{\"@type\":\"ListItem\",\"position\":3,\"name\":\"Chiavalon Oliven\u00f6l &#8211; Organic 0,5L\"}]},{\"@type\":\"WebSite\",\"@id\":\"https:\\\/\\\/oleumhistriae.com\\\/de\\\/#website\",\"url\":\"https:\\\/\\\/oleumhistriae.com\\\/de\\\/\",\"name\":\"Museum Olei Histriae - Pula, Istra\",\"description\":\"Ku\u0107a istarskog maslinovog ulja \u2013 istarska ekstra djevi\u010danska maslinova ulja - degustacija i prodaja. Muzej maslinarstva \u2013 povijest i sada\u0161njost maslinarstva\",\"potentialAction\":[{\"@type\":\"SearchAction\",\"target\":{\"@type\":\"EntryPoint\",\"urlTemplate\":\"https:\\\/\\\/oleumhistriae.com\\\/de\\\/?s={search_term_string}\"},\"query-input\":{\"@type\":\"PropertyValueSpecification\",\"valueRequired\":true,\"valueName\":\"search_term_string\"}}],\"inLanguage\":\"de\"}]}<\/script>\n<!-- \/ Yoast SEO plugin. -->","yoast_head_json":{"title":"Chiavalon Oliven\u00f6l - Organic 0,5L- Preis und Angebot | Oleum Histriae","description":"Genie\u00dfen Sie erstklassige Qualit\u00e4t von Chiavalon Oliven\u00f6l - Organic 0,5L. Erfahren Sie mehr \u00fcber dessen Funktionen und bestellen Sie zum besten Preis in unserem Webshop!","robots":{"index":"index","follow":"follow","max-snippet":"max-snippet:-1","max-image-preview":"max-image-preview:large","max-video-preview":"max-video-preview:-1"},"canonical":"https:\/\/oleumhistriae.com\/de\/produkt\/chiavalon-organic-05l\/","og_locale":"de_DE","og_type":"article","og_title":"Chiavalon Oliven\u00f6l - Organic 0,5L- Preis und Angebot | Oleum Histriae","og_description":"Genie\u00dfen Sie erstklassige Qualit\u00e4t von Chiavalon Oliven\u00f6l - Organic 0,5L. Erfahren Sie mehr \u00fcber dessen Funktionen und bestellen Sie zum besten Preis in unserem Webshop!","og_url":"https:\/\/oleumhistriae.com\/de\/produkt\/chiavalon-organic-05l\/","og_site_name":"Ku\u0107a istarskog maslinovog ulja \u2013 Museum Olei Histriae - Pula, Istra","article_modified_time":"2025-12-01T10:54:51+00:00","og_image":[{"width":450,"height":450,"url":"https:\/\/oleumhistriae.com\/wp-content\/uploads\/2023\/03\/Organic_green_logo2.jpg","type":"image\/jpeg"}],"twitter_card":"summary_large_image","twitter_misc":{"Gesch\u00e4tzte Lesezeit":"2\u00a0Minuten"},"schema":{"@context":"https:\/\/schema.org","@graph":[{"@type":"WebPage","@id":"https:\/\/oleumhistriae.com\/de\/produkt\/chiavalon-organic-05l\/","url":"https:\/\/oleumhistriae.com\/de\/produkt\/chiavalon-organic-05l\/","name":"Chiavalon Oliven\u00f6l - Organic 0,5L- Preis und Angebot | Oleum Histriae","isPartOf":{"@id":"https:\/\/oleumhistriae.com\/de\/#website"},"primaryImageOfPage":{"@id":"https:\/\/oleumhistriae.com\/de\/produkt\/chiavalon-organic-05l\/#primaryimage"},"image":{"@id":"https:\/\/oleumhistriae.com\/de\/produkt\/chiavalon-organic-05l\/#primaryimage"},"thumbnailUrl":"https:\/\/oleumhistriae.com\/wp-content\/uploads\/2023\/03\/Organic_green_logo2.jpg","datePublished":"2023-03-13T13:07:11+00:00","dateModified":"2025-12-01T10:54:51+00:00","description":"Genie\u00dfen Sie erstklassige Qualit\u00e4t von Chiavalon Oliven\u00f6l - Organic 0,5L. Erfahren Sie mehr \u00fcber dessen Funktionen und bestellen Sie zum besten Preis in unserem Webshop!","breadcrumb":{"@id":"https:\/\/oleumhistriae.com\/de\/produkt\/chiavalon-organic-05l\/#breadcrumb"},"inLanguage":"de","potentialAction":[{"@type":"ReadAction","target":["https:\/\/oleumhistriae.com\/de\/produkt\/chiavalon-organic-05l\/"]}]},{"@type":"ImageObject","inLanguage":"de","@id":"https:\/\/oleumhistriae.com\/de\/produkt\/chiavalon-organic-05l\/#primaryimage","url":"https:\/\/oleumhistriae.com\/wp-content\/uploads\/2023\/03\/Organic_green_logo2.jpg","contentUrl":"https:\/\/oleumhistriae.com\/wp-content\/uploads\/2023\/03\/Organic_green_logo2.jpg","width":450,"height":450},{"@type":"BreadcrumbList","@id":"https:\/\/oleumhistriae.com\/de\/produkt\/chiavalon-organic-05l\/#breadcrumb","itemListElement":[{"@type":"ListItem","position":1,"name":"Home","item":"https:\/\/oleumhistriae.com\/de\/"},{"@type":"ListItem","position":2,"name":"Shop","item":"https:\/\/oleumhistriae.com\/en\/shop\/"},{"@type":"ListItem","position":3,"name":"Chiavalon Oliven\u00f6l &#8211; Organic 0,5L"}]},{"@type":"WebSite","@id":"https:\/\/oleumhistriae.com\/de\/#website","url":"https:\/\/oleumhistriae.com\/de\/","name":"Museum Olei Histriae - Pula, Istra","description":"Ku\u0107a istarskog maslinovog ulja \u2013 istarska ekstra djevi\u010danska maslinova ulja - degustacija i prodaja. Muzej maslinarstva \u2013 povijest i sada\u0161njost maslinarstva","potentialAction":[{"@type":"SearchAction","target":{"@type":"EntryPoint","urlTemplate":"https:\/\/oleumhistriae.com\/de\/?s={search_term_string}"},"query-input":{"@type":"PropertyValueSpecification","valueRequired":true,"valueName":"search_term_string"}}],"inLanguage":"de"}]}},"_links":{"self":[{"href":"https:\/\/oleumhistriae.com\/de\/wp-json\/wp\/v2\/product\/5143","targetHints":{"allow":["GET"]}}],"collection":[{"href":"https:\/\/oleumhistriae.com\/de\/wp-json\/wp\/v2\/product"}],"about":[{"href":"https:\/\/oleumhistriae.com\/de\/wp-json\/wp\/v2\/types\/product"}],"wp:featuredmedia":[{"embeddable":true,"href":"https:\/\/oleumhistriae.com\/de\/wp-json\/wp\/v2\/media\/5916"}],"wp:attachment":[{"href":"https:\/\/oleumhistriae.com\/de\/wp-json\/wp\/v2\/media?parent=5143"}],"wp:term":[{"taxonomy":"product_brand","embeddable":true,"href":"https:\/\/oleumhistriae.com\/de\/wp-json\/wp\/v2\/product_brand?post=5143"},{"taxonomy":"product_cat","embeddable":true,"href":"https:\/\/oleumhistriae.com\/de\/wp-json\/wp\/v2\/product_cat?post=5143"},{"taxonomy":"product_tag","embeddable":true,"href":"https:\/\/oleumhistriae.com\/de\/wp-json\/wp\/v2\/product_tag?post=5143"}],"curies":[{"name":"wp","href":"https:\/\/api.w.org\/{rel}","templated":true}]}}