{"id":5130,"date":"2023-03-13T13:07:11","date_gmt":"2023-03-13T13:07:11","guid":{"rendered":"https:\/\/oleumhistriae.com\/proizvod\/meloto-buza-05l\/"},"modified":"2024-03-20T22:40:45","modified_gmt":"2024-03-20T22:40:45","slug":"meloto-buza-05l","status":"publish","type":"product","link":"https:\/\/oleumhistriae.com\/de\/produkt\/meloto-buza-05l\/","title":{"rendered":"Meloto Oliven\u00f6l &#8211; Bu\u017ea 0,5L"},"content":{"rendered":"<p><strong>MELOTO<\/strong><\/p>\n<p><span style=\"font-weight: 400;\">Die Familie Belci aus Vodnjan besitzt heute etwa 8 Hektar Olivenhaine, auf denen sie erstklassige extra native Oliven\u00f6le produziert. Sie pflegen autochthone istrische Sorten wie Bu\u017eu, ro\u0161injolu, istrische bjelica und die besonders interessante seltene istrische Sorte \u017ei\u017eolera. Zahlreiche renommierte Auszeichnungen und Anerkennungen belegen ihre herausragende Qualit\u00e4t. Sie sind auch in die Liste der besten extra nativen Oliven\u00f6le der Welt im &#8222;Flos Olei&#8220;-F\u00fchrer aufgenommen.<\/span><\/p>\n<p><img loading=\"lazy\" decoding=\"async\" class=\"alignnone size-full wp-image-2529\" src=\"https:\/\/oleumhistriae.com\/wp-content\/uploads\/2019\/09\/Meloto1.png\" alt=\"\" width=\"945\" height=\"320\" \/><img loading=\"lazy\" decoding=\"async\" class=\"alignnone wp-image-2528 size-full\" src=\"https:\/\/oleumhistriae.com\/wp-content\/uploads\/2019\/09\/Meloto2.png\" alt=\"\" width=\"945\" height=\"633\" \/><\/p>\n","protected":false},"excerpt":{"rendered":"<p>Dieses hochwertige Oliven\u00f6l zeichnet sich durch sein intensives Aroma aus, das von Apfel- und Olivenfr\u00fcchten dominiert wird. Chicor\u00e9e und Artischocke sind jedoch auch zu sp\u00fcren. Der Geschmack ist mittelw\u00fcrzig und bitter und die beiden Aromen sind gut ausbalanciert. Am Ende bleibt ein angenehmer Nachgeschmack von Trockenfr\u00fcchten. Die gastronomische Empfehlung der Familie Belci ist ein gesundes Fr\u00fchst\u00fcck, das aus weich gekochtem Ei, Pfeffer, Salz und dem unverzichtbaren Bu\u017ea Oliven\u00f6l besteht.<\/p>\n","protected":false},"featured_media":4291,"template":"","meta":[],"product_brand":[],"product_cat":[239,265,349,258],"product_tag":[],"class_list":{"0":"post-5130","1":"product","2":"type-product","3":"status-publish","4":"has-post-thumbnail","6":"product_cat-brand","7":"product_cat-buza-de","8":"product_cat-meloto-de-2","9":"product_cat-natives-olivenol-extra","10":"pa_jacina-2-de","12":"first","13":"instock","14":"shipping-taxable","15":"purchasable","16":"product-type-simple"},"yoast_head":"<!-- This site is optimized with the Yoast SEO plugin v27.5 - https:\/\/yoast.com\/product\/yoast-seo-wordpress\/ -->\n<title>Meloto Oliven\u00f6l - Bu\u017ea 0,5L- Preis und Angebot | Oleum Histriae<\/title>\n<meta name=\"description\" content=\"Genie\u00dfen Sie erstklassige Qualit\u00e4t von Meloto Oliven\u00f6l - Bu\u017ea 0,5L. Erfahren Sie mehr \u00fcber dessen Funktionen und bestellen Sie zum besten Preis in unserem Webshop!\" \/>\n<meta name=\"robots\" content=\"index, follow, max-snippet:-1, max-image-preview:large, max-video-preview:-1\" \/>\n<link rel=\"canonical\" href=\"https:\/\/oleumhistriae.com\/de\/produkt\/meloto-buza-05l\/\" \/>\n<meta property=\"og:locale\" content=\"de_DE\" \/>\n<meta property=\"og:type\" content=\"article\" \/>\n<meta property=\"og:title\" content=\"Meloto Oliven\u00f6l - Bu\u017ea 0,5L- Preis und Angebot | Oleum Histriae\" \/>\n<meta property=\"og:description\" content=\"Genie\u00dfen Sie erstklassige Qualit\u00e4t von Meloto Oliven\u00f6l - Bu\u017ea 0,5L. Erfahren Sie mehr \u00fcber dessen Funktionen und bestellen Sie zum besten Preis in unserem Webshop!\" \/>\n<meta property=\"og:url\" content=\"https:\/\/oleumhistriae.com\/de\/produkt\/meloto-buza-05l\/\" \/>\n<meta property=\"og:site_name\" content=\"Ku\u0107a istarskog maslinovog ulja \u2013 Museum Olei Histriae - Pula, Istra\" \/>\n<meta property=\"article:modified_time\" content=\"2024-03-20T22:40:45+00:00\" \/>\n<meta property=\"og:image\" content=\"https:\/\/oleumhistriae.com\/wp-content\/uploads\/2023\/03\/Meloto_boca_new.jpg\" \/>\n\t<meta property=\"og:image:width\" content=\"1200\" \/>\n\t<meta property=\"og:image:height\" content=\"900\" \/>\n\t<meta property=\"og:image:type\" content=\"image\/jpeg\" \/>\n<meta name=\"twitter:card\" content=\"summary_large_image\" \/>\n<meta name=\"twitter:label1\" content=\"Gesch\u00e4tzte Lesezeit\" \/>\n\t<meta name=\"twitter:data1\" content=\"1\u00a0Minute\" \/>\n<script type=\"application\/ld+json\" class=\"yoast-schema-graph\">{\"@context\":\"https:\\\/\\\/schema.org\",\"@graph\":[{\"@type\":\"WebPage\",\"@id\":\"https:\\\/\\\/oleumhistriae.com\\\/de\\\/produkt\\\/meloto-buza-05l\\\/\",\"url\":\"https:\\\/\\\/oleumhistriae.com\\\/de\\\/produkt\\\/meloto-buza-05l\\\/\",\"name\":\"Meloto Oliven\u00f6l - Bu\u017ea 0,5L- Preis und Angebot | Oleum Histriae\",\"isPartOf\":{\"@id\":\"https:\\\/\\\/oleumhistriae.com\\\/de\\\/#website\"},\"primaryImageOfPage\":{\"@id\":\"https:\\\/\\\/oleumhistriae.com\\\/de\\\/produkt\\\/meloto-buza-05l\\\/#primaryimage\"},\"image\":{\"@id\":\"https:\\\/\\\/oleumhistriae.com\\\/de\\\/produkt\\\/meloto-buza-05l\\\/#primaryimage\"},\"thumbnailUrl\":\"https:\\\/\\\/oleumhistriae.com\\\/wp-content\\\/uploads\\\/2023\\\/03\\\/Meloto_boca_new.jpg\",\"datePublished\":\"2023-03-13T13:07:11+00:00\",\"dateModified\":\"2024-03-20T22:40:45+00:00\",\"description\":\"Genie\u00dfen Sie erstklassige Qualit\u00e4t von Meloto Oliven\u00f6l - Bu\u017ea 0,5L. Erfahren Sie mehr \u00fcber dessen Funktionen und bestellen Sie zum besten Preis in unserem Webshop!\",\"breadcrumb\":{\"@id\":\"https:\\\/\\\/oleumhistriae.com\\\/de\\\/produkt\\\/meloto-buza-05l\\\/#breadcrumb\"},\"inLanguage\":\"de\",\"potentialAction\":[{\"@type\":\"ReadAction\",\"target\":[\"https:\\\/\\\/oleumhistriae.com\\\/de\\\/produkt\\\/meloto-buza-05l\\\/\"]}]},{\"@type\":\"ImageObject\",\"inLanguage\":\"de\",\"@id\":\"https:\\\/\\\/oleumhistriae.com\\\/de\\\/produkt\\\/meloto-buza-05l\\\/#primaryimage\",\"url\":\"https:\\\/\\\/oleumhistriae.com\\\/wp-content\\\/uploads\\\/2023\\\/03\\\/Meloto_boca_new.jpg\",\"contentUrl\":\"https:\\\/\\\/oleumhistriae.com\\\/wp-content\\\/uploads\\\/2023\\\/03\\\/Meloto_boca_new.jpg\",\"width\":1200,\"height\":900},{\"@type\":\"BreadcrumbList\",\"@id\":\"https:\\\/\\\/oleumhistriae.com\\\/de\\\/produkt\\\/meloto-buza-05l\\\/#breadcrumb\",\"itemListElement\":[{\"@type\":\"ListItem\",\"position\":1,\"name\":\"Home\",\"item\":\"https:\\\/\\\/oleumhistriae.com\\\/de\\\/\"},{\"@type\":\"ListItem\",\"position\":2,\"name\":\"Shop\",\"item\":\"https:\\\/\\\/oleumhistriae.com\\\/en\\\/shop\\\/\"},{\"@type\":\"ListItem\",\"position\":3,\"name\":\"Meloto Oliven\u00f6l &#8211; Bu\u017ea 0,5L\"}]},{\"@type\":\"WebSite\",\"@id\":\"https:\\\/\\\/oleumhistriae.com\\\/de\\\/#website\",\"url\":\"https:\\\/\\\/oleumhistriae.com\\\/de\\\/\",\"name\":\"Museum Olei Histriae - Pula, Istra\",\"description\":\"Ku\u0107a istarskog maslinovog ulja \u2013 istarska ekstra djevi\u010danska maslinova ulja - degustacija i prodaja. Muzej maslinarstva \u2013 povijest i sada\u0161njost maslinarstva\",\"potentialAction\":[{\"@type\":\"SearchAction\",\"target\":{\"@type\":\"EntryPoint\",\"urlTemplate\":\"https:\\\/\\\/oleumhistriae.com\\\/de\\\/?s={search_term_string}\"},\"query-input\":{\"@type\":\"PropertyValueSpecification\",\"valueRequired\":true,\"valueName\":\"search_term_string\"}}],\"inLanguage\":\"de\"}]}<\/script>\n<!-- \/ Yoast SEO plugin. -->","yoast_head_json":{"title":"Meloto Oliven\u00f6l - Bu\u017ea 0,5L- Preis und Angebot | Oleum Histriae","description":"Genie\u00dfen Sie erstklassige Qualit\u00e4t von Meloto Oliven\u00f6l - Bu\u017ea 0,5L. Erfahren Sie mehr \u00fcber dessen Funktionen und bestellen Sie zum besten Preis in unserem Webshop!","robots":{"index":"index","follow":"follow","max-snippet":"max-snippet:-1","max-image-preview":"max-image-preview:large","max-video-preview":"max-video-preview:-1"},"canonical":"https:\/\/oleumhistriae.com\/de\/produkt\/meloto-buza-05l\/","og_locale":"de_DE","og_type":"article","og_title":"Meloto Oliven\u00f6l - Bu\u017ea 0,5L- Preis und Angebot | Oleum Histriae","og_description":"Genie\u00dfen Sie erstklassige Qualit\u00e4t von Meloto Oliven\u00f6l - Bu\u017ea 0,5L. Erfahren Sie mehr \u00fcber dessen Funktionen und bestellen Sie zum besten Preis in unserem Webshop!","og_url":"https:\/\/oleumhistriae.com\/de\/produkt\/meloto-buza-05l\/","og_site_name":"Ku\u0107a istarskog maslinovog ulja \u2013 Museum Olei Histriae - Pula, Istra","article_modified_time":"2024-03-20T22:40:45+00:00","og_image":[{"width":1200,"height":900,"url":"https:\/\/oleumhistriae.com\/wp-content\/uploads\/2023\/03\/Meloto_boca_new.jpg","type":"image\/jpeg"}],"twitter_card":"summary_large_image","twitter_misc":{"Gesch\u00e4tzte Lesezeit":"1\u00a0Minute"},"schema":{"@context":"https:\/\/schema.org","@graph":[{"@type":"WebPage","@id":"https:\/\/oleumhistriae.com\/de\/produkt\/meloto-buza-05l\/","url":"https:\/\/oleumhistriae.com\/de\/produkt\/meloto-buza-05l\/","name":"Meloto Oliven\u00f6l - Bu\u017ea 0,5L- Preis und Angebot | Oleum Histriae","isPartOf":{"@id":"https:\/\/oleumhistriae.com\/de\/#website"},"primaryImageOfPage":{"@id":"https:\/\/oleumhistriae.com\/de\/produkt\/meloto-buza-05l\/#primaryimage"},"image":{"@id":"https:\/\/oleumhistriae.com\/de\/produkt\/meloto-buza-05l\/#primaryimage"},"thumbnailUrl":"https:\/\/oleumhistriae.com\/wp-content\/uploads\/2023\/03\/Meloto_boca_new.jpg","datePublished":"2023-03-13T13:07:11+00:00","dateModified":"2024-03-20T22:40:45+00:00","description":"Genie\u00dfen Sie erstklassige Qualit\u00e4t von Meloto Oliven\u00f6l - Bu\u017ea 0,5L. Erfahren Sie mehr \u00fcber dessen Funktionen und bestellen Sie zum besten Preis in unserem Webshop!","breadcrumb":{"@id":"https:\/\/oleumhistriae.com\/de\/produkt\/meloto-buza-05l\/#breadcrumb"},"inLanguage":"de","potentialAction":[{"@type":"ReadAction","target":["https:\/\/oleumhistriae.com\/de\/produkt\/meloto-buza-05l\/"]}]},{"@type":"ImageObject","inLanguage":"de","@id":"https:\/\/oleumhistriae.com\/de\/produkt\/meloto-buza-05l\/#primaryimage","url":"https:\/\/oleumhistriae.com\/wp-content\/uploads\/2023\/03\/Meloto_boca_new.jpg","contentUrl":"https:\/\/oleumhistriae.com\/wp-content\/uploads\/2023\/03\/Meloto_boca_new.jpg","width":1200,"height":900},{"@type":"BreadcrumbList","@id":"https:\/\/oleumhistriae.com\/de\/produkt\/meloto-buza-05l\/#breadcrumb","itemListElement":[{"@type":"ListItem","position":1,"name":"Home","item":"https:\/\/oleumhistriae.com\/de\/"},{"@type":"ListItem","position":2,"name":"Shop","item":"https:\/\/oleumhistriae.com\/en\/shop\/"},{"@type":"ListItem","position":3,"name":"Meloto Oliven\u00f6l &#8211; Bu\u017ea 0,5L"}]},{"@type":"WebSite","@id":"https:\/\/oleumhistriae.com\/de\/#website","url":"https:\/\/oleumhistriae.com\/de\/","name":"Museum Olei Histriae - Pula, Istra","description":"Ku\u0107a istarskog maslinovog ulja \u2013 istarska ekstra djevi\u010danska maslinova ulja - degustacija i prodaja. Muzej maslinarstva \u2013 povijest i sada\u0161njost maslinarstva","potentialAction":[{"@type":"SearchAction","target":{"@type":"EntryPoint","urlTemplate":"https:\/\/oleumhistriae.com\/de\/?s={search_term_string}"},"query-input":{"@type":"PropertyValueSpecification","valueRequired":true,"valueName":"search_term_string"}}],"inLanguage":"de"}]}},"_links":{"self":[{"href":"https:\/\/oleumhistriae.com\/de\/wp-json\/wp\/v2\/product\/5130","targetHints":{"allow":["GET"]}}],"collection":[{"href":"https:\/\/oleumhistriae.com\/de\/wp-json\/wp\/v2\/product"}],"about":[{"href":"https:\/\/oleumhistriae.com\/de\/wp-json\/wp\/v2\/types\/product"}],"wp:featuredmedia":[{"embeddable":true,"href":"https:\/\/oleumhistriae.com\/de\/wp-json\/wp\/v2\/media\/4291"}],"wp:attachment":[{"href":"https:\/\/oleumhistriae.com\/de\/wp-json\/wp\/v2\/media?parent=5130"}],"wp:term":[{"taxonomy":"product_brand","embeddable":true,"href":"https:\/\/oleumhistriae.com\/de\/wp-json\/wp\/v2\/product_brand?post=5130"},{"taxonomy":"product_cat","embeddable":true,"href":"https:\/\/oleumhistriae.com\/de\/wp-json\/wp\/v2\/product_cat?post=5130"},{"taxonomy":"product_tag","embeddable":true,"href":"https:\/\/oleumhistriae.com\/de\/wp-json\/wp\/v2\/product_tag?post=5130"}],"curies":[{"name":"wp","href":"https:\/\/api.w.org\/{rel}","templated":true}]}}