{"id":5126,"date":"2023-03-13T13:07:11","date_gmt":"2023-03-13T13:07:11","guid":{"rendered":"https:\/\/oleumhistriae.com\/proizvod\/terra-rossa-terra-rossa-05l\/"},"modified":"2024-11-25T10:38:11","modified_gmt":"2024-11-25T10:38:11","slug":"terra-rossa-terra-rossa-05l","status":"publish","type":"product","link":"https:\/\/oleumhistriae.com\/de\/produkt\/terra-rossa-terra-rossa-05l\/","title":{"rendered":"Terra Rossa Oliven\u00f6l &#8211; Terra Rossa 0,5L"},"content":{"rendered":"<p><strong>TERRA ROSSA<\/strong><\/p>\n<p><span style=\"font-weight: 400;\">Die Familie Bellani stammt aus Sveta Katarina, zwischen dem zentralen Teil und dem westlichen K\u00fcstengebiet Istriens, das sich durch den au\u00dfergew\u00f6hnlich fruchtbaren roten Boden, Terra Rossa, auszeichnet. Terra Rossa ist eine leuchtend rote Art von Boden, die aufgrund ihrer lehmigen Struktur besonders f\u00fcr den Olivenanbau geeignet ist.<\/span><\/p>\n<p><span style=\"font-weight: 400;\">Sie produzieren eines der ersten extra nativen Oliven\u00f6le nach den Standards der 100% organischen Landwirtschaft, das die Erfahrung von drei Generationen und die Leidenschaft der gesamten Familie f\u00fcr Oliven einschlie\u00dft. Ihr \u00d6l zeichnet sich durch erstklassige Qualit\u00e4t aus. Besonders hervorzuheben sind die Medaillen von Wettbewerben in Berlin und New York.<\/span><\/p>\n<p><img loading=\"lazy\" decoding=\"async\" class=\"alignnone wp-image-2533 size-full\" src=\"https:\/\/oleumhistriae.com\/wp-content\/uploads\/2019\/09\/Terra-Rossa2.jpg\" alt=\"\" width=\"406\" height=\"270\" \/> <img loading=\"lazy\" decoding=\"async\" class=\"alignnone wp-image-2532 size-full\" src=\"https:\/\/oleumhistriae.com\/wp-content\/uploads\/2019\/09\/Terra-Rossa.jpg\" alt=\"\" width=\"384\" height=\"266\" \/><\/p>\n","protected":false},"excerpt":{"rendered":"<p>Das Aroma dieses \u00d6ls ist ausgepr\u00e4gt und voll, es wird dominiert von fruchtigen Noten von Zitrone, gr\u00fcnem Gem\u00fcse und den w\u00fcrzigen Noten mediterraner Kr\u00e4uter. Der Geschmack ist abgerundet und ausgepr\u00e4gt und die Bitterkeit und W\u00fcrze sind ausgewogen. Es passt ideal zu Gerichten wie Bruschetta mit Tomaten, Oktopus-Carpaccio, mariniertem Fisch, Suppen, Salaten und Nudeln.<\/p>\n","protected":false},"featured_media":4269,"template":"","meta":[],"product_brand":[],"product_cat":[350,239,258,254],"product_tag":[],"class_list":{"0":"post-5126","1":"product","2":"type-product","3":"status-publish","4":"has-post-thumbnail","6":"product_cat-blend","7":"product_cat-brand","8":"product_cat-natives-olivenol-extra","9":"product_cat-terra-rossa","10":"pa_jacina-5-de","12":"first","13":"instock","14":"shipping-taxable","15":"purchasable","16":"product-type-simple"},"yoast_head":"<!-- This site is optimized with the Yoast SEO plugin v27.4 - https:\/\/yoast.com\/product\/yoast-seo-wordpress\/ -->\n<title>Terra Rossa Oliven\u00f6l - Terra Rossa 0,5L- Preis und Angebot | Oleum Histriae<\/title>\n<meta name=\"description\" content=\"Genie\u00dfen Sie erstklassige Qualit\u00e4t von Terra Rossa Oliven\u00f6l - Terra Rossa 0,5L. Erfahren Sie mehr \u00fcber dessen Funktionen und bestellen Sie zum besten Preis in unserem Webshop!\" \/>\n<meta name=\"robots\" content=\"index, follow, max-snippet:-1, max-image-preview:large, max-video-preview:-1\" \/>\n<link rel=\"canonical\" href=\"https:\/\/oleumhistriae.com\/de\/produkt\/terra-rossa-terra-rossa-05l\/\" \/>\n<meta property=\"og:locale\" content=\"de_DE\" \/>\n<meta property=\"og:type\" content=\"article\" \/>\n<meta property=\"og:title\" content=\"Terra Rossa Oliven\u00f6l - Terra Rossa 0,5L- Preis und Angebot | Oleum Histriae\" \/>\n<meta property=\"og:description\" content=\"Genie\u00dfen Sie erstklassige Qualit\u00e4t von Terra Rossa Oliven\u00f6l - Terra Rossa 0,5L. Erfahren Sie mehr \u00fcber dessen Funktionen und bestellen Sie zum besten Preis in unserem Webshop!\" \/>\n<meta property=\"og:url\" content=\"https:\/\/oleumhistriae.com\/de\/produkt\/terra-rossa-terra-rossa-05l\/\" \/>\n<meta property=\"og:site_name\" content=\"Ku\u0107a istarskog maslinovog ulja \u2013 Museum Olei Histriae - Pula, Istra\" \/>\n<meta property=\"article:modified_time\" content=\"2024-11-25T10:38:11+00:00\" \/>\n<meta property=\"og:image\" content=\"https:\/\/oleumhistriae.com\/wp-content\/uploads\/2023\/03\/Terra_Rossa_new.jpg\" \/>\n\t<meta property=\"og:image:width\" content=\"1200\" \/>\n\t<meta property=\"og:image:height\" content=\"900\" \/>\n\t<meta property=\"og:image:type\" content=\"image\/jpeg\" \/>\n<meta name=\"twitter:card\" content=\"summary_large_image\" \/>\n<meta name=\"twitter:label1\" content=\"Gesch\u00e4tzte Lesezeit\" \/>\n\t<meta name=\"twitter:data1\" content=\"2\u00a0Minuten\" \/>\n<script type=\"application\/ld+json\" class=\"yoast-schema-graph\">{\"@context\":\"https:\\\/\\\/schema.org\",\"@graph\":[{\"@type\":\"WebPage\",\"@id\":\"https:\\\/\\\/oleumhistriae.com\\\/de\\\/produkt\\\/terra-rossa-terra-rossa-05l\\\/\",\"url\":\"https:\\\/\\\/oleumhistriae.com\\\/de\\\/produkt\\\/terra-rossa-terra-rossa-05l\\\/\",\"name\":\"Terra Rossa Oliven\u00f6l - Terra Rossa 0,5L- Preis und Angebot | Oleum Histriae\",\"isPartOf\":{\"@id\":\"https:\\\/\\\/oleumhistriae.com\\\/de\\\/#website\"},\"primaryImageOfPage\":{\"@id\":\"https:\\\/\\\/oleumhistriae.com\\\/de\\\/produkt\\\/terra-rossa-terra-rossa-05l\\\/#primaryimage\"},\"image\":{\"@id\":\"https:\\\/\\\/oleumhistriae.com\\\/de\\\/produkt\\\/terra-rossa-terra-rossa-05l\\\/#primaryimage\"},\"thumbnailUrl\":\"https:\\\/\\\/oleumhistriae.com\\\/wp-content\\\/uploads\\\/2023\\\/03\\\/Terra_Rossa_new.jpg\",\"datePublished\":\"2023-03-13T13:07:11+00:00\",\"dateModified\":\"2024-11-25T10:38:11+00:00\",\"description\":\"Genie\u00dfen Sie erstklassige Qualit\u00e4t von Terra Rossa Oliven\u00f6l - Terra Rossa 0,5L. Erfahren Sie mehr \u00fcber dessen Funktionen und bestellen Sie zum besten Preis in unserem Webshop!\",\"breadcrumb\":{\"@id\":\"https:\\\/\\\/oleumhistriae.com\\\/de\\\/produkt\\\/terra-rossa-terra-rossa-05l\\\/#breadcrumb\"},\"inLanguage\":\"de\",\"potentialAction\":[{\"@type\":\"ReadAction\",\"target\":[\"https:\\\/\\\/oleumhistriae.com\\\/de\\\/produkt\\\/terra-rossa-terra-rossa-05l\\\/\"]}]},{\"@type\":\"ImageObject\",\"inLanguage\":\"de\",\"@id\":\"https:\\\/\\\/oleumhistriae.com\\\/de\\\/produkt\\\/terra-rossa-terra-rossa-05l\\\/#primaryimage\",\"url\":\"https:\\\/\\\/oleumhistriae.com\\\/wp-content\\\/uploads\\\/2023\\\/03\\\/Terra_Rossa_new.jpg\",\"contentUrl\":\"https:\\\/\\\/oleumhistriae.com\\\/wp-content\\\/uploads\\\/2023\\\/03\\\/Terra_Rossa_new.jpg\",\"width\":1200,\"height\":900},{\"@type\":\"BreadcrumbList\",\"@id\":\"https:\\\/\\\/oleumhistriae.com\\\/de\\\/produkt\\\/terra-rossa-terra-rossa-05l\\\/#breadcrumb\",\"itemListElement\":[{\"@type\":\"ListItem\",\"position\":1,\"name\":\"Home\",\"item\":\"https:\\\/\\\/oleumhistriae.com\\\/de\\\/\"},{\"@type\":\"ListItem\",\"position\":2,\"name\":\"Shop\",\"item\":\"https:\\\/\\\/oleumhistriae.com\\\/en\\\/shop\\\/\"},{\"@type\":\"ListItem\",\"position\":3,\"name\":\"Terra Rossa Oliven\u00f6l &#8211; Terra Rossa 0,5L\"}]},{\"@type\":\"WebSite\",\"@id\":\"https:\\\/\\\/oleumhistriae.com\\\/de\\\/#website\",\"url\":\"https:\\\/\\\/oleumhistriae.com\\\/de\\\/\",\"name\":\"Museum Olei Histriae - Pula, Istra\",\"description\":\"Ku\u0107a istarskog maslinovog ulja \u2013 istarska ekstra djevi\u010danska maslinova ulja - degustacija i prodaja. Muzej maslinarstva \u2013 povijest i sada\u0161njost maslinarstva\",\"potentialAction\":[{\"@type\":\"SearchAction\",\"target\":{\"@type\":\"EntryPoint\",\"urlTemplate\":\"https:\\\/\\\/oleumhistriae.com\\\/de\\\/?s={search_term_string}\"},\"query-input\":{\"@type\":\"PropertyValueSpecification\",\"valueRequired\":true,\"valueName\":\"search_term_string\"}}],\"inLanguage\":\"de\"}]}<\/script>\n<!-- \/ Yoast SEO plugin. -->","yoast_head_json":{"title":"Terra Rossa Oliven\u00f6l - Terra Rossa 0,5L- Preis und Angebot | Oleum Histriae","description":"Genie\u00dfen Sie erstklassige Qualit\u00e4t von Terra Rossa Oliven\u00f6l - Terra Rossa 0,5L. Erfahren Sie mehr \u00fcber dessen Funktionen und bestellen Sie zum besten Preis in unserem Webshop!","robots":{"index":"index","follow":"follow","max-snippet":"max-snippet:-1","max-image-preview":"max-image-preview:large","max-video-preview":"max-video-preview:-1"},"canonical":"https:\/\/oleumhistriae.com\/de\/produkt\/terra-rossa-terra-rossa-05l\/","og_locale":"de_DE","og_type":"article","og_title":"Terra Rossa Oliven\u00f6l - Terra Rossa 0,5L- Preis und Angebot | Oleum Histriae","og_description":"Genie\u00dfen Sie erstklassige Qualit\u00e4t von Terra Rossa Oliven\u00f6l - Terra Rossa 0,5L. Erfahren Sie mehr \u00fcber dessen Funktionen und bestellen Sie zum besten Preis in unserem Webshop!","og_url":"https:\/\/oleumhistriae.com\/de\/produkt\/terra-rossa-terra-rossa-05l\/","og_site_name":"Ku\u0107a istarskog maslinovog ulja \u2013 Museum Olei Histriae - Pula, Istra","article_modified_time":"2024-11-25T10:38:11+00:00","og_image":[{"width":1200,"height":900,"url":"https:\/\/oleumhistriae.com\/wp-content\/uploads\/2023\/03\/Terra_Rossa_new.jpg","type":"image\/jpeg"}],"twitter_card":"summary_large_image","twitter_misc":{"Gesch\u00e4tzte Lesezeit":"2\u00a0Minuten"},"schema":{"@context":"https:\/\/schema.org","@graph":[{"@type":"WebPage","@id":"https:\/\/oleumhistriae.com\/de\/produkt\/terra-rossa-terra-rossa-05l\/","url":"https:\/\/oleumhistriae.com\/de\/produkt\/terra-rossa-terra-rossa-05l\/","name":"Terra Rossa Oliven\u00f6l - Terra Rossa 0,5L- Preis und Angebot | Oleum Histriae","isPartOf":{"@id":"https:\/\/oleumhistriae.com\/de\/#website"},"primaryImageOfPage":{"@id":"https:\/\/oleumhistriae.com\/de\/produkt\/terra-rossa-terra-rossa-05l\/#primaryimage"},"image":{"@id":"https:\/\/oleumhistriae.com\/de\/produkt\/terra-rossa-terra-rossa-05l\/#primaryimage"},"thumbnailUrl":"https:\/\/oleumhistriae.com\/wp-content\/uploads\/2023\/03\/Terra_Rossa_new.jpg","datePublished":"2023-03-13T13:07:11+00:00","dateModified":"2024-11-25T10:38:11+00:00","description":"Genie\u00dfen Sie erstklassige Qualit\u00e4t von Terra Rossa Oliven\u00f6l - Terra Rossa 0,5L. Erfahren Sie mehr \u00fcber dessen Funktionen und bestellen Sie zum besten Preis in unserem Webshop!","breadcrumb":{"@id":"https:\/\/oleumhistriae.com\/de\/produkt\/terra-rossa-terra-rossa-05l\/#breadcrumb"},"inLanguage":"de","potentialAction":[{"@type":"ReadAction","target":["https:\/\/oleumhistriae.com\/de\/produkt\/terra-rossa-terra-rossa-05l\/"]}]},{"@type":"ImageObject","inLanguage":"de","@id":"https:\/\/oleumhistriae.com\/de\/produkt\/terra-rossa-terra-rossa-05l\/#primaryimage","url":"https:\/\/oleumhistriae.com\/wp-content\/uploads\/2023\/03\/Terra_Rossa_new.jpg","contentUrl":"https:\/\/oleumhistriae.com\/wp-content\/uploads\/2023\/03\/Terra_Rossa_new.jpg","width":1200,"height":900},{"@type":"BreadcrumbList","@id":"https:\/\/oleumhistriae.com\/de\/produkt\/terra-rossa-terra-rossa-05l\/#breadcrumb","itemListElement":[{"@type":"ListItem","position":1,"name":"Home","item":"https:\/\/oleumhistriae.com\/de\/"},{"@type":"ListItem","position":2,"name":"Shop","item":"https:\/\/oleumhistriae.com\/en\/shop\/"},{"@type":"ListItem","position":3,"name":"Terra Rossa Oliven\u00f6l &#8211; Terra Rossa 0,5L"}]},{"@type":"WebSite","@id":"https:\/\/oleumhistriae.com\/de\/#website","url":"https:\/\/oleumhistriae.com\/de\/","name":"Museum Olei Histriae - Pula, Istra","description":"Ku\u0107a istarskog maslinovog ulja \u2013 istarska ekstra djevi\u010danska maslinova ulja - degustacija i prodaja. Muzej maslinarstva \u2013 povijest i sada\u0161njost maslinarstva","potentialAction":[{"@type":"SearchAction","target":{"@type":"EntryPoint","urlTemplate":"https:\/\/oleumhistriae.com\/de\/?s={search_term_string}"},"query-input":{"@type":"PropertyValueSpecification","valueRequired":true,"valueName":"search_term_string"}}],"inLanguage":"de"}]}},"_links":{"self":[{"href":"https:\/\/oleumhistriae.com\/de\/wp-json\/wp\/v2\/product\/5126","targetHints":{"allow":["GET"]}}],"collection":[{"href":"https:\/\/oleumhistriae.com\/de\/wp-json\/wp\/v2\/product"}],"about":[{"href":"https:\/\/oleumhistriae.com\/de\/wp-json\/wp\/v2\/types\/product"}],"wp:featuredmedia":[{"embeddable":true,"href":"https:\/\/oleumhistriae.com\/de\/wp-json\/wp\/v2\/media\/4269"}],"wp:attachment":[{"href":"https:\/\/oleumhistriae.com\/de\/wp-json\/wp\/v2\/media?parent=5126"}],"wp:term":[{"taxonomy":"product_brand","embeddable":true,"href":"https:\/\/oleumhistriae.com\/de\/wp-json\/wp\/v2\/product_brand?post=5126"},{"taxonomy":"product_cat","embeddable":true,"href":"https:\/\/oleumhistriae.com\/de\/wp-json\/wp\/v2\/product_cat?post=5126"},{"taxonomy":"product_tag","embeddable":true,"href":"https:\/\/oleumhistriae.com\/de\/wp-json\/wp\/v2\/product_tag?post=5126"}],"curies":[{"name":"wp","href":"https:\/\/api.w.org\/{rel}","templated":true}]}}