{"id":5107,"date":"2023-03-13T13:07:13","date_gmt":"2023-03-13T13:07:13","guid":{"rendered":"https:\/\/oleumhistriae.com\/proizvod\/brist-sta-margherita-05l\/"},"modified":"2024-03-20T22:35:17","modified_gmt":"2024-03-20T22:35:17","slug":"brist-sta-margherita-05l","status":"publish","type":"product","link":"https:\/\/oleumhistriae.com\/de\/produkt\/brist-sta-margherita-05l\/","title":{"rendered":"Brist Oliven\u00f6l &#8211; Sta Margherita 0,5L"},"content":{"rendered":"<p><strong>BRIST<\/strong><\/p>\n<p>Die Marke BRIST Olive ist eine Sch\u00f6pfung von Silvano und Ines Puhar und ihrer Familie, die die Vision teilen, traditionelle Anbaumethoden aus der R\u00f6merzeit mit modernsten Produktionsmethoden zu kombinieren, um BRIST-\u00d6le mit einer un\u00fcbertroffenen Qualit\u00e4t in einer bereits herausragenden Region Istriens f\u00fcr den Olivenanbau zu bieten.<br \/>\nDie Oliven bei BRIST werden speziell in antiken r\u00f6mischen Villae Rusticae-Olivenhainen angebaut, die einen Blick auf das wundersch\u00f6ne Brijuni-Archipel bieten. Auf diese Weise setzen sie Tausende Jahre Tradition fort. Es ist auch ihre \u00dcberzeugung, dass in der modernen \u00c4ra die besten Oliven aus traditionell angebauten Hainen auf kleineren landwirtschaftlichen Fl\u00e4chen stammen, die im Familienbesitz sind, und die Familie steht im Mittelpunkt ihres Handelns.<\/p>\n<p><img loading=\"lazy\" decoding=\"async\" class=\"alignnone wp-image-2547 size-full\" src=\"https:\/\/oleumhistriae.com\/wp-content\/uploads\/2019\/09\/Brist3.jpg\" alt=\"\" width=\"454\" height=\"197\" \/><\/p>\n<p><img loading=\"lazy\" decoding=\"async\" class=\"alignnone wp-image-2548 size-full\" src=\"https:\/\/oleumhistriae.com\/wp-content\/uploads\/2019\/09\/Brist4.jpg\" alt=\"\" width=\"454\" height=\"284\" \/><img loading=\"lazy\" decoding=\"async\" class=\"size-full wp-image-2545 aligncenter\" src=\"https:\/\/oleumhistriae.com\/wp-content\/uploads\/2019\/09\/Brist1.jpg\" alt=\"\" width=\"289\" height=\"338\" \/><\/p>\n<p><img loading=\"lazy\" decoding=\"async\" class=\"wp-image-2546 size-full aligncenter\" src=\"https:\/\/oleumhistriae.com\/wp-content\/uploads\/2019\/09\/Brist2.jpg\" alt=\"\" width=\"225\" height=\"338\" \/><\/p>\n<p><img loading=\"lazy\" decoding=\"async\" class=\"aligncenter wp-image-2549 size-full\" src=\"https:\/\/oleumhistriae.com\/wp-content\/uploads\/2019\/09\/Brist5.jpg\" alt=\"\" width=\"219\" height=\"130\" \/><\/p>\n","protected":false},"excerpt":{"rendered":"<p>Harmonisch und angenehm abgerundet. Hat das Aroma von frisch gem\u00e4htem Gras. Fruchtig im Geschmack, mit einer ausgeglichenen Sch\u00e4rfe, die sich sp\u00e4ter entwickelt. Es passt ausgezeichnet zu Salaten, gegrilltem Gem\u00fcse, Maisbrei, Nudelgerichten, Risotto, sowie Hauptgerichten mit Huhn oder Pilzen. Verleiht jungen K\u00e4sesorten eine besondere Frische.<\/p>\n","protected":false},"featured_media":4259,"template":"","meta":[],"product_brand":[],"product_cat":[239,242,265,258],"product_tag":[],"class_list":{"0":"post-5107","1":"product","2":"type-product","3":"status-publish","4":"has-post-thumbnail","6":"product_cat-brand","7":"product_cat-brist-de","8":"product_cat-buza-de","9":"product_cat-natives-olivenol-extra","10":"pa_jacina-2-de","12":"first","13":"instock","14":"shipping-taxable","15":"purchasable","16":"product-type-simple"},"yoast_head":"<!-- This site is optimized with the Yoast SEO plugin v27.4 - https:\/\/yoast.com\/product\/yoast-seo-wordpress\/ -->\n<title>Brist Oliven\u00f6l - Sta Margherita 0,5L- Preis und Angebot | Oleum Histriae<\/title>\n<meta name=\"description\" content=\"Genie\u00dfen Sie erstklassige Qualit\u00e4t von Brist Oliven\u00f6l - Sta Margherita 0,5L. Erfahren Sie mehr \u00fcber dessen Funktionen und bestellen Sie zum besten Preis in unserem Webshop!\" \/>\n<meta name=\"robots\" content=\"index, follow, max-snippet:-1, max-image-preview:large, max-video-preview:-1\" \/>\n<link rel=\"canonical\" href=\"https:\/\/oleumhistriae.com\/de\/produkt\/brist-sta-margherita-05l\/\" \/>\n<meta property=\"og:locale\" content=\"de_DE\" \/>\n<meta property=\"og:type\" content=\"article\" \/>\n<meta property=\"og:title\" content=\"Brist Oliven\u00f6l - Sta Margherita 0,5L- Preis und Angebot | Oleum Histriae\" \/>\n<meta property=\"og:description\" content=\"Genie\u00dfen Sie erstklassige Qualit\u00e4t von Brist Oliven\u00f6l - Sta Margherita 0,5L. Erfahren Sie mehr \u00fcber dessen Funktionen und bestellen Sie zum besten Preis in unserem Webshop!\" \/>\n<meta property=\"og:url\" content=\"https:\/\/oleumhistriae.com\/de\/produkt\/brist-sta-margherita-05l\/\" \/>\n<meta property=\"og:site_name\" content=\"Ku\u0107a istarskog maslinovog ulja \u2013 Museum Olei Histriae - Pula, Istra\" \/>\n<meta property=\"article:modified_time\" content=\"2024-03-20T22:35:17+00:00\" \/>\n<meta property=\"og:image\" content=\"https:\/\/oleumhistriae.com\/wp-content\/uploads\/2023\/03\/02-Brist-Margherita-500ml-WR.jpg\" \/>\n\t<meta property=\"og:image:width\" content=\"800\" \/>\n\t<meta property=\"og:image:height\" content=\"1200\" \/>\n\t<meta property=\"og:image:type\" content=\"image\/jpeg\" \/>\n<meta name=\"twitter:card\" content=\"summary_large_image\" \/>\n<meta name=\"twitter:label1\" content=\"Gesch\u00e4tzte Lesezeit\" \/>\n\t<meta name=\"twitter:data1\" content=\"2\u00a0Minuten\" \/>\n<script type=\"application\/ld+json\" class=\"yoast-schema-graph\">{\"@context\":\"https:\\\/\\\/schema.org\",\"@graph\":[{\"@type\":\"WebPage\",\"@id\":\"https:\\\/\\\/oleumhistriae.com\\\/de\\\/produkt\\\/brist-sta-margherita-05l\\\/\",\"url\":\"https:\\\/\\\/oleumhistriae.com\\\/de\\\/produkt\\\/brist-sta-margherita-05l\\\/\",\"name\":\"Brist Oliven\u00f6l - Sta Margherita 0,5L- Preis und Angebot | Oleum Histriae\",\"isPartOf\":{\"@id\":\"https:\\\/\\\/oleumhistriae.com\\\/de\\\/#website\"},\"primaryImageOfPage\":{\"@id\":\"https:\\\/\\\/oleumhistriae.com\\\/de\\\/produkt\\\/brist-sta-margherita-05l\\\/#primaryimage\"},\"image\":{\"@id\":\"https:\\\/\\\/oleumhistriae.com\\\/de\\\/produkt\\\/brist-sta-margherita-05l\\\/#primaryimage\"},\"thumbnailUrl\":\"https:\\\/\\\/oleumhistriae.com\\\/wp-content\\\/uploads\\\/2023\\\/03\\\/02-Brist-Margherita-500ml-WR.jpg\",\"datePublished\":\"2023-03-13T13:07:13+00:00\",\"dateModified\":\"2024-03-20T22:35:17+00:00\",\"description\":\"Genie\u00dfen Sie erstklassige Qualit\u00e4t von Brist Oliven\u00f6l - Sta Margherita 0,5L. Erfahren Sie mehr \u00fcber dessen Funktionen und bestellen Sie zum besten Preis in unserem Webshop!\",\"breadcrumb\":{\"@id\":\"https:\\\/\\\/oleumhistriae.com\\\/de\\\/produkt\\\/brist-sta-margherita-05l\\\/#breadcrumb\"},\"inLanguage\":\"de\",\"potentialAction\":[{\"@type\":\"ReadAction\",\"target\":[\"https:\\\/\\\/oleumhistriae.com\\\/de\\\/produkt\\\/brist-sta-margherita-05l\\\/\"]}]},{\"@type\":\"ImageObject\",\"inLanguage\":\"de\",\"@id\":\"https:\\\/\\\/oleumhistriae.com\\\/de\\\/produkt\\\/brist-sta-margherita-05l\\\/#primaryimage\",\"url\":\"https:\\\/\\\/oleumhistriae.com\\\/wp-content\\\/uploads\\\/2023\\\/03\\\/02-Brist-Margherita-500ml-WR.jpg\",\"contentUrl\":\"https:\\\/\\\/oleumhistriae.com\\\/wp-content\\\/uploads\\\/2023\\\/03\\\/02-Brist-Margherita-500ml-WR.jpg\",\"width\":800,\"height\":1200},{\"@type\":\"BreadcrumbList\",\"@id\":\"https:\\\/\\\/oleumhistriae.com\\\/de\\\/produkt\\\/brist-sta-margherita-05l\\\/#breadcrumb\",\"itemListElement\":[{\"@type\":\"ListItem\",\"position\":1,\"name\":\"Home\",\"item\":\"https:\\\/\\\/oleumhistriae.com\\\/de\\\/\"},{\"@type\":\"ListItem\",\"position\":2,\"name\":\"Shop\",\"item\":\"https:\\\/\\\/oleumhistriae.com\\\/en\\\/shop\\\/\"},{\"@type\":\"ListItem\",\"position\":3,\"name\":\"Brist Oliven\u00f6l &#8211; Sta Margherita 0,5L\"}]},{\"@type\":\"WebSite\",\"@id\":\"https:\\\/\\\/oleumhistriae.com\\\/de\\\/#website\",\"url\":\"https:\\\/\\\/oleumhistriae.com\\\/de\\\/\",\"name\":\"Museum Olei Histriae - Pula, Istra\",\"description\":\"Ku\u0107a istarskog maslinovog ulja \u2013 istarska ekstra djevi\u010danska maslinova ulja - degustacija i prodaja. Muzej maslinarstva \u2013 povijest i sada\u0161njost maslinarstva\",\"potentialAction\":[{\"@type\":\"SearchAction\",\"target\":{\"@type\":\"EntryPoint\",\"urlTemplate\":\"https:\\\/\\\/oleumhistriae.com\\\/de\\\/?s={search_term_string}\"},\"query-input\":{\"@type\":\"PropertyValueSpecification\",\"valueRequired\":true,\"valueName\":\"search_term_string\"}}],\"inLanguage\":\"de\"}]}<\/script>\n<!-- \/ Yoast SEO plugin. -->","yoast_head_json":{"title":"Brist Oliven\u00f6l - Sta Margherita 0,5L- Preis und Angebot | Oleum Histriae","description":"Genie\u00dfen Sie erstklassige Qualit\u00e4t von Brist Oliven\u00f6l - Sta Margherita 0,5L. Erfahren Sie mehr \u00fcber dessen Funktionen und bestellen Sie zum besten Preis in unserem Webshop!","robots":{"index":"index","follow":"follow","max-snippet":"max-snippet:-1","max-image-preview":"max-image-preview:large","max-video-preview":"max-video-preview:-1"},"canonical":"https:\/\/oleumhistriae.com\/de\/produkt\/brist-sta-margherita-05l\/","og_locale":"de_DE","og_type":"article","og_title":"Brist Oliven\u00f6l - Sta Margherita 0,5L- Preis und Angebot | Oleum Histriae","og_description":"Genie\u00dfen Sie erstklassige Qualit\u00e4t von Brist Oliven\u00f6l - Sta Margherita 0,5L. Erfahren Sie mehr \u00fcber dessen Funktionen und bestellen Sie zum besten Preis in unserem Webshop!","og_url":"https:\/\/oleumhistriae.com\/de\/produkt\/brist-sta-margherita-05l\/","og_site_name":"Ku\u0107a istarskog maslinovog ulja \u2013 Museum Olei Histriae - Pula, Istra","article_modified_time":"2024-03-20T22:35:17+00:00","og_image":[{"width":800,"height":1200,"url":"https:\/\/oleumhistriae.com\/wp-content\/uploads\/2023\/03\/02-Brist-Margherita-500ml-WR.jpg","type":"image\/jpeg"}],"twitter_card":"summary_large_image","twitter_misc":{"Gesch\u00e4tzte Lesezeit":"2\u00a0Minuten"},"schema":{"@context":"https:\/\/schema.org","@graph":[{"@type":"WebPage","@id":"https:\/\/oleumhistriae.com\/de\/produkt\/brist-sta-margherita-05l\/","url":"https:\/\/oleumhistriae.com\/de\/produkt\/brist-sta-margherita-05l\/","name":"Brist Oliven\u00f6l - Sta Margherita 0,5L- Preis und Angebot | Oleum Histriae","isPartOf":{"@id":"https:\/\/oleumhistriae.com\/de\/#website"},"primaryImageOfPage":{"@id":"https:\/\/oleumhistriae.com\/de\/produkt\/brist-sta-margherita-05l\/#primaryimage"},"image":{"@id":"https:\/\/oleumhistriae.com\/de\/produkt\/brist-sta-margherita-05l\/#primaryimage"},"thumbnailUrl":"https:\/\/oleumhistriae.com\/wp-content\/uploads\/2023\/03\/02-Brist-Margherita-500ml-WR.jpg","datePublished":"2023-03-13T13:07:13+00:00","dateModified":"2024-03-20T22:35:17+00:00","description":"Genie\u00dfen Sie erstklassige Qualit\u00e4t von Brist Oliven\u00f6l - Sta Margherita 0,5L. Erfahren Sie mehr \u00fcber dessen Funktionen und bestellen Sie zum besten Preis in unserem Webshop!","breadcrumb":{"@id":"https:\/\/oleumhistriae.com\/de\/produkt\/brist-sta-margherita-05l\/#breadcrumb"},"inLanguage":"de","potentialAction":[{"@type":"ReadAction","target":["https:\/\/oleumhistriae.com\/de\/produkt\/brist-sta-margherita-05l\/"]}]},{"@type":"ImageObject","inLanguage":"de","@id":"https:\/\/oleumhistriae.com\/de\/produkt\/brist-sta-margherita-05l\/#primaryimage","url":"https:\/\/oleumhistriae.com\/wp-content\/uploads\/2023\/03\/02-Brist-Margherita-500ml-WR.jpg","contentUrl":"https:\/\/oleumhistriae.com\/wp-content\/uploads\/2023\/03\/02-Brist-Margherita-500ml-WR.jpg","width":800,"height":1200},{"@type":"BreadcrumbList","@id":"https:\/\/oleumhistriae.com\/de\/produkt\/brist-sta-margherita-05l\/#breadcrumb","itemListElement":[{"@type":"ListItem","position":1,"name":"Home","item":"https:\/\/oleumhistriae.com\/de\/"},{"@type":"ListItem","position":2,"name":"Shop","item":"https:\/\/oleumhistriae.com\/en\/shop\/"},{"@type":"ListItem","position":3,"name":"Brist Oliven\u00f6l &#8211; Sta Margherita 0,5L"}]},{"@type":"WebSite","@id":"https:\/\/oleumhistriae.com\/de\/#website","url":"https:\/\/oleumhistriae.com\/de\/","name":"Museum Olei Histriae - Pula, Istra","description":"Ku\u0107a istarskog maslinovog ulja \u2013 istarska ekstra djevi\u010danska maslinova ulja - degustacija i prodaja. Muzej maslinarstva \u2013 povijest i sada\u0161njost maslinarstva","potentialAction":[{"@type":"SearchAction","target":{"@type":"EntryPoint","urlTemplate":"https:\/\/oleumhistriae.com\/de\/?s={search_term_string}"},"query-input":{"@type":"PropertyValueSpecification","valueRequired":true,"valueName":"search_term_string"}}],"inLanguage":"de"}]}},"_links":{"self":[{"href":"https:\/\/oleumhistriae.com\/de\/wp-json\/wp\/v2\/product\/5107","targetHints":{"allow":["GET"]}}],"collection":[{"href":"https:\/\/oleumhistriae.com\/de\/wp-json\/wp\/v2\/product"}],"about":[{"href":"https:\/\/oleumhistriae.com\/de\/wp-json\/wp\/v2\/types\/product"}],"wp:featuredmedia":[{"embeddable":true,"href":"https:\/\/oleumhistriae.com\/de\/wp-json\/wp\/v2\/media\/4259"}],"wp:attachment":[{"href":"https:\/\/oleumhistriae.com\/de\/wp-json\/wp\/v2\/media?parent=5107"}],"wp:term":[{"taxonomy":"product_brand","embeddable":true,"href":"https:\/\/oleumhistriae.com\/de\/wp-json\/wp\/v2\/product_brand?post=5107"},{"taxonomy":"product_cat","embeddable":true,"href":"https:\/\/oleumhistriae.com\/de\/wp-json\/wp\/v2\/product_cat?post=5107"},{"taxonomy":"product_tag","embeddable":true,"href":"https:\/\/oleumhistriae.com\/de\/wp-json\/wp\/v2\/product_tag?post=5107"}],"curies":[{"name":"wp","href":"https:\/\/api.w.org\/{rel}","templated":true}]}}