{"id":5047,"date":"2023-03-13T13:07:28","date_gmt":"2023-03-13T13:07:28","guid":{"rendered":"https:\/\/oleumhistriae.com\/proizvod\/damjanic-clemente\/"},"modified":"2023-05-09T07:41:06","modified_gmt":"2023-05-09T07:41:06","slug":"damjanic-clemente","status":"publish","type":"product","link":"https:\/\/oleumhistriae.com\/de\/produkt\/damjanic-clemente\/","title":{"rendered":"Damjani\u0107 &#8211; Clemente"},"content":{"rendered":"<p><strong>DAMJANI\u0106<\/strong><\/p>\n<p>Die Geschichte beginnt am Anfang des 18. Jahrhunderts, als die Familie Jurkovic Weinberge in Fuskulin in der N\u00e4he von Porec anzubauen begann.Bis zum Ende des zweiten Weltkrieges, hatte die Familie 30 Hektar landwirtschaftliche Nutzfl\u00e4che, davon 20 Hektar unter Weinberge.<\/p>\n<p>Nach 50 Jahren des Stillstands, mit dem Beginn des neuen Jahrtausends, beginnen die Nachkommen, n\u00e4mlich Familie Damjani\u0107, mit dem Neuanbau der Weinberge auf den gleichen fruchtbaren Fl\u00e4chen. Durch die 10 j\u00e4hrige beharrliche Arbeit verf\u00fcgt die Familie Damjani\u0107 heute \u00fcber 7 Hektar Weinberge und einem modernausgestattetem Keller, wo junger \u00d6nologe Ivan sein Fachwissen und Liebe zum Weinbau anwendet.<\/p>\n<p>Mit Betonung auf eine bessere Qualit\u00e4t verwendet Familie Damjani\u0107 die neueste Technologie in der Weinproduktion und die Ergebnisse kann man aus den erhaltenen Medaillen auf den nationalen und internationalen Wettbewerben \u2013 Weinmessen sehen.<\/p>\n<p>&nbsp;<\/p>\n<p>&nbsp;<\/p>\n","protected":false},"excerpt":{"rendered":"<p><strong>Kategorie:<\/strong> Rotwein <strong>Sorten:<\/strong> Merlot 60%, Cabernet Sauvignon 25%, 10% und Teran Gamay 5% <strong>Reifen:<\/strong> 100% Eichenf\u00e4sser von 225-500 Liter im Dauer von 12-14 Monaten, 6 Monaten in Edelstahl und dann nach 10-12 Monate in der Flasche. <strong>Alkoholgehalt:<\/strong> 13,2 &#8211; 14,5 vol %\u00a0 <strong>Trinktemperatur:<\/strong> 14 &#8211; 16 \u00b0C\u00a0 <strong>Lagerf\u00e4higkeit:<\/strong> 8 \u2013 10 Jahre.<\/p>\n<p><b>Gastro-Empfehlung:<\/b>\u00a0Zu allen Arten von Steaks und anderem saftigen roten Fleisch, verschiedenen Tagliates, Fleischspezialit\u00e4ten, Wild in w\u00fcrzigen Saucen, reifem K\u00e4se und dunkler Zimtschokolade.<\/p>\n<p>Tiefe, sehr dunkle rubinrote Farbe mit violetten Reflexen. Elegant verwoben mit frischen Fruchtaromen von Kirsche, Johannisbeere, Heidelbeere, Zwetschgenmarmelade und Kirschlik\u00f6r. Der Duft ist langanhaltend und vielschichtig, voll von Waldfr\u00fcchten, mit einer dezenten Kr\u00e4uternote und dem Geruch von schwarzem Pfeffer. Die Kombination aus Subtilit\u00e4t und Frische f\u00f6rdert einen reichen Geschmack im Mund, Rundheit, F\u00fclle, W\u00e4rme und Weichheit.<\/p>\n","protected":false},"featured_media":4345,"template":"","meta":[],"product_brand":[],"product_cat":[207],"product_tag":[],"class_list":{"0":"post-5047","1":"product","2":"type-product","3":"status-publish","4":"has-post-thumbnail","6":"product_cat-weine","7":"pa_vina-damjanic-de","9":"first","10":"instock","11":"shipping-taxable","12":"purchasable","13":"product-type-simple"},"yoast_head":"<!-- This site is optimized with the Yoast SEO plugin v27.4 - https:\/\/yoast.com\/product\/yoast-seo-wordpress\/ -->\n<title>Damjani\u0107 - Clemente- Preis und Angebot | Oleum Histriae<\/title>\n<meta name=\"description\" content=\"Genie\u00dfen Sie erstklassige Qualit\u00e4t von Damjani\u0107 - Clemente. Erfahren Sie mehr \u00fcber dessen Funktionen und bestellen Sie zum besten Preis in unserem Webshop!\" \/>\n<meta name=\"robots\" content=\"index, follow, max-snippet:-1, max-image-preview:large, max-video-preview:-1\" \/>\n<link rel=\"canonical\" href=\"https:\/\/oleumhistriae.com\/de\/produkt\/damjanic-clemente\/\" \/>\n<meta property=\"og:locale\" content=\"de_DE\" \/>\n<meta property=\"og:type\" content=\"article\" \/>\n<meta property=\"og:title\" content=\"Damjani\u0107 - Clemente- Preis und Angebot | Oleum Histriae\" \/>\n<meta property=\"og:description\" content=\"Genie\u00dfen Sie erstklassige Qualit\u00e4t von Damjani\u0107 - Clemente. Erfahren Sie mehr \u00fcber dessen Funktionen und bestellen Sie zum besten Preis in unserem Webshop!\" \/>\n<meta property=\"og:url\" content=\"https:\/\/oleumhistriae.com\/de\/produkt\/damjanic-clemente\/\" \/>\n<meta property=\"og:site_name\" content=\"Ku\u0107a istarskog maslinovog ulja \u2013 Museum Olei Histriae - Pula, Istra\" \/>\n<meta property=\"article:modified_time\" content=\"2023-05-09T07:41:06+00:00\" \/>\n<meta property=\"og:image\" content=\"https:\/\/oleumhistriae.com\/wp-content\/uploads\/2023\/03\/damjanic-crno-scaled.jpg\" \/>\n\t<meta property=\"og:image:width\" content=\"2560\" \/>\n\t<meta property=\"og:image:height\" content=\"2560\" \/>\n\t<meta property=\"og:image:type\" content=\"image\/jpeg\" \/>\n<meta name=\"twitter:card\" content=\"summary_large_image\" \/>\n<meta name=\"twitter:label1\" content=\"Gesch\u00e4tzte Lesezeit\" \/>\n\t<meta name=\"twitter:data1\" content=\"1\u00a0Minute\" \/>\n<script type=\"application\/ld+json\" class=\"yoast-schema-graph\">{\"@context\":\"https:\\\/\\\/schema.org\",\"@graph\":[{\"@type\":\"WebPage\",\"@id\":\"https:\\\/\\\/oleumhistriae.com\\\/de\\\/produkt\\\/damjanic-clemente\\\/\",\"url\":\"https:\\\/\\\/oleumhistriae.com\\\/de\\\/produkt\\\/damjanic-clemente\\\/\",\"name\":\"Damjani\u0107 - Clemente- Preis und Angebot | Oleum Histriae\",\"isPartOf\":{\"@id\":\"https:\\\/\\\/oleumhistriae.com\\\/de\\\/#website\"},\"primaryImageOfPage\":{\"@id\":\"https:\\\/\\\/oleumhistriae.com\\\/de\\\/produkt\\\/damjanic-clemente\\\/#primaryimage\"},\"image\":{\"@id\":\"https:\\\/\\\/oleumhistriae.com\\\/de\\\/produkt\\\/damjanic-clemente\\\/#primaryimage\"},\"thumbnailUrl\":\"https:\\\/\\\/oleumhistriae.com\\\/wp-content\\\/uploads\\\/2023\\\/03\\\/damjanic-crno-scaled.jpg\",\"datePublished\":\"2023-03-13T13:07:28+00:00\",\"dateModified\":\"2023-05-09T07:41:06+00:00\",\"description\":\"Genie\u00dfen Sie erstklassige Qualit\u00e4t von Damjani\u0107 - Clemente. Erfahren Sie mehr \u00fcber dessen Funktionen und bestellen Sie zum besten Preis in unserem Webshop!\",\"breadcrumb\":{\"@id\":\"https:\\\/\\\/oleumhistriae.com\\\/de\\\/produkt\\\/damjanic-clemente\\\/#breadcrumb\"},\"inLanguage\":\"de\",\"potentialAction\":[{\"@type\":\"ReadAction\",\"target\":[\"https:\\\/\\\/oleumhistriae.com\\\/de\\\/produkt\\\/damjanic-clemente\\\/\"]}]},{\"@type\":\"ImageObject\",\"inLanguage\":\"de\",\"@id\":\"https:\\\/\\\/oleumhistriae.com\\\/de\\\/produkt\\\/damjanic-clemente\\\/#primaryimage\",\"url\":\"https:\\\/\\\/oleumhistriae.com\\\/wp-content\\\/uploads\\\/2023\\\/03\\\/damjanic-crno-scaled.jpg\",\"contentUrl\":\"https:\\\/\\\/oleumhistriae.com\\\/wp-content\\\/uploads\\\/2023\\\/03\\\/damjanic-crno-scaled.jpg\",\"width\":2560,\"height\":2560},{\"@type\":\"BreadcrumbList\",\"@id\":\"https:\\\/\\\/oleumhistriae.com\\\/de\\\/produkt\\\/damjanic-clemente\\\/#breadcrumb\",\"itemListElement\":[{\"@type\":\"ListItem\",\"position\":1,\"name\":\"Home\",\"item\":\"https:\\\/\\\/oleumhistriae.com\\\/de\\\/\"},{\"@type\":\"ListItem\",\"position\":2,\"name\":\"Shop\",\"item\":\"https:\\\/\\\/oleumhistriae.com\\\/en\\\/shop\\\/\"},{\"@type\":\"ListItem\",\"position\":3,\"name\":\"Damjani\u0107 &#8211; Clemente\"}]},{\"@type\":\"WebSite\",\"@id\":\"https:\\\/\\\/oleumhistriae.com\\\/de\\\/#website\",\"url\":\"https:\\\/\\\/oleumhistriae.com\\\/de\\\/\",\"name\":\"Museum Olei Histriae - Pula, Istra\",\"description\":\"Ku\u0107a istarskog maslinovog ulja \u2013 istarska ekstra djevi\u010danska maslinova ulja - degustacija i prodaja. Muzej maslinarstva \u2013 povijest i sada\u0161njost maslinarstva\",\"potentialAction\":[{\"@type\":\"SearchAction\",\"target\":{\"@type\":\"EntryPoint\",\"urlTemplate\":\"https:\\\/\\\/oleumhistriae.com\\\/de\\\/?s={search_term_string}\"},\"query-input\":{\"@type\":\"PropertyValueSpecification\",\"valueRequired\":true,\"valueName\":\"search_term_string\"}}],\"inLanguage\":\"de\"}]}<\/script>\n<!-- \/ Yoast SEO plugin. -->","yoast_head_json":{"title":"Damjani\u0107 - Clemente- Preis und Angebot | Oleum Histriae","description":"Genie\u00dfen Sie erstklassige Qualit\u00e4t von Damjani\u0107 - Clemente. Erfahren Sie mehr \u00fcber dessen Funktionen und bestellen Sie zum besten Preis in unserem Webshop!","robots":{"index":"index","follow":"follow","max-snippet":"max-snippet:-1","max-image-preview":"max-image-preview:large","max-video-preview":"max-video-preview:-1"},"canonical":"https:\/\/oleumhistriae.com\/de\/produkt\/damjanic-clemente\/","og_locale":"de_DE","og_type":"article","og_title":"Damjani\u0107 - Clemente- Preis und Angebot | Oleum Histriae","og_description":"Genie\u00dfen Sie erstklassige Qualit\u00e4t von Damjani\u0107 - Clemente. Erfahren Sie mehr \u00fcber dessen Funktionen und bestellen Sie zum besten Preis in unserem Webshop!","og_url":"https:\/\/oleumhistriae.com\/de\/produkt\/damjanic-clemente\/","og_site_name":"Ku\u0107a istarskog maslinovog ulja \u2013 Museum Olei Histriae - Pula, Istra","article_modified_time":"2023-05-09T07:41:06+00:00","og_image":[{"width":2560,"height":2560,"url":"https:\/\/oleumhistriae.com\/wp-content\/uploads\/2023\/03\/damjanic-crno-scaled.jpg","type":"image\/jpeg"}],"twitter_card":"summary_large_image","twitter_misc":{"Gesch\u00e4tzte Lesezeit":"1\u00a0Minute"},"schema":{"@context":"https:\/\/schema.org","@graph":[{"@type":"WebPage","@id":"https:\/\/oleumhistriae.com\/de\/produkt\/damjanic-clemente\/","url":"https:\/\/oleumhistriae.com\/de\/produkt\/damjanic-clemente\/","name":"Damjani\u0107 - Clemente- Preis und Angebot | Oleum Histriae","isPartOf":{"@id":"https:\/\/oleumhistriae.com\/de\/#website"},"primaryImageOfPage":{"@id":"https:\/\/oleumhistriae.com\/de\/produkt\/damjanic-clemente\/#primaryimage"},"image":{"@id":"https:\/\/oleumhistriae.com\/de\/produkt\/damjanic-clemente\/#primaryimage"},"thumbnailUrl":"https:\/\/oleumhistriae.com\/wp-content\/uploads\/2023\/03\/damjanic-crno-scaled.jpg","datePublished":"2023-03-13T13:07:28+00:00","dateModified":"2023-05-09T07:41:06+00:00","description":"Genie\u00dfen Sie erstklassige Qualit\u00e4t von Damjani\u0107 - Clemente. Erfahren Sie mehr \u00fcber dessen Funktionen und bestellen Sie zum besten Preis in unserem Webshop!","breadcrumb":{"@id":"https:\/\/oleumhistriae.com\/de\/produkt\/damjanic-clemente\/#breadcrumb"},"inLanguage":"de","potentialAction":[{"@type":"ReadAction","target":["https:\/\/oleumhistriae.com\/de\/produkt\/damjanic-clemente\/"]}]},{"@type":"ImageObject","inLanguage":"de","@id":"https:\/\/oleumhistriae.com\/de\/produkt\/damjanic-clemente\/#primaryimage","url":"https:\/\/oleumhistriae.com\/wp-content\/uploads\/2023\/03\/damjanic-crno-scaled.jpg","contentUrl":"https:\/\/oleumhistriae.com\/wp-content\/uploads\/2023\/03\/damjanic-crno-scaled.jpg","width":2560,"height":2560},{"@type":"BreadcrumbList","@id":"https:\/\/oleumhistriae.com\/de\/produkt\/damjanic-clemente\/#breadcrumb","itemListElement":[{"@type":"ListItem","position":1,"name":"Home","item":"https:\/\/oleumhistriae.com\/de\/"},{"@type":"ListItem","position":2,"name":"Shop","item":"https:\/\/oleumhistriae.com\/en\/shop\/"},{"@type":"ListItem","position":3,"name":"Damjani\u0107 &#8211; Clemente"}]},{"@type":"WebSite","@id":"https:\/\/oleumhistriae.com\/de\/#website","url":"https:\/\/oleumhistriae.com\/de\/","name":"Museum Olei Histriae - Pula, Istra","description":"Ku\u0107a istarskog maslinovog ulja \u2013 istarska ekstra djevi\u010danska maslinova ulja - degustacija i prodaja. Muzej maslinarstva \u2013 povijest i sada\u0161njost maslinarstva","potentialAction":[{"@type":"SearchAction","target":{"@type":"EntryPoint","urlTemplate":"https:\/\/oleumhistriae.com\/de\/?s={search_term_string}"},"query-input":{"@type":"PropertyValueSpecification","valueRequired":true,"valueName":"search_term_string"}}],"inLanguage":"de"}]}},"_links":{"self":[{"href":"https:\/\/oleumhistriae.com\/de\/wp-json\/wp\/v2\/product\/5047","targetHints":{"allow":["GET"]}}],"collection":[{"href":"https:\/\/oleumhistriae.com\/de\/wp-json\/wp\/v2\/product"}],"about":[{"href":"https:\/\/oleumhistriae.com\/de\/wp-json\/wp\/v2\/types\/product"}],"wp:featuredmedia":[{"embeddable":true,"href":"https:\/\/oleumhistriae.com\/de\/wp-json\/wp\/v2\/media\/4345"}],"wp:attachment":[{"href":"https:\/\/oleumhistriae.com\/de\/wp-json\/wp\/v2\/media?parent=5047"}],"wp:term":[{"taxonomy":"product_brand","embeddable":true,"href":"https:\/\/oleumhistriae.com\/de\/wp-json\/wp\/v2\/product_brand?post=5047"},{"taxonomy":"product_cat","embeddable":true,"href":"https:\/\/oleumhistriae.com\/de\/wp-json\/wp\/v2\/product_cat?post=5047"},{"taxonomy":"product_tag","embeddable":true,"href":"https:\/\/oleumhistriae.com\/de\/wp-json\/wp\/v2\/product_tag?post=5047"}],"curies":[{"name":"wp","href":"https:\/\/api.w.org\/{rel}","templated":true}]}}