{"id":5043,"date":"2023-03-13T13:07:28","date_gmt":"2023-03-13T13:07:28","guid":{"rendered":"https:\/\/oleumhistriae.com\/proizvod\/damjanic-clemente-blanc\/"},"modified":"2024-06-02T10:55:24","modified_gmt":"2024-06-02T10:55:24","slug":"damjanic-clemente-blanc","status":"publish","type":"product","link":"https:\/\/oleumhistriae.com\/de\/produkt\/damjanic-clemente-blanc\/","title":{"rendered":"Damjani\u0107 &#8211; Clemente blanc"},"content":{"rendered":"<p><strong>DAMJANI\u0106<\/strong><\/p>\n<p>Die Geschichte beginnt am Anfang des 18. Jahrhunderts, als die Familie Jurkovic Weinberge in Fuskulin in der N\u00e4he von Porec anzubauen begann.Bis zum Ende des zweiten Weltkrieges, hatte die Familie 30 Hektar landwirtschaftliche Nutzfl\u00e4che, davon 20 Hektar unter Weinberge.<\/p>\n<p>Nach 50 Jahren des Stillstands, mit dem Beginn des neuen Jahrtausends, beginnen die Nachkommen, n\u00e4mlich Familie Damjani\u0107, mit dem Neuanbau der Weinberge auf den gleichen fruchtbaren Fl\u00e4chen. Durch die 10 j\u00e4hrige beharrliche Arbeit verf\u00fcgt die Familie Damjani\u0107 heute \u00fcber 7 Hektar Weinberge und einem modernausgestattetem Keller, wo junger \u00d6nologe Ivan sein Fachwissen und Liebe zum Weinbau anwendet.<\/p>\n<p>Mit Betonung auf eine bessere Qualit\u00e4t verwendet Familie Damjani\u0107 die neueste Technologie in der Weinproduktion und die Ergebnisse kann man aus den erhaltenen Medaillen auf den nationalen und internationalen Wettbewerben \u2013 Weinmessen sehen.<br \/>\n&nbsp;<\/p>\n","protected":false},"excerpt":{"rendered":"<p><strong>Kategorie:<\/strong> Wei\u00dfwein <strong>Sorten:<\/strong> Malvasia Istrien 60%, Chardonnay 30%, Wei\u00dfburgunder 10% <strong>Reifung:<\/strong> 100% Eichenholzf\u00e4sser mit 225-300 Litern auf feinem Niederschlag f\u00fcr 12 Monate, 6 \u2013 8 Monate in Edelstahl und dann 10 \u2013 14 Monate in der Flasche. <strong>Alkoholgehalt:<\/strong> 13,2 &#8211; 14,5 vol %\u00a0 <strong>Serviertemperatur:<\/strong> 12 &#8211; 15 \u00b0C\u00a0 <strong>Alterungspotential:<\/strong> 8-10 Jahre.<\/p>\n<p><strong>Gastro-Empfehlung:<\/strong> Ideal zum Kombinieren mit Wolfsbarsch im Ofen oder Steak mit wei\u00dfem Tr\u00fcffel.<\/p>\n<p>Strohgelbe Farbe mit goldenen Reflexen. Kristallklar und dicht. Komplexes Bouquet, in dem die ausdrucksstarken fruchtigen Aromen reifer \u00c4pfel, Pfirsiche und Birnen herrschen, blumige Aromen von Akazien und Feldblumen sowie sanftere Aromen von ger\u00f6steten Haseln\u00fcssen und Heu. Am Gaumen ist er frisch, warm, weich und salzig. Reichhaltig und rund, nachhaltig und nachhaltig. Extrem komplexer und eleganter Wein, ein echter \u201eistrischer Burgunder\u201c.<\/p>\n","protected":false},"featured_media":4367,"template":"","meta":[],"product_brand":[],"product_cat":[207],"product_tag":[],"class_list":{"0":"post-5043","1":"product","2":"type-product","3":"status-publish","4":"has-post-thumbnail","6":"product_cat-weine","7":"pa_vina-damjanic-de","9":"first","10":"instock","11":"shipping-taxable","12":"purchasable","13":"product-type-simple"},"yoast_head":"<!-- This site is optimized with the Yoast SEO plugin v27.5 - https:\/\/yoast.com\/product\/yoast-seo-wordpress\/ -->\n<title>Damjani\u0107 - Clemente blanc- Preis und Angebot | Oleum Histriae<\/title>\n<meta name=\"description\" content=\"Genie\u00dfen Sie erstklassige Qualit\u00e4t von Damjani\u0107 - Clemente blanc. Erfahren Sie mehr \u00fcber dessen Funktionen und bestellen Sie zum besten Preis in unserem Webshop!\" \/>\n<meta name=\"robots\" content=\"index, follow, max-snippet:-1, max-image-preview:large, max-video-preview:-1\" \/>\n<link rel=\"canonical\" href=\"https:\/\/oleumhistriae.com\/de\/produkt\/damjanic-clemente-blanc\/\" \/>\n<meta property=\"og:locale\" content=\"de_DE\" \/>\n<meta property=\"og:type\" content=\"article\" \/>\n<meta property=\"og:title\" content=\"Damjani\u0107 - Clemente blanc- Preis und Angebot | Oleum Histriae\" \/>\n<meta property=\"og:description\" content=\"Genie\u00dfen Sie erstklassige Qualit\u00e4t von Damjani\u0107 - Clemente blanc. Erfahren Sie mehr \u00fcber dessen Funktionen und bestellen Sie zum besten Preis in unserem Webshop!\" \/>\n<meta property=\"og:url\" content=\"https:\/\/oleumhistriae.com\/de\/produkt\/damjanic-clemente-blanc\/\" \/>\n<meta property=\"og:site_name\" content=\"Ku\u0107a istarskog maslinovog ulja \u2013 Museum Olei Histriae - Pula, Istra\" \/>\n<meta property=\"article:modified_time\" content=\"2024-06-02T10:55:24+00:00\" \/>\n<meta property=\"og:image\" content=\"https:\/\/oleumhistriae.com\/wp-content\/uploads\/2023\/03\/damjanic-clemente-scaled.jpg\" \/>\n\t<meta property=\"og:image:width\" content=\"2560\" \/>\n\t<meta property=\"og:image:height\" content=\"2560\" \/>\n\t<meta property=\"og:image:type\" content=\"image\/jpeg\" \/>\n<meta name=\"twitter:card\" content=\"summary_large_image\" \/>\n<meta name=\"twitter:label1\" content=\"Gesch\u00e4tzte Lesezeit\" \/>\n\t<meta name=\"twitter:data1\" content=\"1\u00a0Minute\" \/>\n<script type=\"application\/ld+json\" class=\"yoast-schema-graph\">{\"@context\":\"https:\\\/\\\/schema.org\",\"@graph\":[{\"@type\":\"WebPage\",\"@id\":\"https:\\\/\\\/oleumhistriae.com\\\/de\\\/produkt\\\/damjanic-clemente-blanc\\\/\",\"url\":\"https:\\\/\\\/oleumhistriae.com\\\/de\\\/produkt\\\/damjanic-clemente-blanc\\\/\",\"name\":\"Damjani\u0107 - Clemente blanc- Preis und Angebot | Oleum Histriae\",\"isPartOf\":{\"@id\":\"https:\\\/\\\/oleumhistriae.com\\\/de\\\/#website\"},\"primaryImageOfPage\":{\"@id\":\"https:\\\/\\\/oleumhistriae.com\\\/de\\\/produkt\\\/damjanic-clemente-blanc\\\/#primaryimage\"},\"image\":{\"@id\":\"https:\\\/\\\/oleumhistriae.com\\\/de\\\/produkt\\\/damjanic-clemente-blanc\\\/#primaryimage\"},\"thumbnailUrl\":\"https:\\\/\\\/oleumhistriae.com\\\/wp-content\\\/uploads\\\/2023\\\/03\\\/damjanic-clemente-scaled.jpg\",\"datePublished\":\"2023-03-13T13:07:28+00:00\",\"dateModified\":\"2024-06-02T10:55:24+00:00\",\"description\":\"Genie\u00dfen Sie erstklassige Qualit\u00e4t von Damjani\u0107 - Clemente blanc. Erfahren Sie mehr \u00fcber dessen Funktionen und bestellen Sie zum besten Preis in unserem Webshop!\",\"breadcrumb\":{\"@id\":\"https:\\\/\\\/oleumhistriae.com\\\/de\\\/produkt\\\/damjanic-clemente-blanc\\\/#breadcrumb\"},\"inLanguage\":\"de\",\"potentialAction\":[{\"@type\":\"ReadAction\",\"target\":[\"https:\\\/\\\/oleumhistriae.com\\\/de\\\/produkt\\\/damjanic-clemente-blanc\\\/\"]}]},{\"@type\":\"ImageObject\",\"inLanguage\":\"de\",\"@id\":\"https:\\\/\\\/oleumhistriae.com\\\/de\\\/produkt\\\/damjanic-clemente-blanc\\\/#primaryimage\",\"url\":\"https:\\\/\\\/oleumhistriae.com\\\/wp-content\\\/uploads\\\/2023\\\/03\\\/damjanic-clemente-scaled.jpg\",\"contentUrl\":\"https:\\\/\\\/oleumhistriae.com\\\/wp-content\\\/uploads\\\/2023\\\/03\\\/damjanic-clemente-scaled.jpg\",\"width\":2560,\"height\":2560},{\"@type\":\"BreadcrumbList\",\"@id\":\"https:\\\/\\\/oleumhistriae.com\\\/de\\\/produkt\\\/damjanic-clemente-blanc\\\/#breadcrumb\",\"itemListElement\":[{\"@type\":\"ListItem\",\"position\":1,\"name\":\"Home\",\"item\":\"https:\\\/\\\/oleumhistriae.com\\\/de\\\/\"},{\"@type\":\"ListItem\",\"position\":2,\"name\":\"Shop\",\"item\":\"https:\\\/\\\/oleumhistriae.com\\\/en\\\/shop\\\/\"},{\"@type\":\"ListItem\",\"position\":3,\"name\":\"Damjani\u0107 &#8211; Clemente blanc\"}]},{\"@type\":\"WebSite\",\"@id\":\"https:\\\/\\\/oleumhistriae.com\\\/de\\\/#website\",\"url\":\"https:\\\/\\\/oleumhistriae.com\\\/de\\\/\",\"name\":\"Museum Olei Histriae - Pula, Istra\",\"description\":\"Ku\u0107a istarskog maslinovog ulja \u2013 istarska ekstra djevi\u010danska maslinova ulja - degustacija i prodaja. Muzej maslinarstva \u2013 povijest i sada\u0161njost maslinarstva\",\"potentialAction\":[{\"@type\":\"SearchAction\",\"target\":{\"@type\":\"EntryPoint\",\"urlTemplate\":\"https:\\\/\\\/oleumhistriae.com\\\/de\\\/?s={search_term_string}\"},\"query-input\":{\"@type\":\"PropertyValueSpecification\",\"valueRequired\":true,\"valueName\":\"search_term_string\"}}],\"inLanguage\":\"de\"}]}<\/script>\n<!-- \/ Yoast SEO plugin. -->","yoast_head_json":{"title":"Damjani\u0107 - Clemente blanc- Preis und Angebot | Oleum Histriae","description":"Genie\u00dfen Sie erstklassige Qualit\u00e4t von Damjani\u0107 - Clemente blanc. Erfahren Sie mehr \u00fcber dessen Funktionen und bestellen Sie zum besten Preis in unserem Webshop!","robots":{"index":"index","follow":"follow","max-snippet":"max-snippet:-1","max-image-preview":"max-image-preview:large","max-video-preview":"max-video-preview:-1"},"canonical":"https:\/\/oleumhistriae.com\/de\/produkt\/damjanic-clemente-blanc\/","og_locale":"de_DE","og_type":"article","og_title":"Damjani\u0107 - Clemente blanc- Preis und Angebot | Oleum Histriae","og_description":"Genie\u00dfen Sie erstklassige Qualit\u00e4t von Damjani\u0107 - Clemente blanc. Erfahren Sie mehr \u00fcber dessen Funktionen und bestellen Sie zum besten Preis in unserem Webshop!","og_url":"https:\/\/oleumhistriae.com\/de\/produkt\/damjanic-clemente-blanc\/","og_site_name":"Ku\u0107a istarskog maslinovog ulja \u2013 Museum Olei Histriae - Pula, Istra","article_modified_time":"2024-06-02T10:55:24+00:00","og_image":[{"width":2560,"height":2560,"url":"https:\/\/oleumhistriae.com\/wp-content\/uploads\/2023\/03\/damjanic-clemente-scaled.jpg","type":"image\/jpeg"}],"twitter_card":"summary_large_image","twitter_misc":{"Gesch\u00e4tzte Lesezeit":"1\u00a0Minute"},"schema":{"@context":"https:\/\/schema.org","@graph":[{"@type":"WebPage","@id":"https:\/\/oleumhistriae.com\/de\/produkt\/damjanic-clemente-blanc\/","url":"https:\/\/oleumhistriae.com\/de\/produkt\/damjanic-clemente-blanc\/","name":"Damjani\u0107 - Clemente blanc- Preis und Angebot | Oleum Histriae","isPartOf":{"@id":"https:\/\/oleumhistriae.com\/de\/#website"},"primaryImageOfPage":{"@id":"https:\/\/oleumhistriae.com\/de\/produkt\/damjanic-clemente-blanc\/#primaryimage"},"image":{"@id":"https:\/\/oleumhistriae.com\/de\/produkt\/damjanic-clemente-blanc\/#primaryimage"},"thumbnailUrl":"https:\/\/oleumhistriae.com\/wp-content\/uploads\/2023\/03\/damjanic-clemente-scaled.jpg","datePublished":"2023-03-13T13:07:28+00:00","dateModified":"2024-06-02T10:55:24+00:00","description":"Genie\u00dfen Sie erstklassige Qualit\u00e4t von Damjani\u0107 - Clemente blanc. Erfahren Sie mehr \u00fcber dessen Funktionen und bestellen Sie zum besten Preis in unserem Webshop!","breadcrumb":{"@id":"https:\/\/oleumhistriae.com\/de\/produkt\/damjanic-clemente-blanc\/#breadcrumb"},"inLanguage":"de","potentialAction":[{"@type":"ReadAction","target":["https:\/\/oleumhistriae.com\/de\/produkt\/damjanic-clemente-blanc\/"]}]},{"@type":"ImageObject","inLanguage":"de","@id":"https:\/\/oleumhistriae.com\/de\/produkt\/damjanic-clemente-blanc\/#primaryimage","url":"https:\/\/oleumhistriae.com\/wp-content\/uploads\/2023\/03\/damjanic-clemente-scaled.jpg","contentUrl":"https:\/\/oleumhistriae.com\/wp-content\/uploads\/2023\/03\/damjanic-clemente-scaled.jpg","width":2560,"height":2560},{"@type":"BreadcrumbList","@id":"https:\/\/oleumhistriae.com\/de\/produkt\/damjanic-clemente-blanc\/#breadcrumb","itemListElement":[{"@type":"ListItem","position":1,"name":"Home","item":"https:\/\/oleumhistriae.com\/de\/"},{"@type":"ListItem","position":2,"name":"Shop","item":"https:\/\/oleumhistriae.com\/en\/shop\/"},{"@type":"ListItem","position":3,"name":"Damjani\u0107 &#8211; Clemente blanc"}]},{"@type":"WebSite","@id":"https:\/\/oleumhistriae.com\/de\/#website","url":"https:\/\/oleumhistriae.com\/de\/","name":"Museum Olei Histriae - Pula, Istra","description":"Ku\u0107a istarskog maslinovog ulja \u2013 istarska ekstra djevi\u010danska maslinova ulja - degustacija i prodaja. Muzej maslinarstva \u2013 povijest i sada\u0161njost maslinarstva","potentialAction":[{"@type":"SearchAction","target":{"@type":"EntryPoint","urlTemplate":"https:\/\/oleumhistriae.com\/de\/?s={search_term_string}"},"query-input":{"@type":"PropertyValueSpecification","valueRequired":true,"valueName":"search_term_string"}}],"inLanguage":"de"}]}},"_links":{"self":[{"href":"https:\/\/oleumhistriae.com\/de\/wp-json\/wp\/v2\/product\/5043","targetHints":{"allow":["GET"]}}],"collection":[{"href":"https:\/\/oleumhistriae.com\/de\/wp-json\/wp\/v2\/product"}],"about":[{"href":"https:\/\/oleumhistriae.com\/de\/wp-json\/wp\/v2\/types\/product"}],"wp:featuredmedia":[{"embeddable":true,"href":"https:\/\/oleumhistriae.com\/de\/wp-json\/wp\/v2\/media\/4367"}],"wp:attachment":[{"href":"https:\/\/oleumhistriae.com\/de\/wp-json\/wp\/v2\/media?parent=5043"}],"wp:term":[{"taxonomy":"product_brand","embeddable":true,"href":"https:\/\/oleumhistriae.com\/de\/wp-json\/wp\/v2\/product_brand?post=5043"},{"taxonomy":"product_cat","embeddable":true,"href":"https:\/\/oleumhistriae.com\/de\/wp-json\/wp\/v2\/product_cat?post=5043"},{"taxonomy":"product_tag","embeddable":true,"href":"https:\/\/oleumhistriae.com\/de\/wp-json\/wp\/v2\/product_tag?post=5043"}],"curies":[{"name":"wp","href":"https:\/\/api.w.org\/{rel}","templated":true}]}}