{"id":3765,"date":"2023-03-13T13:06:42","date_gmt":"2023-03-13T13:06:42","guid":{"rendered":"https:\/\/oleumhistriae.com\/?post_type=product&#038;p=3765"},"modified":"2025-02-06T10:22:02","modified_gmt":"2025-02-06T10:22:02","slug":"oleum-viride-ascolana-tenera-05l","status":"publish","type":"product","link":"https:\/\/oleumhistriae.com\/de\/proizvod\/oleum-viride-ascolana-tenera-05l\/","title":{"rendered":"Oleum Viride &#8211; Ascolana tenera 0,5L"},"content":{"rendered":"<p>[vc_row][vc_column width=&#8220;1\/2&#8243;][vc_column_text]<strong>OLEUM VIRIDE BELI\u0106<\/strong><\/p>\n<p>Iz maslinika na podru\u010dju Fa\u017eane, Peroja i Gali\u017eane rastu i dozrijevaju masline u vlasni\u0161tvu obitelji Beli\u0107. Pridr\u017eavaju\u0107i se strogih agronomskih i tehnolo\u0161kih pravila prilikom uzgoja, branja i prerade maslina, obitelj Beli\u0107 stvara maslinova ulja vrhunske kvalitete u obliku prepoznatljivog branda Oleum Viride. Izuzetna posve\u0107enost obitelji Beli\u0107 vidi se u \u010dak 12 monosortnih ulja \u0161to je najve\u0107i broj sortnih ulja kod jednog istarskog maslinara. Oleum Viride ekstra djevi\u010dansko ulje dolazi u sofisticiranim crnim bocama s elegantnim etiketama u razli\u010ditim vertikalnim bojama. Svaka boja prezentira pojedinu sortu ulja. Za dizajn pakiranja, Oleum Viride je dobio priznanje Reddot Design Award 2009. godine. U ovom ulju u\u017eivalo se i na \u0161panjolskom dvoru te u Rimu i sam Papa Franjo.<img loading=\"lazy\" decoding=\"async\" class=\"alignright wp-image-858\" src=\"https:\/\/oleumhistriae.com\/wp-content\/uploads\/2018\/03\/OLEUM_VIRIDE_BELIC\u03013-300x200.png\" alt=\"\" width=\"445\" height=\"297\" \/>[\/vc_column_text][\/vc_column][vc_column width=&#8220;1\/2&#8243;][vc_column_text]<\/p>\n<p><img loading=\"lazy\" decoding=\"async\" class=\"alignnone wp-image-857\" src=\"https:\/\/oleumhistriae.com\/wp-content\/uploads\/2018\/03\/OLEUM_VIRIDE_BELIC\u03012-300x200.jpg\" alt=\"\" width=\"445\" height=\"297\" \/><\/p>\n<p><img loading=\"lazy\" decoding=\"async\" class=\"alignnone wp-image-856\" src=\"https:\/\/oleumhistriae.com\/wp-content\/uploads\/2018\/03\/OLEUM_VIRIDE_BELIC\u0301-300x200.jpg\" alt=\"\" width=\"445\" height=\"297\" \/>[\/vc_column_text][\/vc_column][\/vc_row]<\/p>\n","protected":false},"excerpt":{"rendered":"<p>Ascolana tenera obitelji Beli\u0107 ulje je bogato mirisom, ravnomjerne ugodne gor\u010dine i ne\u0161to izra\u017eenije pikantnosti. Mirisa na svje\u017eu tek poko\u0161enu travu, te okusa na raj\u010dicu srednje zrelosti, kadulju i origano, odli\u010dno se sljubljuje sa svje\u017eim mladim sirevima, juhom od grahorica, vrganja i riba, tartaru i kuhanom crvenom mesu.<\/p>\n<p>Sudjelovanje na natjecanjima:<\/p>\n<p>2011- Feinschmecker (top 50)<\/p>\n<p>[jamiesocial]<\/p>\n<p>&nbsp;<\/p>\n","protected":false},"featured_media":158,"template":"","meta":[],"product_brand":[],"product_cat":[72,70,69,73],"product_tag":[],"class_list":{"0":"post-3765","1":"product","2":"type-product","3":"status-publish","4":"has-post-thumbnail","6":"product_cat-ascolana-tenera-sorta","7":"product_cat-brend","8":"product_cat-ekstra-djevicansko-maslinovo-ulje","9":"product_cat-oleum-viride-belic-brend","10":"pa_jacina-90","12":"first","13":"instock","14":"shipping-taxable","15":"purchasable","16":"product-type-simple"},"yoast_head":"<!-- This site is optimized with the Yoast SEO plugin v27.4 - https:\/\/yoast.com\/product\/yoast-seo-wordpress\/ -->\n<title>Oleum Viride - Ascolana tenera 0,5L- Preis und Angebot | Oleum Histriae<\/title>\n<meta name=\"description\" content=\"Genie\u00dfen Sie erstklassige Qualit\u00e4t von Oleum Viride - Ascolana tenera 0,5L. Erfahren Sie mehr \u00fcber dessen Funktionen und bestellen Sie zum besten Preis in unserem Webshop!\" \/>\n<meta name=\"robots\" content=\"index, follow, max-snippet:-1, max-image-preview:large, max-video-preview:-1\" \/>\n<link rel=\"canonical\" href=\"https:\/\/oleumhistriae.com\/de\/proizvod\/oleum-viride-ascolana-tenera-05l\/\" \/>\n<meta property=\"og:locale\" content=\"de_DE\" \/>\n<meta property=\"og:type\" content=\"article\" \/>\n<meta property=\"og:title\" content=\"Oleum Viride - Ascolana tenera 0,5L- Preis und Angebot | Oleum Histriae\" \/>\n<meta property=\"og:description\" content=\"Genie\u00dfen Sie erstklassige Qualit\u00e4t von Oleum Viride - Ascolana tenera 0,5L. Erfahren Sie mehr \u00fcber dessen Funktionen und bestellen Sie zum besten Preis in unserem Webshop!\" \/>\n<meta property=\"og:url\" content=\"https:\/\/oleumhistriae.com\/de\/proizvod\/oleum-viride-ascolana-tenera-05l\/\" \/>\n<meta property=\"og:site_name\" content=\"Ku\u0107a istarskog maslinovog ulja \u2013 Museum Olei Histriae - Pula, Istra\" \/>\n<meta property=\"article:modified_time\" content=\"2025-02-06T10:22:02+00:00\" \/>\n<meta property=\"og:image\" content=\"https:\/\/oleumhistriae.com\/wp-content\/uploads\/2023\/03\/BELIC_ASCOLANA-TENERA_0_5.jpg\" \/>\n\t<meta property=\"og:image:width\" content=\"1200\" \/>\n\t<meta property=\"og:image:height\" content=\"1200\" \/>\n\t<meta property=\"og:image:type\" content=\"image\/jpeg\" \/>\n<meta name=\"twitter:card\" content=\"summary_large_image\" \/>\n<meta name=\"twitter:label1\" content=\"Gesch\u00e4tzte Lesezeit\" \/>\n\t<meta name=\"twitter:data1\" content=\"2\u00a0Minuten\" \/>\n<script type=\"application\/ld+json\" class=\"yoast-schema-graph\">{\"@context\":\"https:\\\/\\\/schema.org\",\"@graph\":[{\"@type\":\"WebPage\",\"@id\":\"https:\\\/\\\/oleumhistriae.com\\\/de\\\/proizvod\\\/oleum-viride-ascolana-tenera-05l\\\/\",\"url\":\"https:\\\/\\\/oleumhistriae.com\\\/de\\\/proizvod\\\/oleum-viride-ascolana-tenera-05l\\\/\",\"name\":\"Oleum Viride - Ascolana tenera 0,5L- Preis und Angebot | Oleum Histriae\",\"isPartOf\":{\"@id\":\"https:\\\/\\\/oleumhistriae.com\\\/de\\\/#website\"},\"primaryImageOfPage\":{\"@id\":\"https:\\\/\\\/oleumhistriae.com\\\/de\\\/proizvod\\\/oleum-viride-ascolana-tenera-05l\\\/#primaryimage\"},\"image\":{\"@id\":\"https:\\\/\\\/oleumhistriae.com\\\/de\\\/proizvod\\\/oleum-viride-ascolana-tenera-05l\\\/#primaryimage\"},\"thumbnailUrl\":\"https:\\\/\\\/oleumhistriae.com\\\/wp-content\\\/uploads\\\/2023\\\/03\\\/BELIC_ASCOLANA-TENERA_0_5.jpg\",\"datePublished\":\"2023-03-13T13:06:42+00:00\",\"dateModified\":\"2025-02-06T10:22:02+00:00\",\"description\":\"Genie\u00dfen Sie erstklassige Qualit\u00e4t von Oleum Viride - Ascolana tenera 0,5L. Erfahren Sie mehr \u00fcber dessen Funktionen und bestellen Sie zum besten Preis in unserem Webshop!\",\"breadcrumb\":{\"@id\":\"https:\\\/\\\/oleumhistriae.com\\\/de\\\/proizvod\\\/oleum-viride-ascolana-tenera-05l\\\/#breadcrumb\"},\"inLanguage\":\"de\",\"potentialAction\":[{\"@type\":\"ReadAction\",\"target\":[\"https:\\\/\\\/oleumhistriae.com\\\/de\\\/proizvod\\\/oleum-viride-ascolana-tenera-05l\\\/\"]}]},{\"@type\":\"ImageObject\",\"inLanguage\":\"de\",\"@id\":\"https:\\\/\\\/oleumhistriae.com\\\/de\\\/proizvod\\\/oleum-viride-ascolana-tenera-05l\\\/#primaryimage\",\"url\":\"https:\\\/\\\/oleumhistriae.com\\\/wp-content\\\/uploads\\\/2023\\\/03\\\/BELIC_ASCOLANA-TENERA_0_5.jpg\",\"contentUrl\":\"https:\\\/\\\/oleumhistriae.com\\\/wp-content\\\/uploads\\\/2023\\\/03\\\/BELIC_ASCOLANA-TENERA_0_5.jpg\",\"width\":1200,\"height\":1200},{\"@type\":\"BreadcrumbList\",\"@id\":\"https:\\\/\\\/oleumhistriae.com\\\/de\\\/proizvod\\\/oleum-viride-ascolana-tenera-05l\\\/#breadcrumb\",\"itemListElement\":[{\"@type\":\"ListItem\",\"position\":1,\"name\":\"Home\",\"item\":\"https:\\\/\\\/oleumhistriae.com\\\/de\\\/\"},{\"@type\":\"ListItem\",\"position\":2,\"name\":\"Shop\",\"item\":\"https:\\\/\\\/oleumhistriae.com\\\/en\\\/shop\\\/\"},{\"@type\":\"ListItem\",\"position\":3,\"name\":\"Oleum Viride &#8211; Ascolana tenera 0,5L\"}]},{\"@type\":\"WebSite\",\"@id\":\"https:\\\/\\\/oleumhistriae.com\\\/de\\\/#website\",\"url\":\"https:\\\/\\\/oleumhistriae.com\\\/de\\\/\",\"name\":\"Museum Olei Histriae - Pula, Istra\",\"description\":\"Ku\u0107a istarskog maslinovog ulja \u2013 istarska ekstra djevi\u010danska maslinova ulja - degustacija i prodaja. Muzej maslinarstva \u2013 povijest i sada\u0161njost maslinarstva\",\"potentialAction\":[{\"@type\":\"SearchAction\",\"target\":{\"@type\":\"EntryPoint\",\"urlTemplate\":\"https:\\\/\\\/oleumhistriae.com\\\/de\\\/?s={search_term_string}\"},\"query-input\":{\"@type\":\"PropertyValueSpecification\",\"valueRequired\":true,\"valueName\":\"search_term_string\"}}],\"inLanguage\":\"de\"}]}<\/script>\n<!-- \/ Yoast SEO plugin. -->","yoast_head_json":{"title":"Oleum Viride - Ascolana tenera 0,5L- Preis und Angebot | Oleum Histriae","description":"Genie\u00dfen Sie erstklassige Qualit\u00e4t von Oleum Viride - Ascolana tenera 0,5L. Erfahren Sie mehr \u00fcber dessen Funktionen und bestellen Sie zum besten Preis in unserem Webshop!","robots":{"index":"index","follow":"follow","max-snippet":"max-snippet:-1","max-image-preview":"max-image-preview:large","max-video-preview":"max-video-preview:-1"},"canonical":"https:\/\/oleumhistriae.com\/de\/proizvod\/oleum-viride-ascolana-tenera-05l\/","og_locale":"de_DE","og_type":"article","og_title":"Oleum Viride - Ascolana tenera 0,5L- Preis und Angebot | Oleum Histriae","og_description":"Genie\u00dfen Sie erstklassige Qualit\u00e4t von Oleum Viride - Ascolana tenera 0,5L. Erfahren Sie mehr \u00fcber dessen Funktionen und bestellen Sie zum besten Preis in unserem Webshop!","og_url":"https:\/\/oleumhistriae.com\/de\/proizvod\/oleum-viride-ascolana-tenera-05l\/","og_site_name":"Ku\u0107a istarskog maslinovog ulja \u2013 Museum Olei Histriae - Pula, Istra","article_modified_time":"2025-02-06T10:22:02+00:00","og_image":[{"width":1200,"height":1200,"url":"https:\/\/oleumhistriae.com\/wp-content\/uploads\/2023\/03\/BELIC_ASCOLANA-TENERA_0_5.jpg","type":"image\/jpeg"}],"twitter_card":"summary_large_image","twitter_misc":{"Gesch\u00e4tzte Lesezeit":"2\u00a0Minuten"},"schema":{"@context":"https:\/\/schema.org","@graph":[{"@type":"WebPage","@id":"https:\/\/oleumhistriae.com\/de\/proizvod\/oleum-viride-ascolana-tenera-05l\/","url":"https:\/\/oleumhistriae.com\/de\/proizvod\/oleum-viride-ascolana-tenera-05l\/","name":"Oleum Viride - Ascolana tenera 0,5L- Preis und Angebot | Oleum Histriae","isPartOf":{"@id":"https:\/\/oleumhistriae.com\/de\/#website"},"primaryImageOfPage":{"@id":"https:\/\/oleumhistriae.com\/de\/proizvod\/oleum-viride-ascolana-tenera-05l\/#primaryimage"},"image":{"@id":"https:\/\/oleumhistriae.com\/de\/proizvod\/oleum-viride-ascolana-tenera-05l\/#primaryimage"},"thumbnailUrl":"https:\/\/oleumhistriae.com\/wp-content\/uploads\/2023\/03\/BELIC_ASCOLANA-TENERA_0_5.jpg","datePublished":"2023-03-13T13:06:42+00:00","dateModified":"2025-02-06T10:22:02+00:00","description":"Genie\u00dfen Sie erstklassige Qualit\u00e4t von Oleum Viride - Ascolana tenera 0,5L. Erfahren Sie mehr \u00fcber dessen Funktionen und bestellen Sie zum besten Preis in unserem Webshop!","breadcrumb":{"@id":"https:\/\/oleumhistriae.com\/de\/proizvod\/oleum-viride-ascolana-tenera-05l\/#breadcrumb"},"inLanguage":"de","potentialAction":[{"@type":"ReadAction","target":["https:\/\/oleumhistriae.com\/de\/proizvod\/oleum-viride-ascolana-tenera-05l\/"]}]},{"@type":"ImageObject","inLanguage":"de","@id":"https:\/\/oleumhistriae.com\/de\/proizvod\/oleum-viride-ascolana-tenera-05l\/#primaryimage","url":"https:\/\/oleumhistriae.com\/wp-content\/uploads\/2023\/03\/BELIC_ASCOLANA-TENERA_0_5.jpg","contentUrl":"https:\/\/oleumhistriae.com\/wp-content\/uploads\/2023\/03\/BELIC_ASCOLANA-TENERA_0_5.jpg","width":1200,"height":1200},{"@type":"BreadcrumbList","@id":"https:\/\/oleumhistriae.com\/de\/proizvod\/oleum-viride-ascolana-tenera-05l\/#breadcrumb","itemListElement":[{"@type":"ListItem","position":1,"name":"Home","item":"https:\/\/oleumhistriae.com\/de\/"},{"@type":"ListItem","position":2,"name":"Shop","item":"https:\/\/oleumhistriae.com\/en\/shop\/"},{"@type":"ListItem","position":3,"name":"Oleum Viride &#8211; Ascolana tenera 0,5L"}]},{"@type":"WebSite","@id":"https:\/\/oleumhistriae.com\/de\/#website","url":"https:\/\/oleumhistriae.com\/de\/","name":"Museum Olei Histriae - Pula, Istra","description":"Ku\u0107a istarskog maslinovog ulja \u2013 istarska ekstra djevi\u010danska maslinova ulja - degustacija i prodaja. Muzej maslinarstva \u2013 povijest i sada\u0161njost maslinarstva","potentialAction":[{"@type":"SearchAction","target":{"@type":"EntryPoint","urlTemplate":"https:\/\/oleumhistriae.com\/de\/?s={search_term_string}"},"query-input":{"@type":"PropertyValueSpecification","valueRequired":true,"valueName":"search_term_string"}}],"inLanguage":"de"}]}},"_links":{"self":[{"href":"https:\/\/oleumhistriae.com\/de\/wp-json\/wp\/v2\/product\/3765","targetHints":{"allow":["GET"]}}],"collection":[{"href":"https:\/\/oleumhistriae.com\/de\/wp-json\/wp\/v2\/product"}],"about":[{"href":"https:\/\/oleumhistriae.com\/de\/wp-json\/wp\/v2\/types\/product"}],"wp:featuredmedia":[{"embeddable":true,"href":"https:\/\/oleumhistriae.com\/de\/wp-json\/wp\/v2\/media\/158"}],"wp:attachment":[{"href":"https:\/\/oleumhistriae.com\/de\/wp-json\/wp\/v2\/media?parent=3765"}],"wp:term":[{"taxonomy":"product_brand","embeddable":true,"href":"https:\/\/oleumhistriae.com\/de\/wp-json\/wp\/v2\/product_brand?post=3765"},{"taxonomy":"product_cat","embeddable":true,"href":"https:\/\/oleumhistriae.com\/de\/wp-json\/wp\/v2\/product_cat?post=3765"},{"taxonomy":"product_tag","embeddable":true,"href":"https:\/\/oleumhistriae.com\/de\/wp-json\/wp\/v2\/product_tag?post=3765"}],"curies":[{"name":"wp","href":"https:\/\/api.w.org\/{rel}","templated":true}]}}